{"id":17572,"date":"2025-06-20T19:21:00","date_gmt":"2025-06-20T23:21:00","guid":{"rendered":"https:\/\/www.multicasa.com.br\/inicio\/?post_type=product&#038;p=17572"},"modified":"2025-08-17T19:14:51","modified_gmt":"2025-08-17T23:14:51","slug":"furadeira-de-impacto-black-decker-tm500k-laranja-3-8-560w-220v","status":"publish","type":"product","link":"https:\/\/www.multicasa.com.br\/inicio\/produto\/furadeira-de-impacto-black-decker-tm500k-laranja-3-8-560w-220v\/","title":{"rendered":"Furadeira de Impacto Black + Decker TM500K Laranja 3\/8 560W 220V"},"content":{"rendered":"<p>Com a Furadeira de Impacto Black + Decker TM500K voc\u00ea vai deixar seu trabalho mais r\u00e1pido na oficina ou em casa. Com rota\u00e7\u00e3o m\u00e1xima de 2800 por minuto permite furar<br \/>\nmetal, azulejo, pl\u00e1stico e madeira sem impacto. Possui trava do gatilho e 560W de pot\u00eancia podendo ser usada em superf\u00edcies de madeira e concreto. O que voc\u00ea precisa para facilitar seus trabalhos dom\u00e9sticos.<\/p>\n","protected":false},"excerpt":{"rendered":"<h4 style=\"margin: 0px;padding: 0px 0px 16px;font-family: Lato, sans-serif;font-weight: bold;line-height: 3rem;color: var(--dark-grey3);font-size: 22px;font-style: normal;letter-spacing: normal;text-align: start;text-indent: 0px;text-transform: none\">Informa\u00e7\u00f5es t\u00e9cnicas<\/h4>\n<p><span style=\"margin: 0px;padding: 0px;font-weight: 450;font-size: 14px;line-height: 21px;color: var(--dark-grey2);font-family: Lato, sans-serif;font-style: normal;letter-spacing: normal;text-align: start;text-indent: 0px;text-transform: none\">Produto: Furadeira de Impacto<br \/>\nMarca: Black + Decker<br \/>\nModelo: TM500K<br \/>\nCor: Laranja \/ Preto<br \/>\nUso indicado: Furar concreto, alvenaria e outros materiais duros<br \/>\nPot\u00eancia: 560W<br \/>\nTens\u00e3o el\u00e9trica: 220V<br \/>\nCaracter\u00edstica: 1 Velocidade<br \/>\nMandril de 3\/8&#8243; (10mm)<br \/>\nRota\u00e7\u00e3o de 2.800 RPM<br \/>\nPress\u00e3o de Impacto de 45.000 IPM<br \/>\nPossui trava do gatilho<br \/>\nItens inclusos: Furadeira de Impacto<br \/>\nGarantia: 1 ano pelo fabricante<\/span><\/p>\n","protected":false},"featured_media":17615,"template":"","meta":{"_joinchat":[]},"product_brand":[],"product_cat":[152],"product_tag":[],"class_list":{"0":"post-17572","1":"product","2":"type-product","3":"status-publish","4":"has-post-thumbnail","6":"product_cat-ferramentas-eletricas","8":"first","9":"outofstock","10":"shipping-taxable","11":"purchasable","12":"product-type-simple"},"_links":{"self":[{"href":"https:\/\/www.multicasa.com.br\/inicio\/wp-json\/wp\/v2\/product\/17572","targetHints":{"allow":["GET"]}}],"collection":[{"href":"https:\/\/www.multicasa.com.br\/inicio\/wp-json\/wp\/v2\/product"}],"about":[{"href":"https:\/\/www.multicasa.com.br\/inicio\/wp-json\/wp\/v2\/types\/product"}],"wp:featuredmedia":[{"embeddable":true,"href":"https:\/\/www.multicasa.com.br\/inicio\/wp-json\/wp\/v2\/media\/17615"}],"wp:attachment":[{"href":"https:\/\/www.multicasa.com.br\/inicio\/wp-json\/wp\/v2\/media?parent=17572"}],"wp:term":[{"taxonomy":"product_brand","embeddable":true,"href":"https:\/\/www.multicasa.com.br\/inicio\/wp-json\/wp\/v2\/product_brand?post=17572"},{"taxonomy":"product_cat","embeddable":true,"href":"https:\/\/www.multicasa.com.br\/inicio\/wp-json\/wp\/v2\/product_cat?post=17572"},{"taxonomy":"product_tag","embeddable":true,"href":"https:\/\/www.multicasa.com.br\/inicio\/wp-json\/wp\/v2\/product_tag?post=17572"}],"curies":[{"name":"wp","href":"https:\/\/api.w.org\/{rel}","templated":true}]}}