{"id":17573,"date":"2025-06-20T19:21:00","date_gmt":"2025-06-20T23:21:00","guid":{"rendered":"https:\/\/www.multicasa.com.br\/inicio\/?post_type=product&#038;p=17573"},"modified":"2025-06-20T19:21:32","modified_gmt":"2025-06-20T23:21:32","slug":"odorizador-para-pequenos-ambientes-glade-gel-toque-de-maciez-70ml","status":"publish","type":"product","link":"https:\/\/www.multicasa.com.br\/inicio\/produto\/odorizador-para-pequenos-ambientes-glade-gel-toque-de-maciez-70ml\/","title":{"rendered":"Odorizador para Pequenos Ambientes Glade Gel Toque de Maciez 70ml"},"content":{"rendered":"<p>Perfume pequenos ambientes com o aromatizante Glade Gel para pequenos espa\u00e7os. Com aroma de Toque de maciez, perfuma com a fragr\u00e2ncia suave de roupa lavada. Para usar, basta girar a tampa na intensidade de perfume que quiser liberar e permitir que combata maus odores. Use o odorizador Glade Gel para carros, para gavetas, closets, latas de lixo, arm\u00e1rios de cozinha e outros espa\u00e7os de pequenas dimens\u00f5es. Dispensa o uso de eletricidade ou pilhas. <\/p>\n","protected":false},"excerpt":{"rendered":"<h4 style=\"margin: 0px;padding: 0px 0px 16px;font-family: Lato, sans-serif;font-weight: bold;line-height: 3rem;color: var(--dark-grey3);font-size: 22px;font-style: normal;letter-spacing: normal;text-align: start;text-indent: 0px;text-transform: none\">Informa\u00e7\u00f5es t\u00e9cnicas<\/h4>\n<p><span style=\"margin: 0px;padding: 0px;font-weight: 450;font-size: 14px;line-height: 21px;color: var(--dark-grey2);font-family: Lato, sans-serif;font-style: normal;letter-spacing: normal;text-align: start;text-indent: 0px;text-transform: none\">Produto: Odorizador em gel<br \/>\nMarca: Glade<br \/>\nConte\u00fado: 70g<br \/>\nCaracter\u00edsticas: Fragr\u00e2ncia toque de maciez<br \/>\nIntensidade ajust\u00e1vel<br \/>\nItens Inclusos: 1 Odorizador em gel<br \/>\n<\/span><\/p>\n","protected":false},"featured_media":17618,"template":"","meta":{"_joinchat":[]},"product_brand":[],"product_cat":[96],"product_tag":[],"class_list":{"0":"post-17573","1":"product","2":"type-product","3":"status-publish","4":"has-post-thumbnail","6":"product_cat-limpeza-e-cia","8":"first","9":"outofstock","10":"shipping-taxable","11":"product-type-simple"},"_links":{"self":[{"href":"https:\/\/www.multicasa.com.br\/inicio\/wp-json\/wp\/v2\/product\/17573","targetHints":{"allow":["GET"]}}],"collection":[{"href":"https:\/\/www.multicasa.com.br\/inicio\/wp-json\/wp\/v2\/product"}],"about":[{"href":"https:\/\/www.multicasa.com.br\/inicio\/wp-json\/wp\/v2\/types\/product"}],"wp:featuredmedia":[{"embeddable":true,"href":"https:\/\/www.multicasa.com.br\/inicio\/wp-json\/wp\/v2\/media\/17618"}],"wp:attachment":[{"href":"https:\/\/www.multicasa.com.br\/inicio\/wp-json\/wp\/v2\/media?parent=17573"}],"wp:term":[{"taxonomy":"product_brand","embeddable":true,"href":"https:\/\/www.multicasa.com.br\/inicio\/wp-json\/wp\/v2\/product_brand?post=17573"},{"taxonomy":"product_cat","embeddable":true,"href":"https:\/\/www.multicasa.com.br\/inicio\/wp-json\/wp\/v2\/product_cat?post=17573"},{"taxonomy":"product_tag","embeddable":true,"href":"https:\/\/www.multicasa.com.br\/inicio\/wp-json\/wp\/v2\/product_tag?post=17573"}],"curies":[{"name":"wp","href":"https:\/\/api.w.org\/{rel}","templated":true}]}}