{"id":17574,"date":"2025-06-20T19:21:01","date_gmt":"2025-06-20T23:21:01","guid":{"rendered":"https:\/\/www.multicasa.com.br\/inicio\/?post_type=product&#038;p=17574"},"modified":"2026-01-29T14:20:27","modified_gmt":"2026-01-29T18:20:27","slug":"saco-de-lixo-reforcado-preto-110l-embalixo-25-unidades","status":"publish","type":"product","link":"https:\/\/www.multicasa.com.br\/inicio\/produto\/saco-de-lixo-reforcado-preto-110l-embalixo-25-unidades\/","title":{"rendered":"Saco de Lixo Refor\u00e7ado Preto 110L Embalixo 25 unidades"},"content":{"rendered":"<p>O Saco de Lixo Embalixo vem com 25 sacos do tamanho de 90cm x 1m. Vem na vers\u00e3o refor\u00e7ado profissional, muito mais resistente. Saco na cor preta, tamanho de 110 litros para lixeiras maiores. Ideal para utiliza\u00e7\u00e3o em condom\u00ednios, hot\u00e9is, restaurantes, lanchonetes, constru\u00e7\u00f5es, ind\u00fastrias e com\u00e9rcios em geral.<\/p>\n","protected":false},"excerpt":{"rendered":"<h4 style=\"margin: 0px;padding: 0px 0px 16px;font-family: Lato, sans-serif;font-weight: bold;line-height: 3rem;color: var(--dark-grey3);font-size: 22px;font-style: normal;letter-spacing: normal;text-align: start;text-indent: 0px;text-transform: none\">Informa\u00e7\u00f5es t\u00e9cnicas<\/h4>\n<p><span style=\"margin: 0px;padding: 0px;font-weight: 450;font-size: 14px;line-height: 21px;color: var(--dark-grey2);font-family: Lato, sans-serif;font-style: normal;letter-spacing: normal;text-align: start;text-indent: 0px;text-transform: none\">Produto: Saco de lixo<br \/>\nMarca: Embalixo<br \/>\nMaterial: Pl\u00e1stico<br \/>\nCor: Preto<br \/>\nCapacidade: 110L<br \/>\nCaracter\u00edsticas: Profissional refor\u00e7ado<br \/>\nItens Inclusos: 25 sacos de lixo<br \/>\nDimens\u00f5es do produto (A x L x P): 2 x 5 x 10cm                                                                                                          Peso: 1kg<\/span><\/p>\n","protected":false},"featured_media":17619,"template":"","meta":{"_joinchat":[]},"product_brand":[],"product_cat":[96],"product_tag":[],"class_list":{"0":"post-17574","1":"product","2":"type-product","3":"status-publish","4":"has-post-thumbnail","6":"product_cat-limpeza-e-cia","8":"first","9":"instock","10":"shipping-taxable","11":"purchasable","12":"product-type-simple"},"_links":{"self":[{"href":"https:\/\/www.multicasa.com.br\/inicio\/wp-json\/wp\/v2\/product\/17574","targetHints":{"allow":["GET"]}}],"collection":[{"href":"https:\/\/www.multicasa.com.br\/inicio\/wp-json\/wp\/v2\/product"}],"about":[{"href":"https:\/\/www.multicasa.com.br\/inicio\/wp-json\/wp\/v2\/types\/product"}],"wp:featuredmedia":[{"embeddable":true,"href":"https:\/\/www.multicasa.com.br\/inicio\/wp-json\/wp\/v2\/media\/17619"}],"wp:attachment":[{"href":"https:\/\/www.multicasa.com.br\/inicio\/wp-json\/wp\/v2\/media?parent=17574"}],"wp:term":[{"taxonomy":"product_brand","embeddable":true,"href":"https:\/\/www.multicasa.com.br\/inicio\/wp-json\/wp\/v2\/product_brand?post=17574"},{"taxonomy":"product_cat","embeddable":true,"href":"https:\/\/www.multicasa.com.br\/inicio\/wp-json\/wp\/v2\/product_cat?post=17574"},{"taxonomy":"product_tag","embeddable":true,"href":"https:\/\/www.multicasa.com.br\/inicio\/wp-json\/wp\/v2\/product_tag?post=17574"}],"curies":[{"name":"wp","href":"https:\/\/api.w.org\/{rel}","templated":true}]}}