{"id":17575,"date":"2025-06-20T19:21:01","date_gmt":"2025-06-20T23:21:01","guid":{"rendered":"https:\/\/www.multicasa.com.br\/inicio\/?post_type=product&#038;p=17575"},"modified":"2026-03-26T10:20:17","modified_gmt":"2026-03-26T14:20:17","slug":"emenda-hdmi-femea-x-femea-connect","status":"publish","type":"product","link":"https:\/\/www.multicasa.com.br\/inicio\/produto\/emenda-hdmi-femea-x-femea-connect\/","title":{"rendered":"Emenda HDMI F\u00eamea X F\u00eamea Connect"},"content":{"rendered":"<p>A Emenda HDMI F\u00eamea x F\u00eamea Connect \u00e9 um acess\u00f3rio indispens\u00e1vel para quem gosta de assistir v\u00eddeos, visualizar fotos e trabalhar com o seu tablet direto na tela da tv. Compat\u00edvel com cabos 1.4 e 2.0, \u00e9 folheado a ouro proporcionando um melhor desempenho. Seu sistema \u00e9 plug and play, ou seja, conectar e usar, possui um canal de retorno de \u00e1udio e resolu\u00e7\u00e3o de 1080P ou superior.<\/p>\n","protected":false},"excerpt":{"rendered":"<h4 style=\"margin: 0px;padding: 0px 0px 16px;font-family: Lato, sans-serif;font-weight: bold;line-height: 3rem;color: var(--dark-grey3);font-size: 22px;font-style: normal;letter-spacing: normal;text-align: start;text-indent: 0px;text-transform: none\">Informa\u00e7\u00f5es t\u00e9cnicas<\/h4>\n<p><span style=\"margin: 0px;padding: 0px;font-weight: 450;font-size: 14px;line-height: 21px;color: var(--dark-grey2);font-family: Lato, sans-serif;font-style: normal;letter-spacing: normal;text-align: start;text-indent: 0px;text-transform: none\">Produto: Emenda HDMI<br \/>\nMarca: Connect<br \/>\nMaterial: Folheado a ouro<br \/>\nCor: Preto<br \/>\nVers\u00f5es compat\u00edveis: 1.4 e 2.0<br \/>\nCaracter\u00edsticas: Emenda F HDMI para F HDMI de alta velocidade<br \/>\nCanal de retorno de \u00e1udio<br \/>\nResolu\u00e7\u00e3o de 1080P e superior<br \/>\nHDMI f\u00eamea x HDMI f\u00eamea<br \/>\nPlug &amp; play<br \/>\nItens inclusos: 1 Emenda Jack<br \/>\n<\/span><\/p>\n","protected":false},"featured_media":17620,"template":"","meta":{"_joinchat":[]},"product_brand":[],"product_cat":[130],"product_tag":[],"class_list":{"0":"post-17575","1":"product","2":"type-product","3":"status-publish","4":"has-post-thumbnail","6":"product_cat-informatica","8":"first","9":"instock","10":"shipping-taxable","11":"purchasable","12":"product-type-simple"},"_links":{"self":[{"href":"https:\/\/www.multicasa.com.br\/inicio\/wp-json\/wp\/v2\/product\/17575","targetHints":{"allow":["GET"]}}],"collection":[{"href":"https:\/\/www.multicasa.com.br\/inicio\/wp-json\/wp\/v2\/product"}],"about":[{"href":"https:\/\/www.multicasa.com.br\/inicio\/wp-json\/wp\/v2\/types\/product"}],"wp:featuredmedia":[{"embeddable":true,"href":"https:\/\/www.multicasa.com.br\/inicio\/wp-json\/wp\/v2\/media\/17620"}],"wp:attachment":[{"href":"https:\/\/www.multicasa.com.br\/inicio\/wp-json\/wp\/v2\/media?parent=17575"}],"wp:term":[{"taxonomy":"product_brand","embeddable":true,"href":"https:\/\/www.multicasa.com.br\/inicio\/wp-json\/wp\/v2\/product_brand?post=17575"},{"taxonomy":"product_cat","embeddable":true,"href":"https:\/\/www.multicasa.com.br\/inicio\/wp-json\/wp\/v2\/product_cat?post=17575"},{"taxonomy":"product_tag","embeddable":true,"href":"https:\/\/www.multicasa.com.br\/inicio\/wp-json\/wp\/v2\/product_tag?post=17575"}],"curies":[{"name":"wp","href":"https:\/\/api.w.org\/{rel}","templated":true}]}}