{"id":17595,"date":"2025-06-20T19:21:22","date_gmt":"2025-06-20T23:21:22","guid":{"rendered":"https:\/\/www.multicasa.com.br\/inicio\/?post_type=product&#038;p=17595"},"modified":"2025-08-16T17:46:36","modified_gmt":"2025-08-16T21:46:36","slug":"conector-modular-rj45-8x8-connect-10-unidades","status":"publish","type":"product","link":"https:\/\/www.multicasa.com.br\/inicio\/produto\/conector-modular-rj45-8x8-connect-10-unidades\/","title":{"rendered":"Conector Modular RJ45 8&#215;8 Connect 10 Unidades"},"content":{"rendered":"<p>O Conector Modular RJ45 8&#215;8 Connect \u00e9 fabricado em metal e pl\u00e1stico e \u00e9 usado em sistemas de cabeamento telef\u00f4nicos e tr\u00e1fegos de dados e imagens como modens e roteadores, segundo requisitos da norma ANSI\/TIA\/EIA-568B.2. Conta com 10 unidades para cabeamento horizontal ou secund\u00e1rio, em pontos de acesso na \u00e1rea de trabalho.<\/p>\n","protected":false},"excerpt":{"rendered":"<h4 style=\"margin: 0px;padding: 0px 0px 16px;font-family: Lato, sans-serif;font-weight: bold;line-height: 3rem;color: var(--dark-grey3);font-size: 22px;font-style: normal;letter-spacing: normal;text-align: start;text-indent: 0px;text-transform: none\">Informa\u00e7\u00f5es t\u00e9cnicas<\/h4>\n<p><span style=\"margin: 0px;padding: 0px;font-weight: 450;font-size: 14px;line-height: 21px;color: var(--dark-grey2);font-family: Lato, sans-serif;font-style: normal;letter-spacing: normal;text-align: start;text-indent: 0px;text-transform: none\">Produto: Plug<br \/>\nMarca: Connect<br \/>\nModelo: RJ45<br \/>\nMaterial: Metal<br \/>\nPl\u00e1stico<br \/>\nAcabamento: 50 microns banho de ouro<br \/>\n100 microns banho de prata<br \/>\nCaracter\u00edsticas: Transparente<br \/>\nM\u00e1ximo 250v a\/c a 2 amperes<br \/>\nDiel\u00e9trico 500 v ac<br \/>\nResist\u00eancia isolada de 500 megaohms<br \/>\nResist\u00eancia terminal de 35 megaohms<br \/>\nFor\u00e7a de tens\u00e3o cabo-plug de 20lbs (89n) minuto<br \/>\nDurabilidade de 500 ciclos de conex\u00e3o<br \/>\nItens Inclusos: 10 Plugs<br \/>\nDimens\u00f5es do produto (A X L): 8 x 8cm<br \/>\n<\/span><\/p>\n","protected":false},"featured_media":17626,"template":"","meta":{"_joinchat":[]},"product_brand":[],"product_cat":[130],"product_tag":[],"class_list":{"0":"post-17595","1":"product","2":"type-product","3":"status-publish","4":"has-post-thumbnail","6":"product_cat-informatica","8":"first","9":"outofstock","10":"shipping-taxable","11":"product-type-simple"},"_links":{"self":[{"href":"https:\/\/www.multicasa.com.br\/inicio\/wp-json\/wp\/v2\/product\/17595","targetHints":{"allow":["GET"]}}],"collection":[{"href":"https:\/\/www.multicasa.com.br\/inicio\/wp-json\/wp\/v2\/product"}],"about":[{"href":"https:\/\/www.multicasa.com.br\/inicio\/wp-json\/wp\/v2\/types\/product"}],"wp:featuredmedia":[{"embeddable":true,"href":"https:\/\/www.multicasa.com.br\/inicio\/wp-json\/wp\/v2\/media\/17626"}],"wp:attachment":[{"href":"https:\/\/www.multicasa.com.br\/inicio\/wp-json\/wp\/v2\/media?parent=17595"}],"wp:term":[{"taxonomy":"product_brand","embeddable":true,"href":"https:\/\/www.multicasa.com.br\/inicio\/wp-json\/wp\/v2\/product_brand?post=17595"},{"taxonomy":"product_cat","embeddable":true,"href":"https:\/\/www.multicasa.com.br\/inicio\/wp-json\/wp\/v2\/product_cat?post=17595"},{"taxonomy":"product_tag","embeddable":true,"href":"https:\/\/www.multicasa.com.br\/inicio\/wp-json\/wp\/v2\/product_tag?post=17595"}],"curies":[{"name":"wp","href":"https:\/\/api.w.org\/{rel}","templated":true}]}}