{"id":17597,"date":"2025-06-20T19:21:22","date_gmt":"2025-06-20T23:21:22","guid":{"rendered":"https:\/\/www.multicasa.com.br\/inicio\/?post_type=product&#038;p=17597"},"modified":"2025-09-08T15:34:48","modified_gmt":"2025-09-08T19:34:48","slug":"bacia-hydrus-de-plastico-incolor-sanremo-275l","status":"publish","type":"product","link":"https:\/\/www.multicasa.com.br\/inicio\/produto\/bacia-hydrus-de-plastico-incolor-sanremo-275l\/","title":{"rendered":"Bacia Hydrus de Pl\u00e1stico Incolor Sanremo 27,5L"},"content":{"rendered":"<p>A Bacia Hydrus de Pl\u00e1stico da Sanremo faz parte dos utens\u00edlios de lavanderia da marca super resistentes e pr\u00e1ticos. Com bico direcionador de \u00e1gua e escala medidora, auxilia nas tarefas de limpeza, enquanto sua pega anat\u00f4mica garante seguran\u00e7a durante sua utiliza\u00e7\u00e3o. Incolor, tem capacidade m\u00e1xima de at\u00e9 27,5 litros. Aliada na hora da faxina pesada e para lavar roupas de cama e banho.<\/p>\n","protected":false},"excerpt":{"rendered":"<h4 style=\"margin: 0px;padding: 0px 0px 16px;font-family: Lato, sans-serif;font-weight: bold;line-height: 3rem;color: var(--dark-grey3);font-size: 22px;font-style: normal;letter-spacing: normal;text-align: start;text-indent: 0px;text-transform: none\">Informa\u00e7\u00f5es t\u00e9cnicas<\/h4>\n<p><span style=\"margin: 0px;padding: 0px;font-weight: 450;font-size: 14px;line-height: 21px;color: var(--dark-grey2);font-family: Lato, sans-serif;font-style: normal;letter-spacing: normal;text-align: start;text-indent: 0px;text-transform: none\">Produto: Bacia Hydrus<br \/>\nMarca: Sanremo<br \/>\nMaterial: Pl\u00e1stico<br \/>\nCor: Incolor<br \/>\nCapacidade: 27,5L<br \/>\nItens Inclusos: Bacia Hydrus<br \/>\nDimens\u00f5es do produto (A x L x P): 22,1 x 55,6 x 55,6cm<br \/>\n<\/span><\/p>\n","protected":false},"featured_media":17643,"template":"","meta":{"_joinchat":[]},"product_brand":[],"product_cat":[96],"product_tag":[],"class_list":{"0":"post-17597","1":"product","2":"type-product","3":"status-publish","4":"has-post-thumbnail","6":"product_cat-limpeza-e-cia","8":"first","9":"instock","10":"shipping-taxable","11":"purchasable","12":"product-type-simple"},"_links":{"self":[{"href":"https:\/\/www.multicasa.com.br\/inicio\/wp-json\/wp\/v2\/product\/17597","targetHints":{"allow":["GET"]}}],"collection":[{"href":"https:\/\/www.multicasa.com.br\/inicio\/wp-json\/wp\/v2\/product"}],"about":[{"href":"https:\/\/www.multicasa.com.br\/inicio\/wp-json\/wp\/v2\/types\/product"}],"wp:featuredmedia":[{"embeddable":true,"href":"https:\/\/www.multicasa.com.br\/inicio\/wp-json\/wp\/v2\/media\/17643"}],"wp:attachment":[{"href":"https:\/\/www.multicasa.com.br\/inicio\/wp-json\/wp\/v2\/media?parent=17597"}],"wp:term":[{"taxonomy":"product_brand","embeddable":true,"href":"https:\/\/www.multicasa.com.br\/inicio\/wp-json\/wp\/v2\/product_brand?post=17597"},{"taxonomy":"product_cat","embeddable":true,"href":"https:\/\/www.multicasa.com.br\/inicio\/wp-json\/wp\/v2\/product_cat?post=17597"},{"taxonomy":"product_tag","embeddable":true,"href":"https:\/\/www.multicasa.com.br\/inicio\/wp-json\/wp\/v2\/product_tag?post=17597"}],"curies":[{"name":"wp","href":"https:\/\/api.w.org\/{rel}","templated":true}]}}