{"id":17603,"date":"2025-06-20T19:21:23","date_gmt":"2025-06-20T23:21:23","guid":{"rendered":"https:\/\/www.multicasa.com.br\/inicio\/?post_type=product&#038;p=17603"},"modified":"2025-06-20T19:21:59","modified_gmt":"2025-06-20T23:21:59","slug":"alvejante-de-roupas-branqueato-tio-bonato-1-kg","status":"publish","type":"product","link":"https:\/\/www.multicasa.com.br\/inicio\/produto\/alvejante-de-roupas-branqueato-tio-bonato-1-kg\/","title":{"rendered":"Alvejante de Roupas Branqueato Tio Bonato 1 kg"},"content":{"rendered":"<p>Use o Alvejante de Roupas Branqueato da Tio Bonato para facilitar a sua vida na hora de remover manchas e odores dif\u00edceis nas suas roupas. O alvejante Branqueato possui fun\u00e7\u00e3o de amaciante e limpador que real\u00e7a as cores dos tecidos coloridos e deixa o branco ainda mais branco. O branqueador de roupas da Tio Bonato potencializa o poder do sab\u00e3o em p\u00f3 sem agredir suas m\u00e3os, pele e mucosa. Basta aplicar 1\/2 copo para cada 5 kg de roupas na m\u00e1quina diretamente na \u00e1gua e deix\u00e1-la completar o ciclo de lavagem. Use o alvejante e branqueador de roupas para deixar suas pe\u00e7as sempre bonitas como novas. Embalagem de 1 kg.<\/p>\n","protected":false},"excerpt":{"rendered":"<h4 style=\"margin: 0px;padding: 0px 0px 16px;font-family: Lato, sans-serif;font-weight: bold;line-height: 3rem;color: var(--dark-grey3);font-size: 22px;font-style: normal;letter-spacing: normal;text-align: start;text-indent: 0px;text-transform: none\">Informa\u00e7\u00f5es t\u00e9cnicas<\/h4>\n<p><span style=\"margin: 0px;padding: 0px;font-weight: 450;font-size: 14px;line-height: 21px;color: var(--dark-grey2);font-family: Lato, sans-serif;font-style: normal;letter-spacing: normal;text-align: start;text-indent: 0px;text-transform: none\">Produto: Alvejante de Roupas Branqueato<br \/>\nMarca: Tio Bonato<br \/>\nConte\u00fado: 1kg<br \/>\nCaracter\u00edsticas: Aumenta a pot\u00eancia do sab\u00e3o em p\u00f3, retira manchas, retira odores dif\u00edceis real\u00e7a a cor de tecidos coloridos, deixa os tecidos brancos mais brancos, mant\u00e9m a m\u00e1quina de lavar roupas limpas.<br \/>\nItens Inclusos: 1 Alvejante de roupas branqueato<br \/>\nDimens\u00f5es do produto (A x L x P): 18 x 9cm<\/span><\/p>\n","protected":false},"featured_media":17650,"template":"","meta":{"_joinchat":[]},"product_brand":[],"product_cat":[95],"product_tag":[],"class_list":{"0":"post-17603","1":"product","2":"type-product","3":"status-publish","4":"has-post-thumbnail","6":"product_cat-lavanderia","8":"first","9":"outofstock","10":"shipping-taxable","11":"product-type-simple"},"_links":{"self":[{"href":"https:\/\/www.multicasa.com.br\/inicio\/wp-json\/wp\/v2\/product\/17603","targetHints":{"allow":["GET"]}}],"collection":[{"href":"https:\/\/www.multicasa.com.br\/inicio\/wp-json\/wp\/v2\/product"}],"about":[{"href":"https:\/\/www.multicasa.com.br\/inicio\/wp-json\/wp\/v2\/types\/product"}],"wp:featuredmedia":[{"embeddable":true,"href":"https:\/\/www.multicasa.com.br\/inicio\/wp-json\/wp\/v2\/media\/17650"}],"wp:attachment":[{"href":"https:\/\/www.multicasa.com.br\/inicio\/wp-json\/wp\/v2\/media?parent=17603"}],"wp:term":[{"taxonomy":"product_brand","embeddable":true,"href":"https:\/\/www.multicasa.com.br\/inicio\/wp-json\/wp\/v2\/product_brand?post=17603"},{"taxonomy":"product_cat","embeddable":true,"href":"https:\/\/www.multicasa.com.br\/inicio\/wp-json\/wp\/v2\/product_cat?post=17603"},{"taxonomy":"product_tag","embeddable":true,"href":"https:\/\/www.multicasa.com.br\/inicio\/wp-json\/wp\/v2\/product_tag?post=17603"}],"curies":[{"name":"wp","href":"https:\/\/api.w.org\/{rel}","templated":true}]}}