{"id":17604,"date":"2025-06-20T19:21:23","date_gmt":"2025-06-20T23:21:23","guid":{"rendered":"https:\/\/www.multicasa.com.br\/inicio\/?post_type=product&#038;p=17604"},"modified":"2025-08-17T19:00:18","modified_gmt":"2025-08-17T23:00:18","slug":"kit-de-ponta-bits-para-parafusar-stanley-17-pecas","status":"publish","type":"product","link":"https:\/\/www.multicasa.com.br\/inicio\/produto\/kit-de-ponta-bits-para-parafusar-stanley-17-pecas\/","title":{"rendered":"Kit de Ponta Bits para Parafusar Stanley 17 pe\u00e7as"},"content":{"rendered":"<p>Com o Kit ponta bits para parafusar Stanley voc\u00ea tem uma \u00f3tima solu\u00e7\u00e3o com servi\u00e7os que exijam apertar e desapertar parafusos. Com pontas: fenda reta, philips, Torx, pozidriv, Allen e Slotted voc\u00ea tem em m\u00e3os muitas possibilidades.Com extensor e duas posi\u00e7\u00f5es de chave para facilitar o parafusamento. Acompanha soquete magn\u00e9tico e estojo pl\u00e1stico. Tudo que voc\u00ea precisa na palma da m\u00e3o.<\/p>\n","protected":false},"excerpt":{"rendered":"<h4 style=\"margin: 0px;padding: 0px 0px 16px;font-family: Lato, sans-serif;font-weight: bold;line-height: 3rem;color: var(--dark-grey3);font-size: 22px;font-style: normal;letter-spacing: normal;text-align: start;text-indent: 0px;text-transform: none\">Informa\u00e7\u00f5es t\u00e9cnicas<\/h4>\n<p><span style=\"margin: 0px;padding: 0px;font-weight: 450;font-size: 14px;line-height: 21px;color: var(--dark-grey2);font-family: Lato, sans-serif;font-style: normal;letter-spacing: normal;text-align: start;text-indent: 0px;text-transform: none\">Produto: Kit de pontas<br \/>\nTipo: Chaves<br \/>\nMarca: Stanley<br \/>\nMaterial: A\u00e7o cromo van\u00e1dio<br \/>\nCor: Amarelo e preto<br \/>\nQuanridade de pe\u00e7as: 17<br \/>\nItens Inclusos: 1 Ponta T10<br \/>\n1 Ponta T15<br \/>\n1 Ponta T20<br \/>\n1 Ponta T25<br \/>\n1 Ponta T30<br \/>\n1 Ponta H3<br \/>\n1 Ponta H4<br \/>\n1 Ponta H5<br \/>\n1 Ponta SL4<br \/>\n1 Ponta SL6<br \/>\n1 Ponta PH1<br \/>\n1 Ponta PH3<br \/>\n1 Ponta PZ1<br \/>\n1 Ponta PZ2<br \/>\n1 Ponta PZ3<br \/>\n1 soquete magn\u00e9tico<br \/>\n1 Estojo<br \/>\nDimens\u00f5es do produto (A X L X P): 3 x 12 x 4cm<br \/>\n<\/span><\/p>\n","protected":false},"featured_media":17652,"template":"","meta":{"_joinchat":[]},"product_brand":[],"product_cat":[152],"product_tag":[],"class_list":{"0":"post-17604","1":"product","2":"type-product","3":"status-publish","4":"has-post-thumbnail","6":"product_cat-ferramentas-eletricas","8":"first","9":"outofstock","10":"shipping-taxable","11":"purchasable","12":"product-type-simple"},"_links":{"self":[{"href":"https:\/\/www.multicasa.com.br\/inicio\/wp-json\/wp\/v2\/product\/17604","targetHints":{"allow":["GET"]}}],"collection":[{"href":"https:\/\/www.multicasa.com.br\/inicio\/wp-json\/wp\/v2\/product"}],"about":[{"href":"https:\/\/www.multicasa.com.br\/inicio\/wp-json\/wp\/v2\/types\/product"}],"wp:featuredmedia":[{"embeddable":true,"href":"https:\/\/www.multicasa.com.br\/inicio\/wp-json\/wp\/v2\/media\/17652"}],"wp:attachment":[{"href":"https:\/\/www.multicasa.com.br\/inicio\/wp-json\/wp\/v2\/media?parent=17604"}],"wp:term":[{"taxonomy":"product_brand","embeddable":true,"href":"https:\/\/www.multicasa.com.br\/inicio\/wp-json\/wp\/v2\/product_brand?post=17604"},{"taxonomy":"product_cat","embeddable":true,"href":"https:\/\/www.multicasa.com.br\/inicio\/wp-json\/wp\/v2\/product_cat?post=17604"},{"taxonomy":"product_tag","embeddable":true,"href":"https:\/\/www.multicasa.com.br\/inicio\/wp-json\/wp\/v2\/product_tag?post=17604"}],"curies":[{"name":"wp","href":"https:\/\/api.w.org\/{rel}","templated":true}]}}