{"id":17609,"date":"2025-06-20T19:21:24","date_gmt":"2025-06-20T23:21:24","guid":{"rendered":"https:\/\/www.multicasa.com.br\/inicio\/?post_type=product&#038;p=17609"},"modified":"2025-06-20T19:22:18","modified_gmt":"2025-06-20T23:22:18","slug":"kit-cortador-de-unhas-pes-e-maos-mosquetao-com-estojo-unhex","status":"publish","type":"product","link":"https:\/\/www.multicasa.com.br\/inicio\/produto\/kit-cortador-de-unhas-pes-e-maos-mosquetao-com-estojo-unhex\/","title":{"rendered":"Kit Cortador de Unhas P\u00e9s e M\u00e3os + Mosquet\u00e3o com Estojo Unhex"},"content":{"rendered":"<p>Kit Cortador de Unhas para P\u00e9s e M\u00e3os Unhex, ideal para se levar na mochila, na bolsa ou na mala. O Kit vem no estojo e cont\u00e9m 1 cortador de unhas para m\u00e3os, 1 cortador de unhas para p\u00e9s e 1 mosquet\u00e3o. A higiene \u00e9 garantida, pois o estojo mantem os cortadores protegidos de sujeiras, al\u00e9m de serem pr\u00e1ticos, por seu tamanho compacto e pelo mosquet\u00e3o, que permite pendurar em compartimentos ou chaveiros.<\/p>\n","protected":false},"excerpt":{"rendered":"<h4 style=\"margin: 0px;padding: 0px 0px 16px;font-family: Lato, sans-serif;font-weight: bold;line-height: 3rem;color: var(--dark-grey3);font-size: 22px;font-style: normal;letter-spacing: normal;text-align: start;text-indent: 0px;text-transform: none\">Informa\u00e7\u00f5es t\u00e9cnicas<\/h4>\n<p><span style=\"margin: 0px;padding: 0px;font-weight: 450;font-size: 14px;line-height: 21px;color: var(--dark-grey2);font-family: Lato, sans-serif;font-style: normal;letter-spacing: normal;text-align: start;text-indent: 0px;text-transform: none\"><br \/>\nProduto: Kit Cortador de unha<br \/>\nMarca: Merheje<br \/>\nMaterial: A\u00e7o<br \/>\nPolipropileno<br \/>\nAlum\u00ednio<br \/>\nCor: Preto, laranja e verde<br \/>\nCaracter\u00edsticas: Permite pendurar em compartimento ou chaveiros<br \/>\nQuantidade de pe\u00e7as: 4<br \/>\nItens Inclusos: 1 Cortador de unha para m\u00e3os<br \/>\n1 Cortador de unha para p\u00e9s<br \/>\n1 mosquet\u00e3o<br \/>\n1 Estojo<br \/>\nDimens\u00f5es do produto (A X L): 16,5 x 12,5cm<\/span><\/p>\n","protected":false},"featured_media":17672,"template":"","meta":{"_joinchat":[]},"product_brand":[],"product_cat":[101],"product_tag":[],"class_list":{"0":"post-17609","1":"product","2":"type-product","3":"status-publish","4":"has-post-thumbnail","6":"product_cat-cuidados-pessoais","8":"first","9":"outofstock","10":"shipping-taxable","11":"product-type-simple"},"_links":{"self":[{"href":"https:\/\/www.multicasa.com.br\/inicio\/wp-json\/wp\/v2\/product\/17609","targetHints":{"allow":["GET"]}}],"collection":[{"href":"https:\/\/www.multicasa.com.br\/inicio\/wp-json\/wp\/v2\/product"}],"about":[{"href":"https:\/\/www.multicasa.com.br\/inicio\/wp-json\/wp\/v2\/types\/product"}],"wp:featuredmedia":[{"embeddable":true,"href":"https:\/\/www.multicasa.com.br\/inicio\/wp-json\/wp\/v2\/media\/17672"}],"wp:attachment":[{"href":"https:\/\/www.multicasa.com.br\/inicio\/wp-json\/wp\/v2\/media?parent=17609"}],"wp:term":[{"taxonomy":"product_brand","embeddable":true,"href":"https:\/\/www.multicasa.com.br\/inicio\/wp-json\/wp\/v2\/product_brand?post=17609"},{"taxonomy":"product_cat","embeddable":true,"href":"https:\/\/www.multicasa.com.br\/inicio\/wp-json\/wp\/v2\/product_cat?post=17609"},{"taxonomy":"product_tag","embeddable":true,"href":"https:\/\/www.multicasa.com.br\/inicio\/wp-json\/wp\/v2\/product_tag?post=17609"}],"curies":[{"name":"wp","href":"https:\/\/api.w.org\/{rel}","templated":true}]}}