{"id":17611,"date":"2025-06-20T19:21:24","date_gmt":"2025-06-20T23:21:24","guid":{"rendered":"https:\/\/www.multicasa.com.br\/inicio\/?post_type=product&#038;p=17611"},"modified":"2025-06-23T09:50:43","modified_gmt":"2025-06-23T13:50:43","slug":"balanca-portatil-digital-para-ate-50kg-geoanv","status":"publish","type":"product","link":"https:\/\/www.multicasa.com.br\/inicio\/produto\/balanca-portatil-digital-para-ate-50kg-geoanv\/","title":{"rendered":"Balan\u00e7a Port\u00e1til Digital para at\u00e9 50kg Geoanv"},"content":{"rendered":"<p>Compacta e leve, a balan\u00e7a port\u00e1til digital da Geonav pesa bagagens e objetos com at\u00e9 50kg. Ideal para levar em viagens, pesca e outras ocasi\u00f5es, mede em quilos, gramas, libras e on\u00e7as. Funciona com bateria CR2032 e pode ser usada para pesar bagagens de m\u00e3o e at\u00e9 mesmo despachadas. Feita de policarbonato, \u00e9 resistente e \u00fatil para ajudar na organiza\u00e7\u00e3o de qualquer passeio.<\/p>\n","protected":false},"excerpt":{"rendered":"<h4 style=\"margin: 0px;padding: 0px 0px 16px;font-family: Lato, sans-serif;font-weight: bold;line-height: 3rem;color: var(--dark-grey3);font-size: 22px;font-style: normal;letter-spacing: normal;text-align: start;text-indent: 0px;text-transform: none\">Informa\u00e7\u00f5es t\u00e9cnicas<\/h4>\n<p><span style=\"margin: 0px;padding: 0px;font-weight: 450;font-size: 14px;line-height: 21px;color: var(--dark-grey2);font-family: Lato, sans-serif;font-style: normal;letter-spacing: normal;text-align: start;text-indent: 0px;text-transform: none\">Produto: Balan\u00e7a Port\u00e1til<br \/>\nTipo: Digital<br \/>\nMarca: Geonav<br \/>\nModelo: TLBA02<br \/>\nMaterial: Policarbonato<br \/>\nCor: Preto, prata<br \/>\nAlimenta\u00e7\u00e3o: Bateria CR2032<br \/>\nCaracter\u00edsticas: Suporta at\u00e9 50Kg<br \/>\nPossui quatro medidas &#8211; Quilograma\/Grama\/Libras\/On\u00e7as<br \/>\nItens inclusos: 1 Balan\u00e7a Port\u00e1til<br \/>\nDimens\u00f5es do produto (A X L): 14 x 3,5 x 2cm<br \/>\n<\/span><\/p>\n","protected":false},"featured_media":24656,"template":"","meta":{"_joinchat":[]},"product_brand":[],"product_cat":[101],"product_tag":[],"class_list":{"0":"post-17611","1":"product","2":"type-product","3":"status-publish","4":"has-post-thumbnail","6":"product_cat-cuidados-pessoais","8":"first","9":"outofstock","10":"shipping-taxable","11":"product-type-simple"},"_links":{"self":[{"href":"https:\/\/www.multicasa.com.br\/inicio\/wp-json\/wp\/v2\/product\/17611","targetHints":{"allow":["GET"]}}],"collection":[{"href":"https:\/\/www.multicasa.com.br\/inicio\/wp-json\/wp\/v2\/product"}],"about":[{"href":"https:\/\/www.multicasa.com.br\/inicio\/wp-json\/wp\/v2\/types\/product"}],"wp:featuredmedia":[{"embeddable":true,"href":"https:\/\/www.multicasa.com.br\/inicio\/wp-json\/wp\/v2\/media\/24656"}],"wp:attachment":[{"href":"https:\/\/www.multicasa.com.br\/inicio\/wp-json\/wp\/v2\/media?parent=17611"}],"wp:term":[{"taxonomy":"product_brand","embeddable":true,"href":"https:\/\/www.multicasa.com.br\/inicio\/wp-json\/wp\/v2\/product_brand?post=17611"},{"taxonomy":"product_cat","embeddable":true,"href":"https:\/\/www.multicasa.com.br\/inicio\/wp-json\/wp\/v2\/product_cat?post=17611"},{"taxonomy":"product_tag","embeddable":true,"href":"https:\/\/www.multicasa.com.br\/inicio\/wp-json\/wp\/v2\/product_tag?post=17611"}],"curies":[{"name":"wp","href":"https:\/\/api.w.org\/{rel}","templated":true}]}}