{"id":17629,"date":"2025-06-20T19:21:45","date_gmt":"2025-06-20T23:21:45","guid":{"rendered":"https:\/\/www.multicasa.com.br\/inicio\/?post_type=product&#038;p=17629"},"modified":"2025-06-20T19:22:22","modified_gmt":"2025-06-20T23:22:22","slug":"cabo-para-transferencia-de-carga-naveg-25m-400a","status":"publish","type":"product","link":"https:\/\/www.multicasa.com.br\/inicio\/produto\/cabo-para-transferencia-de-carga-naveg-25m-400a\/","title":{"rendered":"Cabo para Transfer\u00eancia de Carga Naveg 2,5m &#8211; 400A"},"content":{"rendered":"<p>Chega de passar perrengues no carro. Tenha com voc\u00ea o cabo para transfer\u00eancia de carga Naveg e resolva situa\u00e7\u00f5es de emerg\u00eancia. Feito de PVC e cobre, pode ser usado em todos os ve\u00edculos. Com 400a e 2,5 metros, o cabo para chupeta deve ser especificamente usado para baterias de autom\u00f3veis. Resolva qualquer imprevisto com seguran\u00e7a e efici\u00eancia.<\/p>\n","protected":false},"excerpt":{"rendered":"<h4 style=\"margin: 0px;padding: 0px 0px 16px;font-family: Lato, sans-serif;font-weight: bold;line-height: 3rem;color: var(--dark-grey3);font-size: 22px;font-style: normal;letter-spacing: normal;text-align: start;text-indent: 0px;text-transform: none\">Informa\u00e7\u00f5es t\u00e9cnicas<\/h4>\n<p><span style=\"margin: 0px;padding: 0px;font-weight: 450;font-size: 14px;line-height: 21px;color: var(--dark-grey2);font-family: Lato, sans-serif;font-style: normal;letter-spacing: normal;text-align: start;text-indent: 0px;text-transform: none\">Produto: Cabo para transfer\u00eancia<br \/>\nMarca: Naveg<br \/>\nMaterial: PVC<br \/>\nCobre<br \/>\nCor: Vermelho, Preto<br \/>\nCaracter\u00edsticas: 400 amperes<br \/>\nIsolamento do cabo 80v<br \/>\nO cabo de transfer\u00eancia \u00e9 aplicado apenas em aparelhos de baixa tens\u00e3o<br \/>\nDever\u00e1 ser utilizado especificamente para bateria de carro<br \/>\nItens inclusos: 1 Cabo para transfer\u00eancia<br \/>\nDimens\u00f5es do produto (L): 250cm<br \/>\n<\/span><\/p>\n","protected":false},"featured_media":17679,"template":"","meta":{"_joinchat":[]},"product_brand":[],"product_cat":[142],"product_tag":[],"class_list":{"0":"post-17629","1":"product","2":"type-product","3":"status-publish","4":"has-post-thumbnail","6":"product_cat-utilidades-para-automoveis","8":"first","9":"outofstock","10":"shipping-taxable","11":"product-type-simple"},"_links":{"self":[{"href":"https:\/\/www.multicasa.com.br\/inicio\/wp-json\/wp\/v2\/product\/17629","targetHints":{"allow":["GET"]}}],"collection":[{"href":"https:\/\/www.multicasa.com.br\/inicio\/wp-json\/wp\/v2\/product"}],"about":[{"href":"https:\/\/www.multicasa.com.br\/inicio\/wp-json\/wp\/v2\/types\/product"}],"wp:featuredmedia":[{"embeddable":true,"href":"https:\/\/www.multicasa.com.br\/inicio\/wp-json\/wp\/v2\/media\/17679"}],"wp:attachment":[{"href":"https:\/\/www.multicasa.com.br\/inicio\/wp-json\/wp\/v2\/media?parent=17629"}],"wp:term":[{"taxonomy":"product_brand","embeddable":true,"href":"https:\/\/www.multicasa.com.br\/inicio\/wp-json\/wp\/v2\/product_brand?post=17629"},{"taxonomy":"product_cat","embeddable":true,"href":"https:\/\/www.multicasa.com.br\/inicio\/wp-json\/wp\/v2\/product_cat?post=17629"},{"taxonomy":"product_tag","embeddable":true,"href":"https:\/\/www.multicasa.com.br\/inicio\/wp-json\/wp\/v2\/product_tag?post=17629"}],"curies":[{"name":"wp","href":"https:\/\/api.w.org\/{rel}","templated":true}]}}