{"id":17631,"date":"2025-06-20T19:21:45","date_gmt":"2025-06-20T23:21:45","guid":{"rendered":"https:\/\/www.multicasa.com.br\/inicio\/?post_type=product&#038;p=17631"},"modified":"2025-06-20T19:22:27","modified_gmt":"2025-06-20T23:22:27","slug":"porta-toalha-de-bancada-aco-preto-arthi","status":"publish","type":"product","link":"https:\/\/www.multicasa.com.br\/inicio\/produto\/porta-toalha-de-bancada-aco-preto-arthi\/","title":{"rendered":"Porta Toalha de Bancada A\u00e7o Preto Arthi"},"content":{"rendered":"<p>Porta Toalha de Bancada Arthi, produzido em metal com acabamento preto acetinado, possui aplica\u00e7\u00e3o de verniz que aumenta a durabilidade e n\u00e3o descasca. Ideal para acondicionamento das toalhas de m\u00e3o, al\u00e9m de voc\u00ea n\u00e3o precisar se preocupar em ter que fazer furos em sua parede, pois ele pode ser posicionado apenas em cima de uma bancada, pia ou outra superf\u00edcie. \u00c9 perfeito para manter a organiza\u00e7\u00e3o do ambiente, al\u00e9m de decor\u00e1-lo, seu design moderno e inovador combina com qualquer banheiro!<\/p>\n","protected":false},"excerpt":{"rendered":"<h4 style=\"margin: 0px;padding: 0px 0px 16px;font-family: Lato, sans-serif;font-weight: bold;line-height: 3rem;color: var(--dark-grey3);font-size: 22px;font-style: normal;letter-spacing: normal;text-align: start;text-indent: 0px;text-transform: none\">Informa\u00e7\u00f5es t\u00e9cnicas<\/h4>\n<p><span style=\"margin: 0px;padding: 0px;font-weight: 450;font-size: 14px;line-height: 21px;color: var(--dark-grey2);font-family: Lato, sans-serif;font-style: normal;letter-spacing: normal;text-align: start;text-indent: 0px;text-transform: none\">Produto: Porta toalha<br \/>\nMarca: Arthi<br \/>\nMaterial: Metal<br \/>\nCor: Preto<br \/>\nCaracter\u00edsticas: Duplo<br \/>\nPara colocar em bancadas<br \/>\nN\u00e3o descasca<br \/>\nItens inclusos: 1 Porta toalha<br \/>\nDimens\u00f5es do produto (A X L x P): 30,5 x 19 x 11cm<br \/>\nGarantia: 5 anos<\/span><\/p>\n","protected":false},"featured_media":17682,"template":"","meta":{"_joinchat":[]},"product_brand":[],"product_cat":[69],"product_tag":[],"class_list":{"0":"post-17631","1":"product","2":"type-product","3":"status-publish","4":"has-post-thumbnail","6":"product_cat-acessorios-para-banheiro","8":"first","9":"outofstock","10":"shipping-taxable","11":"product-type-simple"},"_links":{"self":[{"href":"https:\/\/www.multicasa.com.br\/inicio\/wp-json\/wp\/v2\/product\/17631","targetHints":{"allow":["GET"]}}],"collection":[{"href":"https:\/\/www.multicasa.com.br\/inicio\/wp-json\/wp\/v2\/product"}],"about":[{"href":"https:\/\/www.multicasa.com.br\/inicio\/wp-json\/wp\/v2\/types\/product"}],"wp:featuredmedia":[{"embeddable":true,"href":"https:\/\/www.multicasa.com.br\/inicio\/wp-json\/wp\/v2\/media\/17682"}],"wp:attachment":[{"href":"https:\/\/www.multicasa.com.br\/inicio\/wp-json\/wp\/v2\/media?parent=17631"}],"wp:term":[{"taxonomy":"product_brand","embeddable":true,"href":"https:\/\/www.multicasa.com.br\/inicio\/wp-json\/wp\/v2\/product_brand?post=17631"},{"taxonomy":"product_cat","embeddable":true,"href":"https:\/\/www.multicasa.com.br\/inicio\/wp-json\/wp\/v2\/product_cat?post=17631"},{"taxonomy":"product_tag","embeddable":true,"href":"https:\/\/www.multicasa.com.br\/inicio\/wp-json\/wp\/v2\/product_tag?post=17631"}],"curies":[{"name":"wp","href":"https:\/\/api.w.org\/{rel}","templated":true}]}}