{"id":17634,"date":"2025-06-20T19:21:46","date_gmt":"2025-06-20T23:21:46","guid":{"rendered":"https:\/\/www.multicasa.com.br\/inicio\/?post_type=product&#038;p=17634"},"modified":"2025-09-25T17:03:41","modified_gmt":"2025-09-25T21:03:41","slug":"gancho-duplo-de-metal-para-parede-vonder","status":"publish","type":"product","link":"https:\/\/www.multicasa.com.br\/inicio\/produto\/gancho-duplo-de-metal-para-parede-vonder\/","title":{"rendered":"Gancho Duplo de Metal para Parede Vonder"},"content":{"rendered":"<p>Use o gancho duplo para parede da Vonder para pendurar suas roupas e acess\u00f3rios e acabe com o problemas das coisas espalhadas pela casa. Seu tamanho \u00e9 ideal para casacos, toalhas e jaquetas. Com acabamento niquelado, possui excelente resist\u00eancia \u00e0 oxida\u00e7\u00e3o e corros\u00e3o, dando um toque elegante aos c\u00f4modos e ambientes. <\/p>\n","protected":false},"excerpt":{"rendered":"<h4 style=\"margin: 0px;padding: 0px 0px 16px;font-family: Lato, sans-serif;font-weight: bold;line-height: 3rem;color: var(--dark-grey3);font-size: 22px;font-style: normal;letter-spacing: normal;text-align: start;text-indent: 0px;text-transform: none\">Informa\u00e7\u00f5es t\u00e9cnicas<\/h4>\n<p><span style=\"margin: 0px;padding: 0px;font-weight: 450;font-size: 14px;line-height: 21px;color: var(--dark-grey2);font-family: Lato, sans-serif;font-style: normal;letter-spacing: normal;text-align: start;text-indent: 0px;text-transform: none\">Produto: Gancho Duplo<br \/>\nMarca: Vonder<br \/>\nMaterial: Metal Niquelado<br \/>\nCaracter\u00edsticas: F\u00e1cil de instalar<br \/>\nResistente \u00e0 oxida\u00e7\u00e3o\/corros\u00e3o<br \/>\nIndicado para pendurar Roupas e Acess\u00f3rios,<br \/>\npara Casa e utilidades Dom\u00e9sticas,<br \/>\npara Oficinas de Carpintaria, Marcenaria e Serralheria.<br \/>\nItens Inclusos: 1 Gancho Duplo<br \/>\nDimens\u00f5es do produto (A x L): 18 x 8,5cm<\/span><\/p>\n","protected":false},"featured_media":17697,"template":"","meta":{"_joinchat":[]},"product_brand":[],"product_cat":[141],"product_tag":[],"class_list":{"0":"post-17634","1":"product","2":"type-product","3":"status-publish","4":"has-post-thumbnail","6":"product_cat-marcenaria","8":"first","9":"instock","10":"shipping-taxable","11":"purchasable","12":"product-type-simple"},"_links":{"self":[{"href":"https:\/\/www.multicasa.com.br\/inicio\/wp-json\/wp\/v2\/product\/17634","targetHints":{"allow":["GET"]}}],"collection":[{"href":"https:\/\/www.multicasa.com.br\/inicio\/wp-json\/wp\/v2\/product"}],"about":[{"href":"https:\/\/www.multicasa.com.br\/inicio\/wp-json\/wp\/v2\/types\/product"}],"wp:featuredmedia":[{"embeddable":true,"href":"https:\/\/www.multicasa.com.br\/inicio\/wp-json\/wp\/v2\/media\/17697"}],"wp:attachment":[{"href":"https:\/\/www.multicasa.com.br\/inicio\/wp-json\/wp\/v2\/media?parent=17634"}],"wp:term":[{"taxonomy":"product_brand","embeddable":true,"href":"https:\/\/www.multicasa.com.br\/inicio\/wp-json\/wp\/v2\/product_brand?post=17634"},{"taxonomy":"product_cat","embeddable":true,"href":"https:\/\/www.multicasa.com.br\/inicio\/wp-json\/wp\/v2\/product_cat?post=17634"},{"taxonomy":"product_tag","embeddable":true,"href":"https:\/\/www.multicasa.com.br\/inicio\/wp-json\/wp\/v2\/product_tag?post=17634"}],"curies":[{"name":"wp","href":"https:\/\/api.w.org\/{rel}","templated":true}]}}