{"id":17635,"date":"2025-06-20T19:21:46","date_gmt":"2025-06-20T23:21:46","guid":{"rendered":"https:\/\/www.multicasa.com.br\/inicio\/?post_type=product&#038;p=17635"},"modified":"2026-04-17T09:20:24","modified_gmt":"2026-04-17T13:20:24","slug":"gancho-simples-de-metal-para-parede-vonder","status":"publish","type":"product","link":"https:\/\/www.multicasa.com.br\/inicio\/produto\/gancho-simples-de-metal-para-parede-vonder\/","title":{"rendered":"Gancho Simples de Metal para Parede Vonder"},"content":{"rendered":"<p>Use o gancho simples para parede da Vonder para pendurar suas roupas e acess\u00f3rios e acabe com o problemas das coisas espalhadas pela casa. Seu tamanho \u00e9 ideal para chap\u00e9us, panos de prato e outros objetos menores. Com acabamento niquelado, possui excelente resist\u00eancia \u00e0 oxida\u00e7\u00e3o e corros\u00e3o, dando um toque elegante aos c\u00f4modos e ambientes. <\/p>\n","protected":false},"excerpt":{"rendered":"<h4 style=\"margin: 0px;padding: 0px 0px 16px;font-family: Lato, sans-serif;font-weight: bold;line-height: 3rem;color: var(--dark-grey3);font-size: 22px;font-style: normal;letter-spacing: normal;text-align: start;text-indent: 0px;text-transform: none\">Informa\u00e7\u00f5es t\u00e9cnicas<\/h4>\n<p><span style=\"margin: 0px;padding: 0px;font-weight: 450;font-size: 14px;line-height: 21px;color: var(--dark-grey2);font-family: Lato, sans-serif;font-style: normal;letter-spacing: normal;text-align: start;text-indent: 0px;text-transform: none\">Produto: Gancho Simples<br \/>\nMarca: Vonder<br \/>\nMaterial: metal niquelado<br \/>\nCor: Prata<br \/>\nUso indicado: Fixar na parede de casa, carpintaria, marcenaria.<br \/>\nCaracter\u00edsticas: Excelente resist\u00eancia \u00e0 oxida\u00e7\u00e3o e corros\u00e3o<br \/>\nItens Inclusos: 1 gancho<br \/>\nDimens\u00f5es do produto (A x L): 10,4 x 6cm<br \/>\n<\/span><\/p>\n","protected":false},"featured_media":17698,"template":"","meta":{"_joinchat":[]},"product_brand":[],"product_cat":[141],"product_tag":[],"class_list":{"0":"post-17635","1":"product","2":"type-product","3":"status-publish","4":"has-post-thumbnail","6":"product_cat-marcenaria","8":"first","9":"instock","10":"shipping-taxable","11":"purchasable","12":"product-type-simple"},"_links":{"self":[{"href":"https:\/\/www.multicasa.com.br\/inicio\/wp-json\/wp\/v2\/product\/17635","targetHints":{"allow":["GET"]}}],"collection":[{"href":"https:\/\/www.multicasa.com.br\/inicio\/wp-json\/wp\/v2\/product"}],"about":[{"href":"https:\/\/www.multicasa.com.br\/inicio\/wp-json\/wp\/v2\/types\/product"}],"wp:featuredmedia":[{"embeddable":true,"href":"https:\/\/www.multicasa.com.br\/inicio\/wp-json\/wp\/v2\/media\/17698"}],"wp:attachment":[{"href":"https:\/\/www.multicasa.com.br\/inicio\/wp-json\/wp\/v2\/media?parent=17635"}],"wp:term":[{"taxonomy":"product_brand","embeddable":true,"href":"https:\/\/www.multicasa.com.br\/inicio\/wp-json\/wp\/v2\/product_brand?post=17635"},{"taxonomy":"product_cat","embeddable":true,"href":"https:\/\/www.multicasa.com.br\/inicio\/wp-json\/wp\/v2\/product_cat?post=17635"},{"taxonomy":"product_tag","embeddable":true,"href":"https:\/\/www.multicasa.com.br\/inicio\/wp-json\/wp\/v2\/product_tag?post=17635"}],"curies":[{"name":"wp","href":"https:\/\/api.w.org\/{rel}","templated":true}]}}