{"id":17660,"date":"2025-06-20T19:22:09","date_gmt":"2025-06-20T23:22:09","guid":{"rendered":"https:\/\/www.multicasa.com.br\/inicio\/?post_type=product&#038;p=17660"},"modified":"2025-12-16T18:47:34","modified_gmt":"2025-12-16T22:47:34","slug":"ferro-de-passar-a-vapor-black-decker-fx3060-azul-cinza-ceramic-gliss-127v","status":"publish","type":"product","link":"https:\/\/www.multicasa.com.br\/inicio\/produto\/ferro-de-passar-a-vapor-black-decker-fx3060-azul-cinza-ceramic-gliss-127v\/","title":{"rendered":"Ferro de Passar a Vapor Black + Decker FX3060 Azul\/Cinza Ceramic Gliss 127V"},"content":{"rendered":"<p>De design moderno e ergon\u00f4mico, o Ferro de Passar El\u00e9trico Black + Decker FX3060 apresenta controle de vapor que \u00e9 liberado por sa\u00eddas amplas, spray frontal, frente estreita e design poupa-bot\u00f5es em toda a lateral. A base possui tecnologia antiaderente com revestimento cer\u00e2mica gliss que facilita o deslize e a fun\u00e7\u00e3o de vapor vertical permite que as roupas sejam passadas diretamente no cabide. O sistema de seguran\u00e7a possui luz piloto que aponta o funcionamento do sistema autolimpante, respons\u00e1vel por prolongar a vida \u00fatil do seu produto, tampa com veda\u00e7\u00e3o e sistema anti gotejamento para evitar o vazamento de \u00e1gua pela base com o ferro frio. Sua pot\u00eancia \u00e9 de 1200w com voltagem de 127v.<\/p>\n","protected":false},"excerpt":{"rendered":"<h4 style=\"margin: 0px;padding: 0px 0px 16px;font-family: Lato, sans-serif;font-weight: bold;line-height: 3rem;color: var(--dark-grey3);font-size: 22px;font-style: normal;letter-spacing: normal;text-align: start;text-indent: 0px;text-transform: none\">Informa\u00e7\u00f5es t\u00e9cnicas<\/h4>\n<p><span style=\"margin: 0px;padding: 0px;font-weight: 450;font-size: 14px;line-height: 21px;color: var(--dark-grey2);font-family: Lato, sans-serif;font-style: normal;letter-spacing: normal;text-align: start;text-indent: 0px;text-transform: none\">Produto: Ferro de Passar<br \/>\nTipo: A Vapor<br \/>\nMarca: Black + Decker<br \/>\nModelo: FX3060<br \/>\nMaterial: Cer\u00e2mica e pl\u00e1stico<br \/>\nCor: Azul e Cinza<br \/>\nPot\u00eancia: 1200w<br \/>\nTens\u00e3o el\u00e9trica: 127v<br \/>\nConsumo: 0,036kw\/h<br \/>\nCapacidade: 300ml<br \/>\nCaracter\u00edsticas: Base antiaderente ceramic gliss<br \/>\npossui 42 sa\u00eddas de vapor<br \/>\nspray frontal<br \/>\nponta afunilada para melhor alcance<br \/>\nsistema anti gotejamento<br \/>\nindicador do n\u00edvel de \u00e1gua<br \/>\nsistema de auto limpeza<br \/>\ncabo anat\u00f4mico de 175cm com giro de 360 graus<br \/>\nindicador de tecido<br \/>\nItens Inclusos: 1 ferro de passar<br \/>\nDimens\u00f5es do produto (A x L x P): 13,5 x 12 x 29cm<br \/>\nGarantia: 01 ano de garantia<br \/>\nOCP: 0040<br \/>\n<\/span><\/p>\n","protected":false},"featured_media":17711,"template":"","meta":{"_joinchat":[]},"product_brand":[],"product_cat":[95],"product_tag":[],"class_list":{"0":"post-17660","1":"product","2":"type-product","3":"status-publish","4":"has-post-thumbnail","6":"product_cat-lavanderia","8":"first","9":"outofstock","10":"shipping-taxable","11":"purchasable","12":"product-type-simple"},"_links":{"self":[{"href":"https:\/\/www.multicasa.com.br\/inicio\/wp-json\/wp\/v2\/product\/17660","targetHints":{"allow":["GET"]}}],"collection":[{"href":"https:\/\/www.multicasa.com.br\/inicio\/wp-json\/wp\/v2\/product"}],"about":[{"href":"https:\/\/www.multicasa.com.br\/inicio\/wp-json\/wp\/v2\/types\/product"}],"wp:featuredmedia":[{"embeddable":true,"href":"https:\/\/www.multicasa.com.br\/inicio\/wp-json\/wp\/v2\/media\/17711"}],"wp:attachment":[{"href":"https:\/\/www.multicasa.com.br\/inicio\/wp-json\/wp\/v2\/media?parent=17660"}],"wp:term":[{"taxonomy":"product_brand","embeddable":true,"href":"https:\/\/www.multicasa.com.br\/inicio\/wp-json\/wp\/v2\/product_brand?post=17660"},{"taxonomy":"product_cat","embeddable":true,"href":"https:\/\/www.multicasa.com.br\/inicio\/wp-json\/wp\/v2\/product_cat?post=17660"},{"taxonomy":"product_tag","embeddable":true,"href":"https:\/\/www.multicasa.com.br\/inicio\/wp-json\/wp\/v2\/product_tag?post=17660"}],"curies":[{"name":"wp","href":"https:\/\/api.w.org\/{rel}","templated":true}]}}