{"id":17662,"date":"2025-06-20T19:22:09","date_gmt":"2025-06-20T23:22:09","guid":{"rendered":"https:\/\/www.multicasa.com.br\/inicio\/?post_type=product&#038;p=17662"},"modified":"2026-03-25T16:20:32","modified_gmt":"2026-03-25T20:20:32","slug":"bateria-botao-alcalina-lr44-duracell-1-5v-4-unidades","status":"publish","type":"product","link":"https:\/\/www.multicasa.com.br\/inicio\/produto\/bateria-botao-alcalina-lr44-duracell-1-5v-4-unidades\/","title":{"rendered":"Bateria Bot\u00e3o Alcalina LR44 Duracell 1.5V &#8211; 4 Unidades"},"content":{"rendered":"<p>A bateria bot\u00e3o alcalina LR44 da Duracell 1.5v \u00e9 especialmente fabricada e cont\u00e9m at\u00e9 50% de energia a mais para aparelhos especiais. Voc\u00ea pode us\u00e1-la em brinquedos, jogos, calculadoras e aparelhos de medi\u00e7\u00e3o. Com tecnologia duralock, a bateria tipo moeda tem longa durac\u00e3o e vai otimizar a vida \u00fatil dos seus objetos. <\/p>\n","protected":false},"excerpt":{"rendered":"<h4 style=\"margin: 0px;padding: 0px 0px 16px;font-family: Lato, sans-serif;font-weight: bold;line-height: 3rem;color: var(--dark-grey3);font-size: 22px;font-style: normal;letter-spacing: normal;text-align: start;text-indent: 0px;text-transform: none\">Informa\u00e7\u00f5es t\u00e9cnicas<\/h4>\n<p><span style=\"margin: 0px;padding: 0px;font-weight: 450;font-size: 14px;line-height: 21px;color: var(--dark-grey2);font-family: Lato, sans-serif;font-style: normal;letter-spacing: normal;text-align: start;text-indent: 0px;text-transform: none\">Produto: Bateria<br \/>\nTipo: Alcalina<br \/>\nMarca: Duracell<br \/>\nModelo: LR44<br \/>\nVoltagem: 1,5v<br \/>\nCaracter\u00edsticas: Formato tipo bot\u00e3o<br \/>\nAt\u00e9 50% mais energia<br \/>\nTecnologia Duralock<br \/>\nItens inclusos: 4 baterias<\/span><\/p>\n","protected":false},"featured_media":24679,"template":"","meta":{"_joinchat":[]},"product_brand":[],"product_cat":[151],"product_tag":[],"class_list":{"0":"post-17662","1":"product","2":"type-product","3":"status-publish","4":"has-post-thumbnail","6":"product_cat-pilhas","8":"first","9":"instock","10":"shipping-taxable","11":"purchasable","12":"product-type-simple"},"_links":{"self":[{"href":"https:\/\/www.multicasa.com.br\/inicio\/wp-json\/wp\/v2\/product\/17662","targetHints":{"allow":["GET"]}}],"collection":[{"href":"https:\/\/www.multicasa.com.br\/inicio\/wp-json\/wp\/v2\/product"}],"about":[{"href":"https:\/\/www.multicasa.com.br\/inicio\/wp-json\/wp\/v2\/types\/product"}],"wp:featuredmedia":[{"embeddable":true,"href":"https:\/\/www.multicasa.com.br\/inicio\/wp-json\/wp\/v2\/media\/24679"}],"wp:attachment":[{"href":"https:\/\/www.multicasa.com.br\/inicio\/wp-json\/wp\/v2\/media?parent=17662"}],"wp:term":[{"taxonomy":"product_brand","embeddable":true,"href":"https:\/\/www.multicasa.com.br\/inicio\/wp-json\/wp\/v2\/product_brand?post=17662"},{"taxonomy":"product_cat","embeddable":true,"href":"https:\/\/www.multicasa.com.br\/inicio\/wp-json\/wp\/v2\/product_cat?post=17662"},{"taxonomy":"product_tag","embeddable":true,"href":"https:\/\/www.multicasa.com.br\/inicio\/wp-json\/wp\/v2\/product_tag?post=17662"}],"curies":[{"name":"wp","href":"https:\/\/api.w.org\/{rel}","templated":true}]}}