{"id":17663,"date":"2025-06-20T19:22:09","date_gmt":"2025-06-20T23:22:09","guid":{"rendered":"https:\/\/www.multicasa.com.br\/inicio\/?post_type=product&#038;p=17663"},"modified":"2025-06-20T19:22:53","modified_gmt":"2025-06-20T23:22:53","slug":"caneta-esferografica-apagavel-azul-kaz-0-7","status":"publish","type":"product","link":"https:\/\/www.multicasa.com.br\/inicio\/produto\/caneta-esferografica-apagavel-azul-kaz-0-7\/","title":{"rendered":"Caneta Esferogr\u00e1fica Apag\u00e1vel Azul Kaz 0.7"},"content":{"rendered":"<p>A Caneta Esferogr\u00e1fica Apag\u00e1vel da Kaz possui ponta met\u00e1lica de 0,7mm. Na cor azul, sua tampa vem com clip. Sua caneta apag\u00e1vel n\u00e3o deixa manchas no papel.<\/p>\n","protected":false},"excerpt":{"rendered":"<h4 style=\"margin: 0px;padding: 0px 0px 16px;font-family: Lato, sans-serif;font-weight: bold;line-height: 3rem;color: var(--dark-grey3);font-size: 22px;font-style: normal;letter-spacing: normal;text-align: start;text-indent: 0px;text-transform: none\">Informa\u00e7\u00f5es t\u00e9cnicas<\/h4>\n<p><span style=\"margin: 0px;padding: 0px;font-weight: 450;font-size: 14px;line-height: 21px;color: var(--dark-grey2);font-family: Lato, sans-serif;font-style: normal;letter-spacing: normal;text-align: start;text-indent: 0px;text-transform: none\">Produto: Caneta Esferogr\u00e1fica Apag\u00e1vel<br \/>\nMarca: Kaz<br \/>\nMaterial: Tinta: resinas solventes, corantes e espessantes; Corpo e tampa: resinas termopl\u00e1sticas; Ponta: liga de lat\u00e3o; Esfera: tungst\u00eanio<br \/>\nCor: Azul<br \/>\nCaracter\u00edsticas: Corpo colorido, tampa com clip, apag\u00e1vel, n\u00e3o deixa manchas no papel. Ponta met\u00e1lica m\u00e9dia de 0,7mm.        Cuidados: Armazenar em lugar seco e sem umidade. N\u00e3o recomend\u00e1vel para crian\u00e7as de at\u00e9 03 (tr\u00eas) anos, por conter parte(s) pequena(s) que pode(m) ser engolidas ou aspiradas.<br \/>\nItens Inclusos: 1 caneta esferogr\u00e1fica apag\u00e1vel<br \/>\nDimens\u00f5es do produto (A x L x P): 14,4 x 1,4 x 1,6 cm                                                                                                         OCP: 0133<\/span><\/p>\n","protected":false},"featured_media":17713,"template":"","meta":{"_joinchat":[]},"product_brand":[],"product_cat":[97],"product_tag":[],"class_list":{"0":"post-17663","1":"product","2":"type-product","3":"status-publish","4":"has-post-thumbnail","6":"product_cat-papelaria","8":"first","9":"outofstock","10":"shipping-taxable","11":"product-type-simple"},"_links":{"self":[{"href":"https:\/\/www.multicasa.com.br\/inicio\/wp-json\/wp\/v2\/product\/17663","targetHints":{"allow":["GET"]}}],"collection":[{"href":"https:\/\/www.multicasa.com.br\/inicio\/wp-json\/wp\/v2\/product"}],"about":[{"href":"https:\/\/www.multicasa.com.br\/inicio\/wp-json\/wp\/v2\/types\/product"}],"wp:featuredmedia":[{"embeddable":true,"href":"https:\/\/www.multicasa.com.br\/inicio\/wp-json\/wp\/v2\/media\/17713"}],"wp:attachment":[{"href":"https:\/\/www.multicasa.com.br\/inicio\/wp-json\/wp\/v2\/media?parent=17663"}],"wp:term":[{"taxonomy":"product_brand","embeddable":true,"href":"https:\/\/www.multicasa.com.br\/inicio\/wp-json\/wp\/v2\/product_brand?post=17663"},{"taxonomy":"product_cat","embeddable":true,"href":"https:\/\/www.multicasa.com.br\/inicio\/wp-json\/wp\/v2\/product_cat?post=17663"},{"taxonomy":"product_tag","embeddable":true,"href":"https:\/\/www.multicasa.com.br\/inicio\/wp-json\/wp\/v2\/product_tag?post=17663"}],"curies":[{"name":"wp","href":"https:\/\/api.w.org\/{rel}","templated":true}]}}