{"id":17665,"date":"2025-06-20T19:22:10","date_gmt":"2025-06-20T23:22:10","guid":{"rendered":"https:\/\/www.multicasa.com.br\/inicio\/?post_type=product&#038;p=17665"},"modified":"2025-06-20T19:23:01","modified_gmt":"2025-06-20T23:23:01","slug":"tapete-sanitizante-de-vinil-38x58cm-preto-kapazi","status":"publish","type":"product","link":"https:\/\/www.multicasa.com.br\/inicio\/produto\/tapete-sanitizante-de-vinil-38x58cm-preto-kapazi\/","title":{"rendered":"Tapete Sanitizante de Vinil 38x58cm Preto Kapazi"},"content":{"rendered":"<p>O Tapete Sanitizante da Kapazi \u00e9 produzido em vinil (PVC), tem o tamanho de 38x58cm. N\u00e3o mancha, possui borda vedante que impede o vazamento de l\u00edquidos, espessura de 10mm, \u00e9 antiderrapante e antichama. Mais sa\u00fade, seguran\u00e7a e prote\u00e7\u00e3o para voc\u00ea e sua fam\u00edlia.<\/p>\n","protected":false},"excerpt":{"rendered":"<h4 style=\"margin: 0px;padding: 0px 0px 16px;font-family: Lato, sans-serif;font-weight: bold;line-height: 3rem;color: var(--dark-grey3);font-size: 22px;font-style: normal;letter-spacing: normal;text-align: start;text-indent: 0px;text-transform: none\">Informa\u00e7\u00f5es t\u00e9cnicas<\/h4>\n<p><span style=\"margin: 0px;padding: 0px;font-weight: 450;font-size: 14px;line-height: 21px;color: var(--dark-grey2);font-family: Lato, sans-serif;font-style: normal;letter-spacing: normal;text-align: start;text-indent: 0px;text-transform: none\">Produto: Tapete                                                                                                                                                           Tipo: Sanitizante<br \/>\nMarca: Kapazi<br \/>\nMaterial: Vinil (PVC)<br \/>\nCor: Preto<br \/>\nCaracter\u00edsticas: N\u00e3o mancha, possui borda vedante, antiderrapante e antichama.<br \/>\nItens Inclusos: 1 tapete sanitizante                                                                                                                                     Dicas de uso e preserva\u00e7\u00e3o: Aplique duas vezes ao dia a solu\u00e7\u00e3o sanit\u00e1ria (500ml de \u00e1gua + 1 colher de sopa de \u00e1gua sanit\u00e1ria) no tapete sanitizante.<br \/>\nDimens\u00f5es do produto (L X C): 38 x 58cm<\/span><\/p>\n","protected":false},"featured_media":17730,"template":"","meta":{"_joinchat":[]},"product_brand":[],"product_cat":[96],"product_tag":[],"class_list":{"0":"post-17665","1":"product","2":"type-product","3":"status-publish","4":"has-post-thumbnail","6":"product_cat-limpeza-e-cia","8":"first","9":"outofstock","10":"shipping-taxable","11":"product-type-simple"},"_links":{"self":[{"href":"https:\/\/www.multicasa.com.br\/inicio\/wp-json\/wp\/v2\/product\/17665","targetHints":{"allow":["GET"]}}],"collection":[{"href":"https:\/\/www.multicasa.com.br\/inicio\/wp-json\/wp\/v2\/product"}],"about":[{"href":"https:\/\/www.multicasa.com.br\/inicio\/wp-json\/wp\/v2\/types\/product"}],"wp:featuredmedia":[{"embeddable":true,"href":"https:\/\/www.multicasa.com.br\/inicio\/wp-json\/wp\/v2\/media\/17730"}],"wp:attachment":[{"href":"https:\/\/www.multicasa.com.br\/inicio\/wp-json\/wp\/v2\/media?parent=17665"}],"wp:term":[{"taxonomy":"product_brand","embeddable":true,"href":"https:\/\/www.multicasa.com.br\/inicio\/wp-json\/wp\/v2\/product_brand?post=17665"},{"taxonomy":"product_cat","embeddable":true,"href":"https:\/\/www.multicasa.com.br\/inicio\/wp-json\/wp\/v2\/product_cat?post=17665"},{"taxonomy":"product_tag","embeddable":true,"href":"https:\/\/www.multicasa.com.br\/inicio\/wp-json\/wp\/v2\/product_tag?post=17665"}],"curies":[{"name":"wp","href":"https:\/\/api.w.org\/{rel}","templated":true}]}}