{"id":17688,"date":"2025-06-20T19:22:32","date_gmt":"2025-06-20T23:22:32","guid":{"rendered":"https:\/\/www.multicasa.com.br\/inicio\/?post_type=product&#038;p=17688"},"modified":"2025-06-20T19:23:16","modified_gmt":"2025-06-20T23:23:16","slug":"conjunto-2pt-1-tomada-pialplus-branco-pial-4x2-20a","status":"publish","type":"product","link":"https:\/\/www.multicasa.com.br\/inicio\/produto\/conjunto-2pt-1-tomada-pialplus-branco-pial-4x2-20a\/","title":{"rendered":"Conjunto 2P+T 1 Tomada Pialplus Branco Pial 4&#215;2 &#8211; 20A"},"content":{"rendered":"<p>Conjunto 2P+T com 1 Tomada Pialplus na cor Branco Pial 4&#215;2&#8221; &#8211; 20A fabricada em termopl\u00e1stico, a tampa possui acabamento brilhante que n\u00e3o ret\u00e9m poeira, unindo qualidade e praticidade. Acompanha suporte e parafusos para a instala\u00e7\u00e3o. Proporciona conforto e beleza para ambientes residenciais e comerciais.<\/p>\n","protected":false},"excerpt":{"rendered":"<h4 style=\"margin: 0px;padding: 0px 0px 16px;font-family: Lato, sans-serif;font-weight: bold;line-height: 3rem;color: var(--dark-grey3);font-size: 22px;font-style: normal;letter-spacing: normal;text-align: start;text-indent: 0px;text-transform: none\">Informa\u00e7\u00f5es t\u00e9cnicas<\/h4>\n<p><span style=\"margin: 0px;padding: 0px;font-weight: 450;font-size: 14px;line-height: 21px;color: var(--dark-grey2);font-family: Lato, sans-serif;font-style: normal;letter-spacing: normal;text-align: start;text-indent: 0px;text-transform: none\">Produto: Conjunto de tomada<br \/>\nMarca: Pial<br \/>\nMaterial: Pl\u00e1stico Abs Termopl\u00e1stico<br \/>\nCor: Branco<br \/>\nCaracter\u00edsticas: 4&#215;2<br \/>\n1 Tomadas 2P+T vertical<br \/>\nCorrente de 20a<br \/>\nItens inclusos: 1 Conjunto de Sobrepor<br \/>\nDimens\u00f5es do produto (A X L X P): 12,5 x 8,5 x 4cm<br \/>\nDimens\u00e3o em polegada: 4 x 2&#8221;<br \/>\n<\/span><\/p>\n","protected":false},"featured_media":17743,"template":"","meta":{"_joinchat":[]},"product_brand":[],"product_cat":[144],"product_tag":[],"class_list":{"0":"post-17688","1":"product","2":"type-product","3":"status-publish","4":"has-post-thumbnail","6":"product_cat-tomadas-e-cia","8":"first","9":"outofstock","10":"shipping-taxable","11":"product-type-simple"},"_links":{"self":[{"href":"https:\/\/www.multicasa.com.br\/inicio\/wp-json\/wp\/v2\/product\/17688","targetHints":{"allow":["GET"]}}],"collection":[{"href":"https:\/\/www.multicasa.com.br\/inicio\/wp-json\/wp\/v2\/product"}],"about":[{"href":"https:\/\/www.multicasa.com.br\/inicio\/wp-json\/wp\/v2\/types\/product"}],"wp:featuredmedia":[{"embeddable":true,"href":"https:\/\/www.multicasa.com.br\/inicio\/wp-json\/wp\/v2\/media\/17743"}],"wp:attachment":[{"href":"https:\/\/www.multicasa.com.br\/inicio\/wp-json\/wp\/v2\/media?parent=17688"}],"wp:term":[{"taxonomy":"product_brand","embeddable":true,"href":"https:\/\/www.multicasa.com.br\/inicio\/wp-json\/wp\/v2\/product_brand?post=17688"},{"taxonomy":"product_cat","embeddable":true,"href":"https:\/\/www.multicasa.com.br\/inicio\/wp-json\/wp\/v2\/product_cat?post=17688"},{"taxonomy":"product_tag","embeddable":true,"href":"https:\/\/www.multicasa.com.br\/inicio\/wp-json\/wp\/v2\/product_tag?post=17688"}],"curies":[{"name":"wp","href":"https:\/\/api.w.org\/{rel}","templated":true}]}}