{"id":17689,"date":"2025-06-20T19:22:32","date_gmt":"2025-06-20T23:22:32","guid":{"rendered":"https:\/\/www.multicasa.com.br\/inicio\/?post_type=product&#038;p=17689"},"modified":"2026-04-18T11:00:38","modified_gmt":"2026-04-18T15:00:38","slug":"cimento-branco-fortaleza-1kg","status":"publish","type":"product","link":"https:\/\/www.multicasa.com.br\/inicio\/produto\/cimento-branco-fortaleza-1kg\/","title":{"rendered":"Cimento Branco Fortaleza 1kg"},"content":{"rendered":"<p>Use o cimento branco Fortaleza para garantir \u00f3timo acabamento aos pequenos reparos e preenchimento em juntas de at\u00e9 3mm em \u00e1reas internas. O cimentinho Fortaleza tem elevado n\u00edvel de brancura, o que possibilita menor consumo de pigmentos, te ajudando na economia. Lembre-se de utilizar equipamentos de prote\u00e7\u00e3o para manuse\u00e1-lo.<\/p>\n","protected":false},"excerpt":{"rendered":"<h4 style=\"margin: 0px;padding: 0px 0px 16px;font-family: Lato, sans-serif;font-weight: bold;line-height: 3rem;color: var(--dark-grey3);font-size: 22px;font-style: normal;letter-spacing: normal;text-align: start;text-indent: 0px;text-transform: none\">Informa\u00e7\u00f5es t\u00e9cnicas<\/h4>\n<p><span style=\"margin: 0px;padding: 0px;font-weight: 450;font-size: 14px;line-height: 21px;color: var(--dark-grey2);font-family: Lato, sans-serif;font-style: normal;letter-spacing: normal;text-align: start;text-indent: 0px;text-transform: none\">Produto: Cimentinho<br \/>\nMarca: Fortaleza<br \/>\nComposi\u00e7\u00e3o: Sulfato de c\u00e1lcio<br \/>\nSilicato de c\u00e1lcio<br \/>\nAluminato de c\u00e1lcio<br \/>\nFiller carbon\u00e1tico<br \/>\nCor: Branco<br \/>\nConte\u00fado: 1Kg<br \/>\nCaracter\u00edsticas: \u00d3timo acabamento<br \/>\nPara pequenos reparos<br \/>\nItens inclusos: 1 cimentinho<\/span><\/p>\n","protected":false},"featured_media":17753,"template":"","meta":{"_joinchat":[]},"product_brand":[],"product_cat":[147],"product_tag":[],"class_list":{"0":"post-17689","1":"product","2":"type-product","3":"status-publish","4":"has-post-thumbnail","6":"product_cat-basicos","8":"first","9":"instock","10":"shipping-taxable","11":"purchasable","12":"product-type-simple"},"_links":{"self":[{"href":"https:\/\/www.multicasa.com.br\/inicio\/wp-json\/wp\/v2\/product\/17689","targetHints":{"allow":["GET"]}}],"collection":[{"href":"https:\/\/www.multicasa.com.br\/inicio\/wp-json\/wp\/v2\/product"}],"about":[{"href":"https:\/\/www.multicasa.com.br\/inicio\/wp-json\/wp\/v2\/types\/product"}],"wp:featuredmedia":[{"embeddable":true,"href":"https:\/\/www.multicasa.com.br\/inicio\/wp-json\/wp\/v2\/media\/17753"}],"wp:attachment":[{"href":"https:\/\/www.multicasa.com.br\/inicio\/wp-json\/wp\/v2\/media?parent=17689"}],"wp:term":[{"taxonomy":"product_brand","embeddable":true,"href":"https:\/\/www.multicasa.com.br\/inicio\/wp-json\/wp\/v2\/product_brand?post=17689"},{"taxonomy":"product_cat","embeddable":true,"href":"https:\/\/www.multicasa.com.br\/inicio\/wp-json\/wp\/v2\/product_cat?post=17689"},{"taxonomy":"product_tag","embeddable":true,"href":"https:\/\/www.multicasa.com.br\/inicio\/wp-json\/wp\/v2\/product_tag?post=17689"}],"curies":[{"name":"wp","href":"https:\/\/api.w.org\/{rel}","templated":true}]}}