{"id":17691,"date":"2025-06-20T19:22:32","date_gmt":"2025-06-20T23:22:32","guid":{"rendered":"https:\/\/www.multicasa.com.br\/inicio\/?post_type=product&#038;p=17691"},"modified":"2026-04-23T17:30:16","modified_gmt":"2026-04-23T21:30:16","slug":"gesso-fortaleza-1kg","status":"publish","type":"product","link":"https:\/\/www.multicasa.com.br\/inicio\/produto\/gesso-fortaleza-1kg\/","title":{"rendered":"Gesso Fortaleza 1kg"},"content":{"rendered":"<p>O gesso Fortaleza \u00e9 ideal para revestimento de superf\u00edcies internas, reparos, assentamento de molduras e produ\u00e7\u00e3o de pe\u00e7as artesanais. Deve ser utilizado em alvenaria, emboco curado, paredes, tetos e etc. De cor branca, garante qualidade nos resultados.<\/p>\n","protected":false},"excerpt":{"rendered":"<h4 style=\"margin: 0px;padding: 0px 0px 16px;font-family: Lato, sans-serif;font-weight: bold;line-height: 3rem;color: var(--dark-grey3);font-size: 22px;font-style: normal;letter-spacing: normal;text-align: start;text-indent: 0px;text-transform: none\">Informa\u00e7\u00f5es t\u00e9cnicas<\/h4>\n<p><span style=\"margin: 0px;padding: 0px;font-weight: 450;font-size: 14px;line-height: 21px;color: var(--dark-grey2);font-family: Lato, sans-serif;font-style: normal;letter-spacing: normal;text-align: start;text-indent: 0px;text-transform: none\">Produto: Gesso interno<br \/>\nMarca: Fortaleza<br \/>\nComposi\u00e7\u00e3o: Sulfato de c\u00e1lcio<br \/>\nSemi hidratado caso4. 0,5<br \/>\nH2O<br \/>\nCor: Branco<br \/>\nConte\u00fado: 1Kg<br \/>\nCaracter\u00edsticas: Uso interno<br \/>\nPara um saco de 1k, use 850ml de \u00e1gua<br \/>\nNormatizado pela ABNT 13207<br \/>\nItens inclusos: 1 Gesso interno<\/span><\/p>\n","protected":false},"featured_media":17755,"template":"","meta":{"_joinchat":[]},"product_brand":[],"product_cat":[147],"product_tag":[],"class_list":{"0":"post-17691","1":"product","2":"type-product","3":"status-publish","4":"has-post-thumbnail","6":"product_cat-basicos","8":"first","9":"instock","10":"shipping-taxable","11":"purchasable","12":"product-type-simple"},"_links":{"self":[{"href":"https:\/\/www.multicasa.com.br\/inicio\/wp-json\/wp\/v2\/product\/17691","targetHints":{"allow":["GET"]}}],"collection":[{"href":"https:\/\/www.multicasa.com.br\/inicio\/wp-json\/wp\/v2\/product"}],"about":[{"href":"https:\/\/www.multicasa.com.br\/inicio\/wp-json\/wp\/v2\/types\/product"}],"wp:featuredmedia":[{"embeddable":true,"href":"https:\/\/www.multicasa.com.br\/inicio\/wp-json\/wp\/v2\/media\/17755"}],"wp:attachment":[{"href":"https:\/\/www.multicasa.com.br\/inicio\/wp-json\/wp\/v2\/media?parent=17691"}],"wp:term":[{"taxonomy":"product_brand","embeddable":true,"href":"https:\/\/www.multicasa.com.br\/inicio\/wp-json\/wp\/v2\/product_brand?post=17691"},{"taxonomy":"product_cat","embeddable":true,"href":"https:\/\/www.multicasa.com.br\/inicio\/wp-json\/wp\/v2\/product_cat?post=17691"},{"taxonomy":"product_tag","embeddable":true,"href":"https:\/\/www.multicasa.com.br\/inicio\/wp-json\/wp\/v2\/product_tag?post=17691"}],"curies":[{"name":"wp","href":"https:\/\/api.w.org\/{rel}","templated":true}]}}