{"id":17693,"date":"2025-06-20T19:22:32","date_gmt":"2025-06-20T23:22:32","guid":{"rendered":"https:\/\/www.multicasa.com.br\/inicio\/?post_type=product&#038;p=17693"},"modified":"2025-06-20T19:23:29","modified_gmt":"2025-06-20T23:23:29","slug":"suporte-para-secador-de-cabelo-com-ventosa-aco-cromado-arthi","status":"publish","type":"product","link":"https:\/\/www.multicasa.com.br\/inicio\/produto\/suporte-para-secador-de-cabelo-com-ventosa-aco-cromado-arthi\/","title":{"rendered":"Suporte para Secador de Cabelo com Ventosa A\u00e7o Cromado Arthi"},"content":{"rendered":"<p>Suporte para Secador de Cabelo Arthi, pr\u00e1tico e de f\u00e1cil instala\u00e7\u00e3o. Possui sistema de suc\u00e7\u00e3o por ventosas, eliminando os furos, a sujeira e o uso de ferramentas para a coloca\u00e7\u00e3o da pe\u00e7a na parede. Confeccionado em a\u00e7o cromado resistente com dupla prote\u00e7\u00e3o, tem formato redondo para encaixar o secador e suporte na parte debaixo para colocar o fio.<br \/>\nOtimize espa\u00e7os e organize seus itens com rapidez e praticidade. <\/p>\n","protected":false},"excerpt":{"rendered":"<h4 style=\"margin: 0px;padding: 0px 0px 16px;font-family: Lato, sans-serif;font-weight: bold;line-height: 3rem;color: var(--dark-grey3);font-size: 22px;font-style: normal;letter-spacing: normal;text-align: start;text-indent: 0px;text-transform: none\">Informa\u00e7\u00f5es t\u00e9cnicas<\/h4>\n<p><span style=\"margin: 0px;padding: 0px;font-weight: 450;font-size: 14px;line-height: 21px;color: var(--dark-grey2);font-family: Lato, sans-serif;font-style: normal;letter-spacing: normal;text-align: start;text-indent: 0px;text-transform: none\">Produto: Suporte para secador<br \/>\nMarca: Arthi<br \/>\nMaterial: A\u00e7o cromado<br \/>\nCor: Prata<br \/>\nCaracter\u00edsticas: Fixa\u00e7\u00e3o por 3 ventosas<br \/>\nItens inclusos: 1 Suporte para secador<br \/>\nDimens\u00f5es do produto (A X L X P): 15 x 1,8 x 11,9 cm<br \/>\n<\/span><\/p>\n","protected":false},"featured_media":17758,"template":"","meta":{"_joinchat":[]},"product_brand":[],"product_cat":[101],"product_tag":[],"class_list":{"0":"post-17693","1":"product","2":"type-product","3":"status-publish","4":"has-post-thumbnail","6":"product_cat-cuidados-pessoais","8":"first","9":"outofstock","10":"shipping-taxable","11":"product-type-simple"},"_links":{"self":[{"href":"https:\/\/www.multicasa.com.br\/inicio\/wp-json\/wp\/v2\/product\/17693","targetHints":{"allow":["GET"]}}],"collection":[{"href":"https:\/\/www.multicasa.com.br\/inicio\/wp-json\/wp\/v2\/product"}],"about":[{"href":"https:\/\/www.multicasa.com.br\/inicio\/wp-json\/wp\/v2\/types\/product"}],"wp:featuredmedia":[{"embeddable":true,"href":"https:\/\/www.multicasa.com.br\/inicio\/wp-json\/wp\/v2\/media\/17758"}],"wp:attachment":[{"href":"https:\/\/www.multicasa.com.br\/inicio\/wp-json\/wp\/v2\/media?parent=17693"}],"wp:term":[{"taxonomy":"product_brand","embeddable":true,"href":"https:\/\/www.multicasa.com.br\/inicio\/wp-json\/wp\/v2\/product_brand?post=17693"},{"taxonomy":"product_cat","embeddable":true,"href":"https:\/\/www.multicasa.com.br\/inicio\/wp-json\/wp\/v2\/product_cat?post=17693"},{"taxonomy":"product_tag","embeddable":true,"href":"https:\/\/www.multicasa.com.br\/inicio\/wp-json\/wp\/v2\/product_tag?post=17693"}],"curies":[{"name":"wp","href":"https:\/\/api.w.org\/{rel}","templated":true}]}}