{"id":17694,"date":"2025-06-20T19:22:33","date_gmt":"2025-06-20T23:22:33","guid":{"rendered":"https:\/\/www.multicasa.com.br\/inicio\/?post_type=product&#038;p=17694"},"modified":"2026-01-12T16:02:33","modified_gmt":"2026-01-12T20:02:33","slug":"saboneteira-flex-com-succao-plastico-transparente-arthi","status":"publish","type":"product","link":"https:\/\/www.multicasa.com.br\/inicio\/produto\/saboneteira-flex-com-succao-plastico-transparente-arthi\/","title":{"rendered":"Saboneteira Flex com Suc\u00e7\u00e3o Pl\u00e1stico Transparente Arthi"},"content":{"rendered":"<p>A Saboneteira Flex Arthi possui sistema de succ\u00e3o com ventosa na parte inferior, permitindo que seja fixada em sua pia evitando que caia ou escorregue no momento de manusear o sabonete. Produzida em pl\u00e1stico e poliestireno, \u00e9 transparente e com design moderno que combina com qualquer banheiro, item essencial para a casa!<\/p>\n","protected":false},"excerpt":{"rendered":"<h4 style=\"margin: 0px;padding: 0px 0px 16px;font-family: Lato, sans-serif;font-weight: bold;line-height: 3rem;color: var(--dark-grey3);font-size: 22px;font-style: normal;letter-spacing: normal;text-align: start;text-indent: 0px;text-transform: none\">Informa\u00e7\u00f5es t\u00e9cnicas<\/h4>\n<p><span style=\"margin: 0px;padding: 0px;font-weight: 450;font-size: 14px;line-height: 21px;color: var(--dark-grey2);font-family: Lato, sans-serif;font-style: normal;letter-spacing: normal;text-align: start;text-indent: 0px;text-transform: none\">Produto: Saboneteira<br \/>\nMarca: Arthi<br \/>\nMaterial: Pl\u00e1stico<br \/>\nPoliestireno<br \/>\nCaracter\u00edsticas: Para bancadas<br \/>\nTransparente<br \/>\nPossui sistema de suc\u00e7\u00e3o para fixa\u00e7\u00e3o<br \/>\nItens inclusos: 1 saboneteira<br \/>\nDimens\u00f5es do produto (A x L x P): 2,5 x 12,5 x 7,5cm<br \/>\n<\/span><\/p>\n","protected":false},"featured_media":17762,"template":"","meta":{"_joinchat":[]},"product_brand":[],"product_cat":[69],"product_tag":[],"class_list":{"0":"post-17694","1":"product","2":"type-product","3":"status-publish","4":"has-post-thumbnail","6":"product_cat-acessorios-para-banheiro","8":"first","9":"outofstock","10":"shipping-taxable","11":"purchasable","12":"product-type-simple"},"_links":{"self":[{"href":"https:\/\/www.multicasa.com.br\/inicio\/wp-json\/wp\/v2\/product\/17694","targetHints":{"allow":["GET"]}}],"collection":[{"href":"https:\/\/www.multicasa.com.br\/inicio\/wp-json\/wp\/v2\/product"}],"about":[{"href":"https:\/\/www.multicasa.com.br\/inicio\/wp-json\/wp\/v2\/types\/product"}],"wp:featuredmedia":[{"embeddable":true,"href":"https:\/\/www.multicasa.com.br\/inicio\/wp-json\/wp\/v2\/media\/17762"}],"wp:attachment":[{"href":"https:\/\/www.multicasa.com.br\/inicio\/wp-json\/wp\/v2\/media?parent=17694"}],"wp:term":[{"taxonomy":"product_brand","embeddable":true,"href":"https:\/\/www.multicasa.com.br\/inicio\/wp-json\/wp\/v2\/product_brand?post=17694"},{"taxonomy":"product_cat","embeddable":true,"href":"https:\/\/www.multicasa.com.br\/inicio\/wp-json\/wp\/v2\/product_cat?post=17694"},{"taxonomy":"product_tag","embeddable":true,"href":"https:\/\/www.multicasa.com.br\/inicio\/wp-json\/wp\/v2\/product_tag?post=17694"}],"curies":[{"name":"wp","href":"https:\/\/api.w.org\/{rel}","templated":true}]}}