{"id":17695,"date":"2025-06-20T19:22:33","date_gmt":"2025-06-20T23:22:33","guid":{"rendered":"https:\/\/www.multicasa.com.br\/inicio\/?post_type=product&#038;p=17695"},"modified":"2025-08-17T19:10:31","modified_gmt":"2025-08-17T23:10:31","slug":"porta-shampoo-onda-duplo-de-pendurar-aco-cromado-arthi","status":"publish","type":"product","link":"https:\/\/www.multicasa.com.br\/inicio\/produto\/porta-shampoo-onda-duplo-de-pendurar-aco-cromado-arthi\/","title":{"rendered":"Porta Shampoo Onda Duplo de Pendurar A\u00e7o Cromado Arthi"},"content":{"rendered":"<p>Porta Shampoo Arthi produzido em a\u00e7o cromado de qualidade, seu design \u00e9 diferenciado e moderno com formado de onda, possui 2 andares sendo o de cima para colocar shampoo, condicionador, etc, e o de baixo para colocar bucha e sabonete.<br \/>\nAcompanha parafusos e ventosas para a instala\u00e7\u00e3o. Item essencial para o dia a dia e que combina com o seu banheiro!<\/p>\n","protected":false},"excerpt":{"rendered":"<h4 style=\"margin: 0px;padding: 0px 0px 16px;font-family: Lato, sans-serif;font-weight: bold;line-height: 3rem;color: var(--dark-grey3);font-size: 22px;font-style: normal;letter-spacing: normal;text-align: start;text-indent: 0px;text-transform: none\">Informa\u00e7\u00f5es t\u00e9cnicas<\/h4>\n<p><span style=\"margin: 0px;padding: 0px;font-weight: 450;font-size: 14px;line-height: 21px;color: var(--dark-grey2);font-family: Lato, sans-serif;font-style: normal;letter-spacing: normal;text-align: start;text-indent: 0px;text-transform: none\">Produto: Porta shampoo<br \/>\nMarca: Arthi<br \/>\nMaterial: A\u00e7o Cromado<br \/>\nCor: Prata<br \/>\nCaracter\u00edsticas: Possui dois n\u00edveis<br \/>\nPossui ventosas e parafusos<br \/>\nPode ser pendurado no registro<br \/>\nItens inclusos: 1 Porta shampoo<br \/>\nDimens\u00f5es do produto (A X L x P): 43,2 x 25,1 x 7,8cm<br \/>\n<\/span><\/p>\n","protected":false},"featured_media":17764,"template":"","meta":{"_joinchat":[]},"product_brand":[],"product_cat":[69],"product_tag":[],"class_list":{"0":"post-17695","1":"product","2":"type-product","3":"status-publish","4":"has-post-thumbnail","6":"product_cat-acessorios-para-banheiro","8":"first","9":"outofstock","10":"shipping-taxable","11":"purchasable","12":"product-type-simple"},"_links":{"self":[{"href":"https:\/\/www.multicasa.com.br\/inicio\/wp-json\/wp\/v2\/product\/17695","targetHints":{"allow":["GET"]}}],"collection":[{"href":"https:\/\/www.multicasa.com.br\/inicio\/wp-json\/wp\/v2\/product"}],"about":[{"href":"https:\/\/www.multicasa.com.br\/inicio\/wp-json\/wp\/v2\/types\/product"}],"wp:featuredmedia":[{"embeddable":true,"href":"https:\/\/www.multicasa.com.br\/inicio\/wp-json\/wp\/v2\/media\/17764"}],"wp:attachment":[{"href":"https:\/\/www.multicasa.com.br\/inicio\/wp-json\/wp\/v2\/media?parent=17695"}],"wp:term":[{"taxonomy":"product_brand","embeddable":true,"href":"https:\/\/www.multicasa.com.br\/inicio\/wp-json\/wp\/v2\/product_brand?post=17695"},{"taxonomy":"product_cat","embeddable":true,"href":"https:\/\/www.multicasa.com.br\/inicio\/wp-json\/wp\/v2\/product_cat?post=17695"},{"taxonomy":"product_tag","embeddable":true,"href":"https:\/\/www.multicasa.com.br\/inicio\/wp-json\/wp\/v2\/product_tag?post=17695"}],"curies":[{"name":"wp","href":"https:\/\/api.w.org\/{rel}","templated":true}]}}