{"id":17696,"date":"2025-06-20T19:22:33","date_gmt":"2025-06-20T23:22:33","guid":{"rendered":"https:\/\/www.multicasa.com.br\/inicio\/?post_type=product&#038;p=17696"},"modified":"2025-06-20T19:23:37","modified_gmt":"2025-06-20T23:23:37","slug":"porta-shampoo-onda-com-saboneteira-aco-cromado-arthi","status":"publish","type":"product","link":"https:\/\/www.multicasa.com.br\/inicio\/produto\/porta-shampoo-onda-com-saboneteira-aco-cromado-arthi\/","title":{"rendered":"Porta Shampoo Onda com Saboneteira A\u00e7o Cromado Arthi"},"content":{"rendered":"<p>Porta Shampoo Arthi produzido em a\u00e7o cromado de qualidade, seu design \u00e9 diferenciado e moderno com formado de onda, possui 2 andares sendo o debaixo para colocar shampoo, condicionador, bucha e etc, e o de cima com uma saboneteira super pr\u00e1tica.<br \/>\nAcompanha parafusos e ventosas para a instala\u00e7\u00e3o. Item essencial para o dia a dia e que combina com o seu banheiro!<\/p>\n","protected":false},"excerpt":{"rendered":"<h4 style=\"margin: 0px;padding: 0px 0px 16px;font-family: Lato, sans-serif;font-weight: bold;line-height: 3rem;color: var(--dark-grey3);font-size: 22px;font-style: normal;letter-spacing: normal;text-align: start;text-indent: 0px;text-transform: none\">Informa\u00e7\u00f5es t\u00e9cnicas<\/h4>\n<p><span style=\"margin: 0px;padding: 0px;font-weight: 450;font-size: 14px;line-height: 21px;color: var(--dark-grey2);font-family: Lato, sans-serif;font-style: normal;letter-spacing: normal;text-align: start;text-indent: 0px;text-transform: none\">Produto: Porta shampoo e sabonete<br \/>\nMarca: Arthi<br \/>\nMaterial: A\u00e7o cromado<br \/>\nCor: Prata<br \/>\nCaracter\u00edsticas: Fixa\u00e7\u00e3o por ventosas e parafusos<br \/>\nAcompanha Ventosas e parafusos<br \/>\nItens inclusos: 1 Porta shampoo e sabonete<br \/>\nDimens\u00f5es do produto (A X L x P): 30,1 x 10 x 10,5cm<br \/>\n<\/span><\/p>\n","protected":false},"featured_media":17767,"template":"","meta":{"_joinchat":[]},"product_brand":[],"product_cat":[69],"product_tag":[],"class_list":{"0":"post-17696","1":"product","2":"type-product","3":"status-publish","4":"has-post-thumbnail","6":"product_cat-acessorios-para-banheiro","8":"first","9":"outofstock","10":"shipping-taxable","11":"product-type-simple"},"_links":{"self":[{"href":"https:\/\/www.multicasa.com.br\/inicio\/wp-json\/wp\/v2\/product\/17696","targetHints":{"allow":["GET"]}}],"collection":[{"href":"https:\/\/www.multicasa.com.br\/inicio\/wp-json\/wp\/v2\/product"}],"about":[{"href":"https:\/\/www.multicasa.com.br\/inicio\/wp-json\/wp\/v2\/types\/product"}],"wp:featuredmedia":[{"embeddable":true,"href":"https:\/\/www.multicasa.com.br\/inicio\/wp-json\/wp\/v2\/media\/17767"}],"wp:attachment":[{"href":"https:\/\/www.multicasa.com.br\/inicio\/wp-json\/wp\/v2\/media?parent=17696"}],"wp:term":[{"taxonomy":"product_brand","embeddable":true,"href":"https:\/\/www.multicasa.com.br\/inicio\/wp-json\/wp\/v2\/product_brand?post=17696"},{"taxonomy":"product_cat","embeddable":true,"href":"https:\/\/www.multicasa.com.br\/inicio\/wp-json\/wp\/v2\/product_cat?post=17696"},{"taxonomy":"product_tag","embeddable":true,"href":"https:\/\/www.multicasa.com.br\/inicio\/wp-json\/wp\/v2\/product_tag?post=17696"}],"curies":[{"name":"wp","href":"https:\/\/api.w.org\/{rel}","templated":true}]}}