{"id":17718,"date":"2025-06-20T19:22:55","date_gmt":"2025-06-20T23:22:55","guid":{"rendered":"https:\/\/www.multicasa.com.br\/inicio\/?post_type=product&#038;p=17718"},"modified":"2026-04-30T08:00:20","modified_gmt":"2026-04-30T12:00:20","slug":"kit-vedante-para-torneiras-e-registros-blukit-5-pecas","status":"publish","type":"product","link":"https:\/\/www.multicasa.com.br\/inicio\/produto\/kit-vedante-para-torneiras-e-registros-blukit-5-pecas\/","title":{"rendered":"Kit Vedante para Torneiras e Registros Blukit 5 Pe\u00e7as"},"content":{"rendered":"<p>O kit vedante para torneiras e registros da Blukit \u00e9 ideal para evitar pequenos vazamentos de torneiras, como aquele ?pinga-pinga? que fica quando fechamos. Feita de borracha nitr\u00edlica, est\u00e1 dispon\u00edvel na cor preto e tamb\u00e9m pode ser usada em registros, facilita pequenos reparos do dia-a-dia. S\u00e3o 5 unidades que medem 13 mm, 15 mm e 18 mm. Seu material \u00e9 bastante resistente a uma larga gama de flu\u00eddos e gases, incluindo os hidrocarbonetos derivados do petr\u00f3leo, \u00f3leo vegetal, \u00f3leo animal e \u00e1gua, atende uma \u00f3tima performance em aplica\u00e7\u00f5es numa faixa de temperatura entre -40 e 135\u00b0C. Embalagem com 5 unidades.<\/p>\n","protected":false},"excerpt":{"rendered":"<h4 style=\"margin: 0px;padding: 0px 0px 16px;font-family: Lato, sans-serif;font-weight: bold;line-height: 3rem;color: var(--dark-grey3);font-size: 22px;font-style: normal;letter-spacing: normal;text-align: start;text-indent: 0px;text-transform: none\">Informa\u00e7\u00f5es t\u00e9cnicas<\/h4>\n<p><span style=\"margin: 0px;padding: 0px;font-weight: 450;font-size: 14px;line-height: 21px;color: var(--dark-grey2);font-family: Lato, sans-serif;font-style: normal;letter-spacing: normal;text-align: start;text-indent: 0px;text-transform: none\">Produto: Kit Vedante de registro e torneira<br \/>\nMarca: Blukit<br \/>\nMaterial: Borracha nitr\u00edlica<br \/>\nCor: Preto<br \/>\nCaracter\u00edsticas: Resistente<br \/>\nTr\u00eas tamanhos diferentes<br \/>\nDois de cada tamanho<br \/>\nTemperatura permitida de -40 a 135\u00b0C<br \/>\nItens Inclusos: 5 Vedantes de registro e torneira<br \/>\nDimens\u00f5es do produto (L): 2 vedantes de 13mm<br \/>\n2 vedantes de 15mm<br \/>\n1 vedante de 18mm<br \/>\n<\/span><\/p>\n","protected":false},"featured_media":17783,"template":"","meta":{"_joinchat":[]},"product_brand":[],"product_cat":[67],"product_tag":[],"class_list":{"0":"post-17718","1":"product","2":"type-product","3":"status-publish","4":"has-post-thumbnail","6":"product_cat-torneiras-e-cia","8":"first","9":"instock","10":"shipping-taxable","11":"purchasable","12":"product-type-simple"},"_links":{"self":[{"href":"https:\/\/www.multicasa.com.br\/inicio\/wp-json\/wp\/v2\/product\/17718","targetHints":{"allow":["GET"]}}],"collection":[{"href":"https:\/\/www.multicasa.com.br\/inicio\/wp-json\/wp\/v2\/product"}],"about":[{"href":"https:\/\/www.multicasa.com.br\/inicio\/wp-json\/wp\/v2\/types\/product"}],"wp:featuredmedia":[{"embeddable":true,"href":"https:\/\/www.multicasa.com.br\/inicio\/wp-json\/wp\/v2\/media\/17783"}],"wp:attachment":[{"href":"https:\/\/www.multicasa.com.br\/inicio\/wp-json\/wp\/v2\/media?parent=17718"}],"wp:term":[{"taxonomy":"product_brand","embeddable":true,"href":"https:\/\/www.multicasa.com.br\/inicio\/wp-json\/wp\/v2\/product_brand?post=17718"},{"taxonomy":"product_cat","embeddable":true,"href":"https:\/\/www.multicasa.com.br\/inicio\/wp-json\/wp\/v2\/product_cat?post=17718"},{"taxonomy":"product_tag","embeddable":true,"href":"https:\/\/www.multicasa.com.br\/inicio\/wp-json\/wp\/v2\/product_tag?post=17718"}],"curies":[{"name":"wp","href":"https:\/\/api.w.org\/{rel}","templated":true}]}}