{"id":17721,"date":"2025-06-20T19:22:55","date_gmt":"2025-06-20T23:22:55","guid":{"rendered":"https:\/\/www.multicasa.com.br\/inicio\/?post_type=product&#038;p=17721"},"modified":"2025-08-17T19:10:39","modified_gmt":"2025-08-17T23:10:39","slug":"adaptador-de-tomada-universal-2p-branco-interneed-10a","status":"publish","type":"product","link":"https:\/\/www.multicasa.com.br\/inicio\/produto\/adaptador-de-tomada-universal-2p-branco-interneed-10a\/","title":{"rendered":"Adaptador de Tomada Universal 2P Branco Interneed 10A"},"content":{"rendered":"<p>Use o adaptador de tomada universal 2P branco Interneed com o novo padr\u00e3o de seguran\u00e7a exigido pelo Inmetro e plugue diversos tipos de pinos \u00e0s tomadas. Com 10a e 250v, \u00e9 feito de pl\u00e1stico isolante e materiais met\u00e1licos. Garante seguran\u00e7a em para toda a fam\u00edlia.<\/p>\n","protected":false},"excerpt":{"rendered":"<h4 style=\"margin: 0px;padding: 0px 0px 16px;font-family: Lato, sans-serif;font-weight: bold;line-height: 3rem;color: var(--dark-grey3);font-size: 22px;font-style: normal;letter-spacing: normal;text-align: start;text-indent: 0px;text-transform: none\">Informa\u00e7\u00f5es t\u00e9cnicas<\/h4>\n<p><span style=\"margin: 0px;padding: 0px;font-weight: 450;font-size: 14px;line-height: 21px;color: var(--dark-grey2);font-family: Lato, sans-serif;font-style: normal;letter-spacing: normal;text-align: start;text-indent: 0px;text-transform: none\">Produto: Adaptador de Tomada Universal<br \/>\nMarca: Interneed<br \/>\nMaterial: Pl\u00e1stico isolante<br \/>\nCor: Branco<br \/>\nCaracter\u00edsticas: Transforma pino chato\/redondo em redondo<br \/>\nCertificado pelo Inmetro<br \/>\nItens inclusos: 1 Adaptador de Tomada<br \/>\nDimens\u00f5es do produto (A X L X P): 6,1 x 3,5 x 3,4cm<\/span><\/p>\n","protected":false},"featured_media":24572,"template":"","meta":{"_joinchat":[]},"product_brand":[],"product_cat":[144],"product_tag":[],"class_list":{"0":"post-17721","1":"product","2":"type-product","3":"status-publish","4":"has-post-thumbnail","6":"product_cat-tomadas-e-cia","8":"first","9":"outofstock","10":"shipping-taxable","11":"purchasable","12":"product-type-simple"},"_links":{"self":[{"href":"https:\/\/www.multicasa.com.br\/inicio\/wp-json\/wp\/v2\/product\/17721","targetHints":{"allow":["GET"]}}],"collection":[{"href":"https:\/\/www.multicasa.com.br\/inicio\/wp-json\/wp\/v2\/product"}],"about":[{"href":"https:\/\/www.multicasa.com.br\/inicio\/wp-json\/wp\/v2\/types\/product"}],"wp:featuredmedia":[{"embeddable":true,"href":"https:\/\/www.multicasa.com.br\/inicio\/wp-json\/wp\/v2\/media\/24572"}],"wp:attachment":[{"href":"https:\/\/www.multicasa.com.br\/inicio\/wp-json\/wp\/v2\/media?parent=17721"}],"wp:term":[{"taxonomy":"product_brand","embeddable":true,"href":"https:\/\/www.multicasa.com.br\/inicio\/wp-json\/wp\/v2\/product_brand?post=17721"},{"taxonomy":"product_cat","embeddable":true,"href":"https:\/\/www.multicasa.com.br\/inicio\/wp-json\/wp\/v2\/product_cat?post=17721"},{"taxonomy":"product_tag","embeddable":true,"href":"https:\/\/www.multicasa.com.br\/inicio\/wp-json\/wp\/v2\/product_tag?post=17721"}],"curies":[{"name":"wp","href":"https:\/\/api.w.org\/{rel}","templated":true}]}}