{"id":17747,"date":"2025-06-20T19:23:18","date_gmt":"2025-06-20T23:23:18","guid":{"rendered":"https:\/\/www.multicasa.com.br\/inicio\/?post_type=product&#038;p=17747"},"modified":"2025-06-20T19:24:12","modified_gmt":"2025-06-20T23:24:12","slug":"cesto-para-prendedores-em-plastico-branco-coza","status":"publish","type":"product","link":"https:\/\/www.multicasa.com.br\/inicio\/produto\/cesto-para-prendedores-em-plastico-branco-coza\/","title":{"rendered":"Cesto para Prendedores em Pl\u00e1stico Branco Coza"},"content":{"rendered":"<p>Pr\u00e1tico e muito \u00fatil, o Cesto de Prendedor em Pl\u00e1stico Branco da Coza possui ventosas que facilitam sua fixa\u00e7\u00e3o nos lugares que voc\u00ea desejar. Pode ser preso em de azulejos, cer\u00e2micas esmaltadas, vidros, f\u00f3rmicas, m\u00e1rmores polidos e outras superf\u00edcies lisas. Ideal para quem busca uma forma de ter o que precisa sempre por perto sem a necessidade de furar a parede. Use o cesto de prendedor para guardar outros utens\u00edlios que desejar e deixe-o na sua lavanderia, quintal, banheiro ou cozinha.<\/p>\n","protected":false},"excerpt":{"rendered":"<h4 style=\"margin: 0px;padding: 0px 0px 16px;font-family: Lato, sans-serif;font-weight: bold;line-height: 3rem;color: var(--dark-grey3);font-size: 22px;font-style: normal;letter-spacing: normal;text-align: start;text-indent: 0px;text-transform: none\">Informa\u00e7\u00f5es t\u00e9cnicas<\/h4>\n<p><span style=\"margin: 0px;padding: 0px;font-weight: 450;font-size: 14px;line-height: 21px;color: var(--dark-grey2);font-family: Lato, sans-serif;font-style: normal;letter-spacing: normal;text-align: start;text-indent: 0px;text-transform: none\">Produto: Cesto para Prendedores<br \/>\nMarca: Coza<br \/>\nMaterial: Pl\u00e1stico<br \/>\nCor: Branco<br \/>\nCaracter\u00edsticas: Instala\u00e7\u00e3o r\u00e1pida e simples<br \/>\nSem necessidade de furos<br \/>\nPossui ventosa<br \/>\nItens Inclusos: 1 Cesto para prendedores<br \/>\nDimens\u00f5es do produto (A x L x P): 10 X 20 X 10cm<br \/>\n<\/span><\/p>\n","protected":false},"featured_media":17812,"template":"","meta":{"_joinchat":[]},"product_brand":[],"product_cat":[95],"product_tag":[],"class_list":{"0":"post-17747","1":"product","2":"type-product","3":"status-publish","4":"has-post-thumbnail","6":"product_cat-lavanderia","8":"first","9":"outofstock","10":"shipping-taxable","11":"product-type-simple"},"_links":{"self":[{"href":"https:\/\/www.multicasa.com.br\/inicio\/wp-json\/wp\/v2\/product\/17747","targetHints":{"allow":["GET"]}}],"collection":[{"href":"https:\/\/www.multicasa.com.br\/inicio\/wp-json\/wp\/v2\/product"}],"about":[{"href":"https:\/\/www.multicasa.com.br\/inicio\/wp-json\/wp\/v2\/types\/product"}],"wp:featuredmedia":[{"embeddable":true,"href":"https:\/\/www.multicasa.com.br\/inicio\/wp-json\/wp\/v2\/media\/17812"}],"wp:attachment":[{"href":"https:\/\/www.multicasa.com.br\/inicio\/wp-json\/wp\/v2\/media?parent=17747"}],"wp:term":[{"taxonomy":"product_brand","embeddable":true,"href":"https:\/\/www.multicasa.com.br\/inicio\/wp-json\/wp\/v2\/product_brand?post=17747"},{"taxonomy":"product_cat","embeddable":true,"href":"https:\/\/www.multicasa.com.br\/inicio\/wp-json\/wp\/v2\/product_cat?post=17747"},{"taxonomy":"product_tag","embeddable":true,"href":"https:\/\/www.multicasa.com.br\/inicio\/wp-json\/wp\/v2\/product_tag?post=17747"}],"curies":[{"name":"wp","href":"https:\/\/api.w.org\/{rel}","templated":true}]}}