{"id":17750,"date":"2025-06-20T19:23:18","date_gmt":"2025-06-20T23:23:18","guid":{"rendered":"https:\/\/www.multicasa.com.br\/inicio\/?post_type=product&#038;p=17750"},"modified":"2025-08-18T03:44:27","modified_gmt":"2025-08-18T07:44:27","slug":"kit-limpeza-rodo-com-lenco-hiperclean","status":"publish","type":"product","link":"https:\/\/www.multicasa.com.br\/inicio\/produto\/kit-limpeza-rodo-com-lenco-hiperclean\/","title":{"rendered":"Kit Limpeza Rodo Com Len\u00e7o Hiperclean"},"content":{"rendered":"<p>C\u00f4modos mais limpos e agrad\u00e1veis \u00e9 um prazer para todos n\u00f3s. Voc\u00ea pode conseguir isso com mais facilidade e rapidez usando o Kit Limpeza Com Len\u00e7o Hiperclean. Ele serve para limpar diversos tipos de pisos, como madeira, laminados, porcelanatos, cer\u00e2micas e vidros. Possui len\u00e7os limpadores descart\u00e1veis que s\u00e3o de material eletrost\u00e1tico que atraem a sugeira para suas fibras, facilitando o trabalho de limpeza e dispensam o uso de \u00e1gua. Sua vassoura\/rodo possui cabo em alum\u00ednio com ponta em silicone e base de pl\u00e1stico, \u00e9 desmont\u00e1vel em 5 partes, possuindo 1 base e 4 cabos, tem articula\u00e7\u00e3o que gira 360 graus.<br \/>\nFacilite a limpeza e tenha mais praticidade economizando tempo nos afazeres do dia-a-dia!<\/p>\n","protected":false},"excerpt":{"rendered":"<h4 style=\"margin: 0px;padding: 0px 0px 16px;font-family: Lato, sans-serif;font-weight: bold;line-height: 3rem;color: var(--dark-grey3);font-size: 22px;font-style: normal;letter-spacing: normal;text-align: start;text-indent: 0px;text-transform: none\">Informa\u00e7\u00f5es t\u00e9cnicas<\/h4>\n<p><span style=\"margin: 0px;padding: 0px;font-weight: 450;font-size: 14px;line-height: 21px;color: var(--dark-grey2);font-family: Lato, sans-serif;font-style: normal;letter-spacing: normal;text-align: start;text-indent: 0px;text-transform: none\">Produto: Vassoura-rodo<br \/>\nMarca: Hiperclean<br \/>\nMaterial: Cabo de Alum\u00ednio<br \/>\nPonta de silicone<br \/>\nBase em pl\u00e1stico e eva<br \/>\nCor: Azul e Branco<br \/>\nCaracter\u00edsticas: Articula\u00e7\u00e3o 360 graus<br \/>\nDesmont\u00e1vel em 5 partes<br \/>\nN\u00e3o precisa usar \u00e1gua<br \/>\nQuantidade de pe\u00e7as: 3<br \/>\nItens Inclusos: 1 vassoura-rodo<br \/>\n2 len\u00e7os eletrost\u00e1ticos<br \/>\nDimens\u00f5es do produto (A X L X P): base &#8211; 1,5 x 25,7 x 12cm<br \/>\ncabo &#8211; 1,26m<br \/>\n<\/span><\/p>\n","protected":false},"featured_media":17817,"template":"","meta":{"_joinchat":[]},"product_brand":[],"product_cat":[96],"product_tag":[],"class_list":{"0":"post-17750","1":"product","2":"type-product","3":"status-publish","4":"has-post-thumbnail","6":"product_cat-limpeza-e-cia","8":"first","9":"instock","10":"shipping-taxable","11":"purchasable","12":"product-type-simple"},"_links":{"self":[{"href":"https:\/\/www.multicasa.com.br\/inicio\/wp-json\/wp\/v2\/product\/17750","targetHints":{"allow":["GET"]}}],"collection":[{"href":"https:\/\/www.multicasa.com.br\/inicio\/wp-json\/wp\/v2\/product"}],"about":[{"href":"https:\/\/www.multicasa.com.br\/inicio\/wp-json\/wp\/v2\/types\/product"}],"wp:featuredmedia":[{"embeddable":true,"href":"https:\/\/www.multicasa.com.br\/inicio\/wp-json\/wp\/v2\/media\/17817"}],"wp:attachment":[{"href":"https:\/\/www.multicasa.com.br\/inicio\/wp-json\/wp\/v2\/media?parent=17750"}],"wp:term":[{"taxonomy":"product_brand","embeddable":true,"href":"https:\/\/www.multicasa.com.br\/inicio\/wp-json\/wp\/v2\/product_brand?post=17750"},{"taxonomy":"product_cat","embeddable":true,"href":"https:\/\/www.multicasa.com.br\/inicio\/wp-json\/wp\/v2\/product_cat?post=17750"},{"taxonomy":"product_tag","embeddable":true,"href":"https:\/\/www.multicasa.com.br\/inicio\/wp-json\/wp\/v2\/product_tag?post=17750"}],"curies":[{"name":"wp","href":"https:\/\/api.w.org\/{rel}","templated":true}]}}