{"id":17751,"date":"2025-06-20T19:23:18","date_gmt":"2025-06-20T23:23:18","guid":{"rendered":"https:\/\/www.multicasa.com.br\/inicio\/?post_type=product&#038;p=17751"},"modified":"2026-02-21T10:20:16","modified_gmt":"2026-02-21T14:20:16","slug":"lenco-seco-eletrostatico-hiperclean-16-unidades","status":"publish","type":"product","link":"https:\/\/www.multicasa.com.br\/inicio\/produto\/lenco-seco-eletrostatico-hiperclean-16-unidades\/","title":{"rendered":"Len\u00e7o Seco Eletrost\u00e1tico Hiperclean 16 unidades"},"content":{"rendered":"<p>Com o Len\u00e7o Seco Hiperclean sua limpeza ser\u00e1 mais f\u00e1cil e pr\u00e1tica, usando a a\u00e7\u00e3o eletrost\u00e1tica para atrair as part\u00edculas de p\u00f3, cabelo, migalha, pelos de animais e outros.<br \/>\nProduzido em fibra sint\u00e9tica, o pacote conta com 16 unidades que dispensam o uso de baldes, vassouras, rodos e outros produtos de limpeza. Funciona como refil para Mop exclusivo Hiperclean, que pode ser comprado separadamente. Com aproximadamente 21,3 x 28,2cm, os len\u00e7os s\u00e3o descart\u00e1veis.<\/p>\n","protected":false},"excerpt":{"rendered":"<h4 style=\"margin: 0px;padding: 0px 0px 16px;font-family: Lato, sans-serif;font-weight: bold;line-height: 3rem;color: var(--dark-grey3);font-size: 22px;font-style: normal;letter-spacing: normal;text-align: start;text-indent: 0px;text-transform: none\">Informa\u00e7\u00f5es t\u00e9cnicas<\/h4>\n<p><span style=\"margin: 0px;padding: 0px;font-weight: 450;font-size: 14px;line-height: 21px;color: var(--dark-grey2);font-family: Lato, sans-serif;font-style: normal;letter-spacing: normal;text-align: start;text-indent: 0px;text-transform: none\">Produto: Len\u00e7o seco<br \/>\nMarca: Hiperclean<br \/>\nMaterial: Fibra sint\u00e9tica<br \/>\npoli\u00e9ster<br \/>\nCor: Branco<br \/>\nCaracter\u00edsticas: Descart\u00e1vel<br \/>\nEncaixe perfeito na vassoura\/ rodo hiperclean<br \/>\nElimina uso de baldes<br \/>\nQuantidade de pe\u00e7as: 16<br \/>\nItens Inclusos: 16 len\u00e7os<br \/>\nDimens\u00f5es do produto (A X L): 21,3 x 28,2cm<\/span><\/p>\n","protected":false},"featured_media":17826,"template":"","meta":{"_joinchat":[]},"product_brand":[],"product_cat":[96],"product_tag":[],"class_list":{"0":"post-17751","1":"product","2":"type-product","3":"status-publish","4":"has-post-thumbnail","6":"product_cat-limpeza-e-cia","8":"first","9":"instock","10":"shipping-taxable","11":"purchasable","12":"product-type-simple"},"_links":{"self":[{"href":"https:\/\/www.multicasa.com.br\/inicio\/wp-json\/wp\/v2\/product\/17751","targetHints":{"allow":["GET"]}}],"collection":[{"href":"https:\/\/www.multicasa.com.br\/inicio\/wp-json\/wp\/v2\/product"}],"about":[{"href":"https:\/\/www.multicasa.com.br\/inicio\/wp-json\/wp\/v2\/types\/product"}],"wp:featuredmedia":[{"embeddable":true,"href":"https:\/\/www.multicasa.com.br\/inicio\/wp-json\/wp\/v2\/media\/17826"}],"wp:attachment":[{"href":"https:\/\/www.multicasa.com.br\/inicio\/wp-json\/wp\/v2\/media?parent=17751"}],"wp:term":[{"taxonomy":"product_brand","embeddable":true,"href":"https:\/\/www.multicasa.com.br\/inicio\/wp-json\/wp\/v2\/product_brand?post=17751"},{"taxonomy":"product_cat","embeddable":true,"href":"https:\/\/www.multicasa.com.br\/inicio\/wp-json\/wp\/v2\/product_cat?post=17751"},{"taxonomy":"product_tag","embeddable":true,"href":"https:\/\/www.multicasa.com.br\/inicio\/wp-json\/wp\/v2\/product_tag?post=17751"}],"curies":[{"name":"wp","href":"https:\/\/api.w.org\/{rel}","templated":true}]}}