{"id":17801,"date":"2025-06-20T19:24:05","date_gmt":"2025-06-20T23:24:05","guid":{"rendered":"https:\/\/www.multicasa.com.br\/inicio\/?post_type=product&#038;p=17801"},"modified":"2025-08-16T15:45:42","modified_gmt":"2025-08-16T19:45:42","slug":"alicate-western-vazador-furador-215cm","status":"publish","type":"product","link":"https:\/\/www.multicasa.com.br\/inicio\/produto\/alicate-western-vazador-furador-215cm\/","title":{"rendered":"Alicate Western Vazador Furador 21,5cm"},"content":{"rendered":"<p>O Alicate Western Vazador \u00e9 fabricado em metal de alta resist\u00eancia, possui roda girat\u00f3ria de 6 bicos com tamanhos diferentes de furo para di\u00e2metros de 2, 5 MM, 3,0 mm, 3,5 mm, 4,0 mm, 4,5 mm, 5,0 mm. Com cabo em formato anat\u00f4mico \u00e9 ideal para uma melhor ader\u00eancia. Com base para corte e furador para uso em materiais como couro, corti\u00e7a, E.V.A, borracha, papel\u00e3o etc. Possui trava de fechamento sendo robusto e resistente em a\u00e7o carbono.<\/p>\n","protected":false},"excerpt":{"rendered":"<h4 style=\"margin: 0px;padding: 0px 0px 16px;font-family: Lato, sans-serif;font-weight: bold;line-height: 3rem;color: var(--dark-grey3);font-size: 22px;font-style: normal;letter-spacing: normal;text-align: start;text-indent: 0px;text-transform: none\">Informa\u00e7\u00f5es t\u00e9cnicas<\/h4>\n<p><span style=\"margin: 0px;padding: 0px;font-weight: 450;font-size: 14px;line-height: 21px;color: var(--dark-grey2);font-family: Lato, sans-serif;font-style: normal;letter-spacing: normal;text-align: start;text-indent: 0px;text-transform: none\">Produto: Alicate<br \/>\nTipo: Vazador<br \/>\nMarca: Western<br \/>\nMaterial: A\u00e7o Carbono<br \/>\nCor: Prata<br \/>\nCaracter\u00edsticas: Trava de fechamento<br \/>\nFura 2,5mm, 3,0mm, 3,5mm, 4,0mm, 4,5mm, 5,0mm<br \/>\nCom mola<br \/>\nCabe\u00e7a girat\u00f3ria com 6 vazadores<br \/>\nItens Inclusos: 1 Alicate Vazador<br \/>\nDimens\u00f5es do produto (A x L): 21 X 7,7cm<br \/>\n<\/span><\/p>\n","protected":false},"featured_media":24593,"template":"","meta":{"_joinchat":[]},"product_brand":[],"product_cat":[137],"product_tag":[],"class_list":{"0":"post-17801","1":"product","2":"type-product","3":"status-publish","4":"has-post-thumbnail","6":"product_cat-ferramentas-manuais","8":"first","9":"outofstock","10":"shipping-taxable","11":"product-type-simple"},"_links":{"self":[{"href":"https:\/\/www.multicasa.com.br\/inicio\/wp-json\/wp\/v2\/product\/17801","targetHints":{"allow":["GET"]}}],"collection":[{"href":"https:\/\/www.multicasa.com.br\/inicio\/wp-json\/wp\/v2\/product"}],"about":[{"href":"https:\/\/www.multicasa.com.br\/inicio\/wp-json\/wp\/v2\/types\/product"}],"wp:featuredmedia":[{"embeddable":true,"href":"https:\/\/www.multicasa.com.br\/inicio\/wp-json\/wp\/v2\/media\/24593"}],"wp:attachment":[{"href":"https:\/\/www.multicasa.com.br\/inicio\/wp-json\/wp\/v2\/media?parent=17801"}],"wp:term":[{"taxonomy":"product_brand","embeddable":true,"href":"https:\/\/www.multicasa.com.br\/inicio\/wp-json\/wp\/v2\/product_brand?post=17801"},{"taxonomy":"product_cat","embeddable":true,"href":"https:\/\/www.multicasa.com.br\/inicio\/wp-json\/wp\/v2\/product_cat?post=17801"},{"taxonomy":"product_tag","embeddable":true,"href":"https:\/\/www.multicasa.com.br\/inicio\/wp-json\/wp\/v2\/product_tag?post=17801"}],"curies":[{"name":"wp","href":"https:\/\/api.w.org\/{rel}","templated":true}]}}