{"id":17803,"date":"2025-06-20T19:24:05","date_gmt":"2025-06-20T23:24:05","guid":{"rendered":"https:\/\/www.multicasa.com.br\/inicio\/?post_type=product&#038;p=17803"},"modified":"2025-08-18T00:25:00","modified_gmt":"2025-08-18T04:25:00","slug":"lanterna-led-chaveiro-taschibra","status":"publish","type":"product","link":"https:\/\/www.multicasa.com.br\/inicio\/produto\/lanterna-led-chaveiro-taschibra\/","title":{"rendered":"Lanterna Led Chaveiro Taschibra"},"content":{"rendered":"<p>A Lanterna de Led Chaveiro Taschibra \u00e9 indicada para acampamentos, trilhas e situa\u00e7\u00f5es com baixa luminosidade em geral. \u00c9 port\u00e1til, mede 23 x 55mm (cabe no bolso) e vem com bateria inclusa de 1 led. N\u00e3o emite raios infravermelhos e n\u00e3o cont\u00e9m merc\u00fario. Tenha sempre em m\u00e3os a mini lanterna e esteja preparado para falta de energia!<\/p>\n","protected":false},"excerpt":{"rendered":"<h4 style=\"margin: 0px;padding: 0px 0px 16px;font-family: Lato, sans-serif;font-weight: bold;line-height: 3rem;color: var(--dark-grey3);font-size: 22px;font-style: normal;letter-spacing: normal;text-align: start;text-indent: 0px;text-transform: none\">Informa\u00e7\u00f5es t\u00e9cnicas<\/h4>\n<p><span style=\"margin: 0px;padding: 0px;font-weight: 450;font-size: 14px;line-height: 21px;color: var(--dark-grey2);font-family: Lato, sans-serif;font-style: normal;letter-spacing: normal;text-align: start;text-indent: 0px;text-transform: none\">Produto: Lanterna<br \/>\nMarca: Taschibra<br \/>\nMaterial: Pl\u00e1stico<br \/>\nCor: Sortido<br \/>\nAlimenta\u00e7\u00e3o: 3 Bateria LR44<br \/>\nCaracter\u00edsticas: 1 led, n\u00e3o cont\u00e9m merc\u00fario, n\u00e3o emite raios infravermelhos<br \/>\nItens inclusos: 1 Lanterna<br \/>\nDimens\u00f5es do produto (A X L): 5,5 x 2,3cm<\/span><\/p>\n","protected":false},"featured_media":17892,"template":"","meta":{"_joinchat":[]},"product_brand":[],"product_cat":[136],"product_tag":[],"class_list":{"0":"post-17803","1":"product","2":"type-product","3":"status-publish","4":"has-post-thumbnail","6":"product_cat-lazer","8":"first","9":"instock","10":"shipping-taxable","11":"purchasable","12":"product-type-simple"},"_links":{"self":[{"href":"https:\/\/www.multicasa.com.br\/inicio\/wp-json\/wp\/v2\/product\/17803","targetHints":{"allow":["GET"]}}],"collection":[{"href":"https:\/\/www.multicasa.com.br\/inicio\/wp-json\/wp\/v2\/product"}],"about":[{"href":"https:\/\/www.multicasa.com.br\/inicio\/wp-json\/wp\/v2\/types\/product"}],"wp:featuredmedia":[{"embeddable":true,"href":"https:\/\/www.multicasa.com.br\/inicio\/wp-json\/wp\/v2\/media\/17892"}],"wp:attachment":[{"href":"https:\/\/www.multicasa.com.br\/inicio\/wp-json\/wp\/v2\/media?parent=17803"}],"wp:term":[{"taxonomy":"product_brand","embeddable":true,"href":"https:\/\/www.multicasa.com.br\/inicio\/wp-json\/wp\/v2\/product_brand?post=17803"},{"taxonomy":"product_cat","embeddable":true,"href":"https:\/\/www.multicasa.com.br\/inicio\/wp-json\/wp\/v2\/product_cat?post=17803"},{"taxonomy":"product_tag","embeddable":true,"href":"https:\/\/www.multicasa.com.br\/inicio\/wp-json\/wp\/v2\/product_tag?post=17803"}],"curies":[{"name":"wp","href":"https:\/\/api.w.org\/{rel}","templated":true}]}}