{"id":17804,"date":"2025-06-20T19:24:05","date_gmt":"2025-06-20T23:24:05","guid":{"rendered":"https:\/\/www.multicasa.com.br\/inicio\/?post_type=product&#038;p=17804"},"modified":"2026-02-21T10:20:11","modified_gmt":"2026-02-21T14:20:11","slug":"veda-frestas-auto-adesivo-marrom-modelo-i-comfort-9mmx3m","status":"publish","type":"product","link":"https:\/\/www.multicasa.com.br\/inicio\/produto\/veda-frestas-auto-adesivo-marrom-modelo-i-comfort-9mmx3m\/","title":{"rendered":"Veda Frestas Auto Adesivo Marrom Modelo I Comfort 9mmx3m"},"content":{"rendered":"<p>O Veda Frestas Modelo I Comfort Door \u00e9 um vedante de borracha autoadesivo projetado para realizar veda\u00e7\u00f5es de portas e janelas com rapidez e praticidade. Ideal para todos os tipos de aplica\u00e7\u00e3o, pode ser instalado por qualquer pessoa. O veda frestas realiza a veda\u00e7\u00e3o de todas as frestas de portas, janelas, esquadrias, arm\u00e1rios, etc., proporcionando prote\u00e7\u00e3o ac\u00fastica e protegendo o ambiente contra a entrada de vento, poeira, insetos, umidade e \u00e1gua. \u00c9 discreto na cor marrom, tem largura de 9mm e comprimento de 3 metros.<\/p>\n","protected":false},"excerpt":{"rendered":"<h4 style=\"margin: 0px;padding: 0px 0px 16px;font-family: Lato, sans-serif;font-weight: bold;line-height: 3rem;color: var(--dark-grey3);font-size: 22px;font-style: normal;letter-spacing: normal;text-align: start;text-indent: 0px;text-transform: none\">Informa\u00e7\u00f5es t\u00e9cnicas<\/h4>\n<p><span style=\"margin: 0px;padding: 0px;font-weight: 450;font-size: 14px;line-height: 21px;color: var(--dark-grey2);font-family: Lato, sans-serif;font-style: normal;letter-spacing: normal;text-align: start;text-indent: 0px;text-transform: none\"><br \/>\nProduto: Veda Frestas<br \/>\nModelo: I<br \/>\nMarca: Betters<br \/>\nMaterial: Polipropileno<br \/>\nCor: Marrom<br \/>\nCaracter\u00edsticas: Auto adesivo<br \/>\nItens inclusos: 1 Veda Frestas<br \/>\nDimens\u00f5es do produto (A X L X P): 9 x 2mm x 3m<br \/>\n<\/span><\/p>\n","protected":false},"featured_media":17893,"template":"","meta":{"_joinchat":[]},"product_brand":[],"product_cat":[141],"product_tag":[],"class_list":{"0":"post-17804","1":"product","2":"type-product","3":"status-publish","4":"has-post-thumbnail","6":"product_cat-marcenaria","8":"first","9":"instock","10":"shipping-taxable","11":"purchasable","12":"product-type-simple"},"_links":{"self":[{"href":"https:\/\/www.multicasa.com.br\/inicio\/wp-json\/wp\/v2\/product\/17804","targetHints":{"allow":["GET"]}}],"collection":[{"href":"https:\/\/www.multicasa.com.br\/inicio\/wp-json\/wp\/v2\/product"}],"about":[{"href":"https:\/\/www.multicasa.com.br\/inicio\/wp-json\/wp\/v2\/types\/product"}],"wp:featuredmedia":[{"embeddable":true,"href":"https:\/\/www.multicasa.com.br\/inicio\/wp-json\/wp\/v2\/media\/17893"}],"wp:attachment":[{"href":"https:\/\/www.multicasa.com.br\/inicio\/wp-json\/wp\/v2\/media?parent=17804"}],"wp:term":[{"taxonomy":"product_brand","embeddable":true,"href":"https:\/\/www.multicasa.com.br\/inicio\/wp-json\/wp\/v2\/product_brand?post=17804"},{"taxonomy":"product_cat","embeddable":true,"href":"https:\/\/www.multicasa.com.br\/inicio\/wp-json\/wp\/v2\/product_cat?post=17804"},{"taxonomy":"product_tag","embeddable":true,"href":"https:\/\/www.multicasa.com.br\/inicio\/wp-json\/wp\/v2\/product_tag?post=17804"}],"curies":[{"name":"wp","href":"https:\/\/api.w.org\/{rel}","templated":true}]}}