{"id":17806,"date":"2025-06-20T19:24:06","date_gmt":"2025-06-20T23:24:06","guid":{"rendered":"https:\/\/www.multicasa.com.br\/inicio\/?post_type=product&#038;p=17806"},"modified":"2025-06-20T19:25:34","modified_gmt":"2025-06-20T23:25:34","slug":"papel-sulfite-a4-branco-autopaper-500-folhas","status":"publish","type":"product","link":"https:\/\/www.multicasa.com.br\/inicio\/produto\/papel-sulfite-a4-branco-autopaper-500-folhas\/","title":{"rendered":"Papel Sulfite A4 Branco Autopaper 500 folhas"},"content":{"rendered":"<p>O papel sulfite A4 branco da Autopaper \u00e9 sempre necess\u00e1rio em atitivades do dia-a-dia. Seja para impress\u00f5es, rascunhos, relat\u00f3rios ou desenhos \u00e9 ideal para ter em casa, no escrit\u00f3rio ou nas pastas. Multiuso, o pacote vem com 500 folhas que medem 29,7 x 21 cm (A4) cada, t\u00eam gramatura de 75g\/m\u00b2, al\u00e9m de ser 100% biodegrad\u00e1vel e 100% recicl\u00e1vel.<\/p>\n","protected":false},"excerpt":{"rendered":"<h4 style=\"margin: 0px;padding: 0px 0px 16px;font-family: Lato, sans-serif;font-weight: bold;line-height: 3rem;color: var(--dark-grey3);font-size: 22px;font-style: normal;letter-spacing: normal;text-align: start;text-indent: 0px;text-transform: none\">Informa\u00e7\u00f5es t\u00e9cnicas<\/h4>\n<p><span style=\"margin: 0px;padding: 0px;font-weight: 450;font-size: 14px;line-height: 21px;color: var(--dark-grey2);font-family: Lato, sans-serif;font-style: normal;letter-spacing: normal;text-align: start;text-indent: 0px;text-transform: none\">Produto: Papel Sulfite A4<br \/>\nMarca: Autopaper<br \/>\nMaterial: Celulose<br \/>\nCor: Branco<br \/>\nCaracter\u00edsticas: N\u00e3o possui pauta<br \/>\nGramatura 75g\/m\u00b2<br \/>\nPossui 500 folhas<br \/>\n100% Biodegrad\u00e1vel<br \/>\n100% Recicl\u00e1vel<br \/>\nItens Inclusos: 1 Papel sulfite A4<br \/>\nDimens\u00f5es do produto (A X L ): 29,7 x 21cm<br \/>\n<\/span><\/p>\n","protected":false},"featured_media":17897,"template":"","meta":{"_joinchat":[]},"product_brand":[],"product_cat":[97],"product_tag":[],"class_list":{"0":"post-17806","1":"product","2":"type-product","3":"status-publish","4":"has-post-thumbnail","6":"product_cat-papelaria","8":"first","9":"outofstock","10":"shipping-taxable","11":"product-type-simple"},"_links":{"self":[{"href":"https:\/\/www.multicasa.com.br\/inicio\/wp-json\/wp\/v2\/product\/17806","targetHints":{"allow":["GET"]}}],"collection":[{"href":"https:\/\/www.multicasa.com.br\/inicio\/wp-json\/wp\/v2\/product"}],"about":[{"href":"https:\/\/www.multicasa.com.br\/inicio\/wp-json\/wp\/v2\/types\/product"}],"wp:featuredmedia":[{"embeddable":true,"href":"https:\/\/www.multicasa.com.br\/inicio\/wp-json\/wp\/v2\/media\/17897"}],"wp:attachment":[{"href":"https:\/\/www.multicasa.com.br\/inicio\/wp-json\/wp\/v2\/media?parent=17806"}],"wp:term":[{"taxonomy":"product_brand","embeddable":true,"href":"https:\/\/www.multicasa.com.br\/inicio\/wp-json\/wp\/v2\/product_brand?post=17806"},{"taxonomy":"product_cat","embeddable":true,"href":"https:\/\/www.multicasa.com.br\/inicio\/wp-json\/wp\/v2\/product_cat?post=17806"},{"taxonomy":"product_tag","embeddable":true,"href":"https:\/\/www.multicasa.com.br\/inicio\/wp-json\/wp\/v2\/product_tag?post=17806"}],"curies":[{"name":"wp","href":"https:\/\/api.w.org\/{rel}","templated":true}]}}