{"id":17807,"date":"2025-06-20T19:24:06","date_gmt":"2025-06-20T23:24:06","guid":{"rendered":"https:\/\/www.multicasa.com.br\/inicio\/?post_type=product&#038;p=17807"},"modified":"2025-06-20T19:25:35","modified_gmt":"2025-06-20T23:25:35","slug":"limpa-porcelanato-duratto-500ml","status":"publish","type":"product","link":"https:\/\/www.multicasa.com.br\/inicio\/produto\/limpa-porcelanato-duratto-500ml\/","title":{"rendered":"Limpa Porcelanato Duratto 500ml"},"content":{"rendered":"<p>O Limpa Porcelanato da Duratto \u00e9 um produto especialmente formulado para limpar porcelanatos encardidos e tamb\u00e9m remover as principais manchas causadas por caf\u00e9, refrigerante, urina animal, vinho, \u00f3leos e etc. Ele penetra melhor nos poros comparado aos demais detergentes, garantindo total limpeza. Possui 500ml e rende at\u00e9 500 metros quadrados ou 10 litros.<br \/>\nEste produto pode ser utilizado em qualquer tipo de porcelanato, m\u00e1rmores e granitos na remo\u00e7\u00e3o das principais manchas e tamb\u00e9m na limpeza di\u00e1ria. Tenha em m\u00e3os o produto ideal para manuten\u00e7\u00e3o di\u00e1ria e limpeza de qualidade sem esfor\u00e7o!<\/p>\n","protected":false},"excerpt":{"rendered":"<h4 style=\"margin: 0px;padding: 0px 0px 16px;font-family: Lato, sans-serif;font-weight: bold;line-height: 3rem;color: var(--dark-grey3);font-size: 22px;font-style: normal;letter-spacing: normal;text-align: start;text-indent: 0px;text-transform: none\">Informa\u00e7\u00f5es t\u00e9cnicas<\/h4>\n<p><span style=\"margin: 0px;padding: 0px;font-weight: 450;font-size: 14px;line-height: 21px;color: var(--dark-grey2);font-family: Lato, sans-serif;font-style: normal;letter-spacing: normal;text-align: start;text-indent: 0px;text-transform: none\">Produto: Limpador de piso<br \/>\nMarca: Duratto<br \/>\nConte\u00fado: 500ml<br \/>\nUso Indicado: Limpeza de qualquer tipo de porcelanato<br \/>\nCaracter\u00edsticas: Rende at\u00e9 500m\u00b2 ou 10 litros<br \/>\nRemove as principais manchas<br \/>\nItens Inclusos: 1 limpador<br \/>\nDimens\u00f5es do produto (A x L): 19,5 x 7cm<br \/>\n<\/span><\/p>\n","protected":false},"featured_media":17900,"template":"","meta":{"_joinchat":[]},"product_brand":[],"product_cat":[147],"product_tag":[],"class_list":{"0":"post-17807","1":"product","2":"type-product","3":"status-publish","4":"has-post-thumbnail","6":"product_cat-basicos","8":"first","9":"outofstock","10":"shipping-taxable","11":"product-type-simple"},"_links":{"self":[{"href":"https:\/\/www.multicasa.com.br\/inicio\/wp-json\/wp\/v2\/product\/17807","targetHints":{"allow":["GET"]}}],"collection":[{"href":"https:\/\/www.multicasa.com.br\/inicio\/wp-json\/wp\/v2\/product"}],"about":[{"href":"https:\/\/www.multicasa.com.br\/inicio\/wp-json\/wp\/v2\/types\/product"}],"wp:featuredmedia":[{"embeddable":true,"href":"https:\/\/www.multicasa.com.br\/inicio\/wp-json\/wp\/v2\/media\/17900"}],"wp:attachment":[{"href":"https:\/\/www.multicasa.com.br\/inicio\/wp-json\/wp\/v2\/media?parent=17807"}],"wp:term":[{"taxonomy":"product_brand","embeddable":true,"href":"https:\/\/www.multicasa.com.br\/inicio\/wp-json\/wp\/v2\/product_brand?post=17807"},{"taxonomy":"product_cat","embeddable":true,"href":"https:\/\/www.multicasa.com.br\/inicio\/wp-json\/wp\/v2\/product_cat?post=17807"},{"taxonomy":"product_tag","embeddable":true,"href":"https:\/\/www.multicasa.com.br\/inicio\/wp-json\/wp\/v2\/product_tag?post=17807"}],"curies":[{"name":"wp","href":"https:\/\/api.w.org\/{rel}","templated":true}]}}