{"id":17829,"date":"2025-06-20T19:24:28","date_gmt":"2025-06-20T23:24:28","guid":{"rendered":"https:\/\/www.multicasa.com.br\/inicio\/?post_type=product&#038;p=17829"},"modified":"2025-12-16T18:26:33","modified_gmt":"2025-12-16T22:26:33","slug":"kit-carrapeta-universal-com-vedante-de-torneira-abs-blukit-5-pecas","status":"publish","type":"product","link":"https:\/\/www.multicasa.com.br\/inicio\/produto\/kit-carrapeta-universal-com-vedante-de-torneira-abs-blukit-5-pecas\/","title":{"rendered":"Kit Carrapeta Universal com Vedante de Torneira Abs Blukit 5 Pe\u00e7as"},"content":{"rendered":"<p>O kit de carrapeta universal com vedante de torneira da Blukit \u00e9 ideal para evitar pequenos vazamentos de torneiras, como aquele ?pinga-pinga? que fica quando fechamos. Feita de ABS, est\u00e1 dispon\u00edvel na cor preto e tamb\u00e9m pode ser usada em registros, facilita pequenos reparos do dia-a-dia. S\u00e3o 5 unidades que medem 12,5 mm, 15,5 mm e 19,5 mm.<\/p>\n","protected":false},"excerpt":{"rendered":"<h4 style=\"margin: 0px;padding: 0px 0px 16px;font-family: Lato, sans-serif;font-weight: bold;line-height: 3rem;color: var(--dark-grey3);font-size: 22px;font-style: normal;letter-spacing: normal;text-align: start;text-indent: 0px;text-transform: none\">Informa\u00e7\u00f5es t\u00e9cnicas<\/h4>\n<p><span style=\"margin: 0px;padding: 0px;font-weight: 450;font-size: 14px;line-height: 21px;color: var(--dark-grey2);font-family: Lato, sans-serif;font-style: normal;letter-spacing: normal;text-align: start;text-indent: 0px;text-transform: none\">Produto: Kit Carrapeta Universal<br \/>\nMarca: Blukit<br \/>\nMaterial: ABS<br \/>\nCor: Branco e preto<br \/>\nCaracter\u00edsticas: Universal<br \/>\n3 modelos diferentes<br \/>\nItens Inclusos: 5 Carrapeta Universal<br \/>\nDi\u00e2metro do produto (L): 12,5mm \/ 15,5mm \/ 19,5mm<br \/>\n<\/span><\/p>\n","protected":false},"featured_media":17915,"template":"","meta":{"_joinchat":[]},"product_brand":[],"product_cat":[67],"product_tag":[],"class_list":{"0":"post-17829","1":"product","2":"type-product","3":"status-publish","4":"has-post-thumbnail","6":"product_cat-torneiras-e-cia","8":"first","9":"outofstock","10":"shipping-taxable","11":"product-type-simple"},"_links":{"self":[{"href":"https:\/\/www.multicasa.com.br\/inicio\/wp-json\/wp\/v2\/product\/17829","targetHints":{"allow":["GET"]}}],"collection":[{"href":"https:\/\/www.multicasa.com.br\/inicio\/wp-json\/wp\/v2\/product"}],"about":[{"href":"https:\/\/www.multicasa.com.br\/inicio\/wp-json\/wp\/v2\/types\/product"}],"wp:featuredmedia":[{"embeddable":true,"href":"https:\/\/www.multicasa.com.br\/inicio\/wp-json\/wp\/v2\/media\/17915"}],"wp:attachment":[{"href":"https:\/\/www.multicasa.com.br\/inicio\/wp-json\/wp\/v2\/media?parent=17829"}],"wp:term":[{"taxonomy":"product_brand","embeddable":true,"href":"https:\/\/www.multicasa.com.br\/inicio\/wp-json\/wp\/v2\/product_brand?post=17829"},{"taxonomy":"product_cat","embeddable":true,"href":"https:\/\/www.multicasa.com.br\/inicio\/wp-json\/wp\/v2\/product_cat?post=17829"},{"taxonomy":"product_tag","embeddable":true,"href":"https:\/\/www.multicasa.com.br\/inicio\/wp-json\/wp\/v2\/product_tag?post=17829"}],"curies":[{"name":"wp","href":"https:\/\/api.w.org\/{rel}","templated":true}]}}