{"id":17830,"date":"2025-06-20T19:24:28","date_gmt":"2025-06-20T23:24:28","guid":{"rendered":"https:\/\/www.multicasa.com.br\/inicio\/?post_type=product&#038;p=17830"},"modified":"2025-06-20T19:25:46","modified_gmt":"2025-06-20T23:25:46","slug":"jogo-de-potes-hermeticos-de-plastico-com-tampa-3-pecas-milk","status":"publish","type":"product","link":"https:\/\/www.multicasa.com.br\/inicio\/produto\/jogo-de-potes-hermeticos-de-plastico-com-tampa-3-pecas-milk\/","title":{"rendered":"Jogo de Potes Herm\u00e9ticos de Pl\u00e1stico com tampa 3 pe\u00e7as Milk"},"content":{"rendered":"<p>O Jogo de Potes Herm\u00e9ticos Milk possui 3 tamanhos diferentes para atender suas necessidades no dia a dia, um pote com capacidade para 500ml, um pote com capacidade para 1 litro e um com capacidade para 1,6 litro. Com esse conjunto de potes fabricado em pl\u00e1stico e com tampa herm\u00e9tica, voc\u00ea guarda e conserva alimentos frescos por muito mais tempo.<\/p>\n","protected":false},"excerpt":{"rendered":"<h4 style=\"margin: 0px;padding: 0px 0px 16px;font-family: Lato, sans-serif;font-weight: bold;line-height: 3rem;color: var(--dark-grey3);font-size: 22px;font-style: normal;letter-spacing: normal;text-align: start;text-indent: 0px;text-transform: none\">Informa\u00e7\u00f5es t\u00e9cnicas<\/h4>\n<p><span style=\"margin: 0px;padding: 0px;font-weight: 450;font-size: 14px;line-height: 21px;color: var(--dark-grey2);font-family: Lato, sans-serif;font-style: normal;letter-spacing: normal;text-align: start;text-indent: 0px;text-transform: none\">Produto: Pote<br \/>\nMarca: Milk<br \/>\nMaterial: Pl\u00e1stico<br \/>\nCor: Incolor e azul<br \/>\nCapacidade: 500ml, 1L e 1,6L<br \/>\nCaracter\u00edsticas: Tampa herm\u00e9tica<br \/>\nItens Inclusos: 3 potes<br \/>\nDimens\u00f5es do produto (A X L): Grande 8 x 15cm<br \/>\nM\u00e9dio 7 x 12cm<br \/>\nPequeno 6 x 10cm<\/span><\/p>\n","protected":false},"featured_media":17916,"template":"","meta":{"_joinchat":[]},"product_brand":[],"product_cat":[98],"product_tag":[],"class_list":{"0":"post-17830","1":"product","2":"type-product","3":"status-publish","4":"has-post-thumbnail","6":"product_cat-organizadores","8":"first","9":"outofstock","10":"shipping-taxable","11":"product-type-simple"},"_links":{"self":[{"href":"https:\/\/www.multicasa.com.br\/inicio\/wp-json\/wp\/v2\/product\/17830","targetHints":{"allow":["GET"]}}],"collection":[{"href":"https:\/\/www.multicasa.com.br\/inicio\/wp-json\/wp\/v2\/product"}],"about":[{"href":"https:\/\/www.multicasa.com.br\/inicio\/wp-json\/wp\/v2\/types\/product"}],"wp:featuredmedia":[{"embeddable":true,"href":"https:\/\/www.multicasa.com.br\/inicio\/wp-json\/wp\/v2\/media\/17916"}],"wp:attachment":[{"href":"https:\/\/www.multicasa.com.br\/inicio\/wp-json\/wp\/v2\/media?parent=17830"}],"wp:term":[{"taxonomy":"product_brand","embeddable":true,"href":"https:\/\/www.multicasa.com.br\/inicio\/wp-json\/wp\/v2\/product_brand?post=17830"},{"taxonomy":"product_cat","embeddable":true,"href":"https:\/\/www.multicasa.com.br\/inicio\/wp-json\/wp\/v2\/product_cat?post=17830"},{"taxonomy":"product_tag","embeddable":true,"href":"https:\/\/www.multicasa.com.br\/inicio\/wp-json\/wp\/v2\/product_tag?post=17830"}],"curies":[{"name":"wp","href":"https:\/\/api.w.org\/{rel}","templated":true}]}}