{"id":17832,"date":"2025-06-20T19:24:28","date_gmt":"2025-06-20T23:24:28","guid":{"rendered":"https:\/\/www.multicasa.com.br\/inicio\/?post_type=product&#038;p=17832"},"modified":"2026-01-31T11:30:24","modified_gmt":"2026-01-31T15:30:24","slug":"arara-de-roupas-com-sapateira-e-rodinhas-regulavel-em-aco-arthi","status":"publish","type":"product","link":"https:\/\/www.multicasa.com.br\/inicio\/produto\/arara-de-roupas-com-sapateira-e-rodinhas-regulavel-em-aco-arthi\/","title":{"rendered":"Arara de Roupas com Sapateira e Rodinhas Regul\u00e1vel em A\u00e7o Arthi"},"content":{"rendered":"<p>Arara de Roupas com Sapateira e Rodinhas Regul\u00e1vel da Arthi com hastes em a\u00e7o cromado e base em pl\u00e1stico, ideal para deixar na lavanderia, dispensa ou closet e quartos. Organize seu casa de forma pr\u00e1tica e atraente, ajustando a altura da sua arara m\u00f3vel conforme a sua necessidade. Suas rodinhas facilitam o transporte para outros c\u00f4modos. 36 meses de garantia do fornecedor; cabides n\u00e3o inclusos. Solu\u00e7\u00e3o eficiente para a organiza\u00e7\u00e3o do seu lar.<\/p>\n","protected":false},"excerpt":{"rendered":"<h4 style=\"margin: 0px;padding: 0px 0px 16px;font-family: Lato, sans-serif;font-weight: bold;line-height: 3rem;color: var(--dark-grey3);font-size: 22px;font-style: normal;letter-spacing: normal;text-align: start;text-indent: 0px;text-transform: none\">Informa\u00e7\u00f5es t\u00e9cnicas<\/h4>\n<p><span style=\"margin: 0px;padding: 0px;font-weight: 450;font-size: 14px;line-height: 21px;color: var(--dark-grey2);font-family: Lato, sans-serif;font-style: normal;letter-spacing: normal;text-align: start;text-indent: 0px;text-transform: none\">Produto: Arara de Roupas com Sapateira<br \/>\nMarca: Arthi<br \/>\nMaterial: A\u00e7o cromado e pl\u00e1stico<br \/>\nCor: preto, prata<br \/>\nCaracter\u00edsticas: Altura regul\u00e1vel<br \/>\nItens Inclusos: 1 Arara de roupas com sapateira<br \/>\nDimens\u00f5es do produto (A x L x P): 160 x 76 x 45cm<br \/>\nGarantia: 36 meses (fornecedor)<\/span><\/p>\n","protected":false},"featured_media":24616,"template":"","meta":{"_joinchat":[]},"product_brand":[],"product_cat":[95],"product_tag":[],"class_list":{"0":"post-17832","1":"product","2":"type-product","3":"status-publish","4":"has-post-thumbnail","6":"product_cat-lavanderia","8":"first","9":"outofstock","10":"shipping-taxable","11":"purchasable","12":"product-type-simple"},"_links":{"self":[{"href":"https:\/\/www.multicasa.com.br\/inicio\/wp-json\/wp\/v2\/product\/17832","targetHints":{"allow":["GET"]}}],"collection":[{"href":"https:\/\/www.multicasa.com.br\/inicio\/wp-json\/wp\/v2\/product"}],"about":[{"href":"https:\/\/www.multicasa.com.br\/inicio\/wp-json\/wp\/v2\/types\/product"}],"wp:featuredmedia":[{"embeddable":true,"href":"https:\/\/www.multicasa.com.br\/inicio\/wp-json\/wp\/v2\/media\/24616"}],"wp:attachment":[{"href":"https:\/\/www.multicasa.com.br\/inicio\/wp-json\/wp\/v2\/media?parent=17832"}],"wp:term":[{"taxonomy":"product_brand","embeddable":true,"href":"https:\/\/www.multicasa.com.br\/inicio\/wp-json\/wp\/v2\/product_brand?post=17832"},{"taxonomy":"product_cat","embeddable":true,"href":"https:\/\/www.multicasa.com.br\/inicio\/wp-json\/wp\/v2\/product_cat?post=17832"},{"taxonomy":"product_tag","embeddable":true,"href":"https:\/\/www.multicasa.com.br\/inicio\/wp-json\/wp\/v2\/product_tag?post=17832"}],"curies":[{"name":"wp","href":"https:\/\/api.w.org\/{rel}","templated":true}]}}