{"id":17833,"date":"2025-06-20T19:24:28","date_gmt":"2025-06-20T23:24:28","guid":{"rendered":"https:\/\/www.multicasa.com.br\/inicio\/?post_type=product&#038;p=17833"},"modified":"2025-08-18T00:25:49","modified_gmt":"2025-08-18T04:25:49","slug":"suporte-multiuso-de-plastico-com-alca-arthi","status":"publish","type":"product","link":"https:\/\/www.multicasa.com.br\/inicio\/produto\/suporte-multiuso-de-plastico-com-alca-arthi\/","title":{"rendered":"Suporte Multiuso de Pl\u00e1stico com Al\u00e7a Arthi"},"content":{"rendered":"<p>Cansou dos pregadores espalhados pela lavanderia e dos xamp\u00fas e condicionadores pelo ch\u00e3o do banheiro? O Suporte Multiuso de Pl\u00e1stico da Arthi foi desenvolvido para acabar com estes problemas. Sua al\u00e7a facilita o encaixe em lugares de f\u00e1cil acesso que deixar\u00e3o sua rotina mais organizada. Ideal para quem n\u00e3o abre m\u00e3o de ter a casa sempre em ordem.<\/p>\n","protected":false},"excerpt":{"rendered":"<h4 style=\"margin: 0px;padding: 0px 0px 16px;font-family: Lato, sans-serif;font-weight: bold;line-height: 3rem;color: var(--dark-grey3);font-size: 22px;font-style: normal;letter-spacing: normal;text-align: start;text-indent: 0px;text-transform: none\">Informa\u00e7\u00f5es t\u00e9cnicas<\/h4>\n<p><span style=\"margin: 0px;padding: 0px;font-weight: 450;font-size: 14px;line-height: 21px;color: var(--dark-grey2);font-family: Lato, sans-serif;font-style: normal;letter-spacing: normal;text-align: start;text-indent: 0px;text-transform: none\">Produto: Suporte Organizador<br \/>\nMarca: Arthi<br \/>\nMaterial: Pl\u00e1stico<br \/>\nCor: Branco<br \/>\nCaracter\u00edsticas: Possui transpar\u00eancia<br \/>\nPossui gancho<br \/>\nItens inclusos: 1 Suporte Organizador<br \/>\nDimens\u00f5es do produto (A X L X P): 28,5 x 9,5 x 25,5cm<br \/>\n<\/span><\/p>\n","protected":false},"featured_media":17919,"template":"","meta":{"_joinchat":[]},"product_brand":[],"product_cat":[98],"product_tag":[],"class_list":{"0":"post-17833","1":"product","2":"type-product","3":"status-publish","4":"has-post-thumbnail","6":"product_cat-organizadores","8":"first","9":"outofstock","10":"shipping-taxable","11":"purchasable","12":"product-type-simple"},"_links":{"self":[{"href":"https:\/\/www.multicasa.com.br\/inicio\/wp-json\/wp\/v2\/product\/17833","targetHints":{"allow":["GET"]}}],"collection":[{"href":"https:\/\/www.multicasa.com.br\/inicio\/wp-json\/wp\/v2\/product"}],"about":[{"href":"https:\/\/www.multicasa.com.br\/inicio\/wp-json\/wp\/v2\/types\/product"}],"wp:featuredmedia":[{"embeddable":true,"href":"https:\/\/www.multicasa.com.br\/inicio\/wp-json\/wp\/v2\/media\/17919"}],"wp:attachment":[{"href":"https:\/\/www.multicasa.com.br\/inicio\/wp-json\/wp\/v2\/media?parent=17833"}],"wp:term":[{"taxonomy":"product_brand","embeddable":true,"href":"https:\/\/www.multicasa.com.br\/inicio\/wp-json\/wp\/v2\/product_brand?post=17833"},{"taxonomy":"product_cat","embeddable":true,"href":"https:\/\/www.multicasa.com.br\/inicio\/wp-json\/wp\/v2\/product_cat?post=17833"},{"taxonomy":"product_tag","embeddable":true,"href":"https:\/\/www.multicasa.com.br\/inicio\/wp-json\/wp\/v2\/product_tag?post=17833"}],"curies":[{"name":"wp","href":"https:\/\/api.w.org\/{rel}","templated":true}]}}