{"id":17876,"date":"2025-06-20T19:25:15","date_gmt":"2025-06-20T23:25:15","guid":{"rendered":"https:\/\/www.multicasa.com.br\/inicio\/?post_type=product&#038;p=17876"},"modified":"2025-12-16T18:43:05","modified_gmt":"2025-12-16T22:43:05","slug":"cabo-usb-lightning-branco-i2go-3m","status":"publish","type":"product","link":"https:\/\/www.multicasa.com.br\/inicio\/produto\/cabo-usb-lightning-branco-i2go-3m\/","title":{"rendered":"Cabo USB Lightning Branco I2GO 3m"},"content":{"rendered":"<p>O Cabo USB Lightning I2GO utiliza chip conector original homologado e certificado pela apple. Sua performance \u00e9 melhor e mais r\u00e1pida do que os cabos convencionais e \u00e9 compat\u00edvel com com qualquer aparelho apple que possua entrada lightning. Cabo flex\u00edvel com revestimento em pvc e design flat na cor branco, que n\u00e3o enrola. Quando o assunto \u00e9 resist\u00eancia e durabilidade, o cabo lightning i2go se destaca atrav\u00e9s de sua blindagem em folha de alum\u00ednio e malha de cobre protetora, tendo sido desenhado e testado para suportar mais de 10.000 dobras sem danificar o seu funcionamento.<\/p>\n","protected":false},"excerpt":{"rendered":"<h4 style=\"margin: 0px;padding: 0px 0px 16px;font-family: Lato, sans-serif;font-weight: bold;line-height: 3rem;color: var(--dark-grey3);font-size: 22px;font-style: normal;letter-spacing: normal;text-align: start;text-indent: 0px;text-transform: none\">Informa\u00e7\u00f5es t\u00e9cnicas<\/h4>\n<p><span style=\"margin: 0px;padding: 0px;font-weight: 450;font-size: 14px;line-height: 21px;color: var(--dark-grey2);font-family: Lato, sans-serif;font-style: normal;letter-spacing: normal;text-align: start;text-indent: 0px;text-transform: none\">Produto: Cabo USB<br \/>\nTipo: Lightning<br \/>\nMarca: I2GO<br \/>\nMaterial: PVC<br \/>\nAcabamento: Folha de alum\u00ednio e malha de cobre<br \/>\nCor: Branco<br \/>\nCaracter\u00edsticas: Carrega e sincroniza dados<br \/>\nIdeal para iphone, ipad e ipod<br \/>\nCertificado pela apple<br \/>\nCabo Flat que n\u00e3o enrola<br \/>\nFio de energia de 20awg<br \/>\nFio de dados de 28awg<br \/>\nSuporta at\u00e9 2,4 amps<br \/>\nSuporta + de 10.000 dobras<br \/>\nItens inclusos: 1 Cabo USB<br \/>\nDimens\u00f5es do produto (C): 3m<\/span><\/p>\n","protected":false},"featured_media":17946,"template":"","meta":{"_joinchat":[]},"product_brand":[],"product_cat":[153],"product_tag":[],"class_list":{"0":"post-17876","1":"product","2":"type-product","3":"status-publish","4":"has-post-thumbnail","6":"product_cat-eletronica-e-cia","8":"first","9":"outofstock","10":"shipping-taxable","11":"product-type-simple"},"_links":{"self":[{"href":"https:\/\/www.multicasa.com.br\/inicio\/wp-json\/wp\/v2\/product\/17876","targetHints":{"allow":["GET"]}}],"collection":[{"href":"https:\/\/www.multicasa.com.br\/inicio\/wp-json\/wp\/v2\/product"}],"about":[{"href":"https:\/\/www.multicasa.com.br\/inicio\/wp-json\/wp\/v2\/types\/product"}],"wp:featuredmedia":[{"embeddable":true,"href":"https:\/\/www.multicasa.com.br\/inicio\/wp-json\/wp\/v2\/media\/17946"}],"wp:attachment":[{"href":"https:\/\/www.multicasa.com.br\/inicio\/wp-json\/wp\/v2\/media?parent=17876"}],"wp:term":[{"taxonomy":"product_brand","embeddable":true,"href":"https:\/\/www.multicasa.com.br\/inicio\/wp-json\/wp\/v2\/product_brand?post=17876"},{"taxonomy":"product_cat","embeddable":true,"href":"https:\/\/www.multicasa.com.br\/inicio\/wp-json\/wp\/v2\/product_cat?post=17876"},{"taxonomy":"product_tag","embeddable":true,"href":"https:\/\/www.multicasa.com.br\/inicio\/wp-json\/wp\/v2\/product_tag?post=17876"}],"curies":[{"name":"wp","href":"https:\/\/api.w.org\/{rel}","templated":true}]}}