{"id":17877,"date":"2025-06-20T19:25:15","date_gmt":"2025-06-20T23:25:15","guid":{"rendered":"https:\/\/www.multicasa.com.br\/inicio\/?post_type=product&#038;p=17877"},"modified":"2025-07-01T13:57:34","modified_gmt":"2025-07-01T17:57:34","slug":"radio-portatil-mondial-rp-04-fm-am-sw","status":"publish","type":"product","link":"https:\/\/www.multicasa.com.br\/inicio\/produto\/radio-portatil-mondial-rp-04-fm-am-sw\/","title":{"rendered":"R\u00e1dio Port\u00e1til Mondial RP-04 FM\/AM\/SW"},"content":{"rendered":"<p>O R\u00e1dio port\u00e1til Mondial modelo RP-04 \u00e9 perfeito para voc\u00ea acompanhar as not\u00edcias do dia ou m\u00fasicas que gosta. O r\u00e1dio multiband da mondial \u00e9 equipado com visor LCD digital para facilitar a visualiza\u00e7\u00e3o da faixa sintonizada. Antena telesc\u00f3pica e al\u00e7a para transporte. Possui tamb\u00e9m fun\u00e7\u00e3o de rel\u00f3gio e alarme, com seus bot\u00f5es de configura\u00e7\u00e3o no painel frontal. Com suporte de apoio e conex\u00e3o para fone de ouvido, sua alimenta\u00e7\u00e3o \u00e9 atrav\u00e9s de 2 pilhas AA permitindo que voc\u00ea use onde desejar.<\/p>\n","protected":false},"excerpt":{"rendered":"<h4 style=\"margin: 0px;padding: 0px 0px 16px;font-family: Lato, sans-serif;font-weight: bold;line-height: 3rem;color: var(--dark-grey3);font-size: 22px;font-style: normal;letter-spacing: normal;text-align: start;text-indent: 0px;text-transform: none\">Informa\u00e7\u00f5es t\u00e9cnicas<\/h4>\n<p><span style=\"margin: 0px;padding: 0px;font-weight: 450;font-size: 14px;line-height: 21px;color: var(--dark-grey2);font-family: Lato, sans-serif;font-style: normal;letter-spacing: normal;text-align: start;text-indent: 0px;text-transform: none\">Produto: R\u00e1dio<br \/>\nTipo: Port\u00e1til<br \/>\nMarca: Mondial<br \/>\nModelo: RP-04<br \/>\nMaterial: Pl\u00e1stico<br \/>\nMetal<br \/>\nCor: Preta<br \/>\nEntrada: DC 3V<br \/>\nAlimenta\u00e7\u00e3o: 2 pilhas AA (n\u00e3o inclusas)<br \/>\nSistema de \u00e1udio: Mono<br \/>\nSintonizador: est\u00e9reo FM\/AM\/SW<br \/>\nCaracter\u00edsticas: Fun\u00e7\u00e3o rel\u00f3gio<br \/>\nAlarme<br \/>\nSintoniza 10 faixas de ondas curtas<br \/>\nAl\u00e7a para transporte<br \/>\nItens Inclusos: 1 r\u00e1dio port\u00e1til<br \/>\nDimens\u00f5es do produto (A x L): 13,5 x 9cm<br \/>\nGarantia: 1 ano pelo fabricante<\/p>\n<p><\/span><\/p>\n","protected":false},"featured_media":27459,"template":"","meta":{"_joinchat":[]},"product_brand":[],"product_cat":[153],"product_tag":[],"class_list":{"0":"post-17877","1":"product","2":"type-product","3":"status-publish","4":"has-post-thumbnail","6":"product_cat-eletronica-e-cia","8":"first","9":"outofstock","10":"shipping-taxable","11":"product-type-simple"},"_links":{"self":[{"href":"https:\/\/www.multicasa.com.br\/inicio\/wp-json\/wp\/v2\/product\/17877","targetHints":{"allow":["GET"]}}],"collection":[{"href":"https:\/\/www.multicasa.com.br\/inicio\/wp-json\/wp\/v2\/product"}],"about":[{"href":"https:\/\/www.multicasa.com.br\/inicio\/wp-json\/wp\/v2\/types\/product"}],"wp:featuredmedia":[{"embeddable":true,"href":"https:\/\/www.multicasa.com.br\/inicio\/wp-json\/wp\/v2\/media\/27459"}],"wp:attachment":[{"href":"https:\/\/www.multicasa.com.br\/inicio\/wp-json\/wp\/v2\/media?parent=17877"}],"wp:term":[{"taxonomy":"product_brand","embeddable":true,"href":"https:\/\/www.multicasa.com.br\/inicio\/wp-json\/wp\/v2\/product_brand?post=17877"},{"taxonomy":"product_cat","embeddable":true,"href":"https:\/\/www.multicasa.com.br\/inicio\/wp-json\/wp\/v2\/product_cat?post=17877"},{"taxonomy":"product_tag","embeddable":true,"href":"https:\/\/www.multicasa.com.br\/inicio\/wp-json\/wp\/v2\/product_tag?post=17877"}],"curies":[{"name":"wp","href":"https:\/\/api.w.org\/{rel}","templated":true}]}}