{"id":17910,"date":"2025-06-20T19:25:39","date_gmt":"2025-06-20T23:25:39","guid":{"rendered":"https:\/\/www.multicasa.com.br\/inicio\/?post_type=product&#038;p=17910"},"modified":"2025-08-16T19:01:23","modified_gmt":"2025-08-16T23:01:23","slug":"escova-de-limpeza-para-canudos-bono-4-unidades","status":"publish","type":"product","link":"https:\/\/www.multicasa.com.br\/inicio\/produto\/escova-de-limpeza-para-canudos-bono-4-unidades\/","title":{"rendered":"Escova de Limpeza para Canudos Bono 4 unidades"},"content":{"rendered":"<p>Use a Escova para Canudos da Bono para manter seus canudos re\u00fatiliz\u00e1veis sempre higienizados e livres de res\u00edduos. S\u00e3o 4 pe\u00e7as com cerdas que proporcionam limpeza r\u00e1pida, pr\u00e1tica e eficiente nos m\u00ednimos detalhes. Mais agilidade e praticidade para suas lou\u00e7as.<\/p>\n","protected":false},"excerpt":{"rendered":"<h4 style=\"margin: 0px;padding: 0px 0px 16px;font-family: Lato, sans-serif;font-weight: bold;line-height: 3rem;color: var(--dark-grey3);font-size: 22px;font-style: normal;letter-spacing: normal;text-align: start;text-indent: 0px;text-transform: none\">Informa\u00e7\u00f5es t\u00e9cnicas<\/h4>\n<p><span style=\"margin: 0px;padding: 0px;font-weight: 450;font-size: 14px;line-height: 21px;color: var(--dark-grey2);font-family: Lato, sans-serif;font-style: normal;letter-spacing: normal;text-align: start;text-indent: 0px;text-transform: none\">Produto: Escova de Limpeza para Canudos<br \/>\nMarca: Bono<br \/>\nMaterial: Metal<br \/>\nNylon<br \/>\nQuantidade de pe\u00e7as: 4<br \/>\nItens Inclusos: 2 Escovas Grandes<br \/>\n2 Escovas Pequenas<br \/>\nDimens\u00f5es do produto (A): Escova grande &#8211; 27,5cm<br \/>\nEscova pequena &#8211; 22cm<\/p>\n<p><\/span><\/p>\n","protected":false},"featured_media":17972,"template":"","meta":{"_joinchat":[]},"product_brand":[],"product_cat":[96],"product_tag":[],"class_list":{"0":"post-17910","1":"product","2":"type-product","3":"status-publish","4":"has-post-thumbnail","6":"product_cat-limpeza-e-cia","8":"first","9":"outofstock","10":"shipping-taxable","11":"product-type-simple"},"_links":{"self":[{"href":"https:\/\/www.multicasa.com.br\/inicio\/wp-json\/wp\/v2\/product\/17910","targetHints":{"allow":["GET"]}}],"collection":[{"href":"https:\/\/www.multicasa.com.br\/inicio\/wp-json\/wp\/v2\/product"}],"about":[{"href":"https:\/\/www.multicasa.com.br\/inicio\/wp-json\/wp\/v2\/types\/product"}],"wp:featuredmedia":[{"embeddable":true,"href":"https:\/\/www.multicasa.com.br\/inicio\/wp-json\/wp\/v2\/media\/17972"}],"wp:attachment":[{"href":"https:\/\/www.multicasa.com.br\/inicio\/wp-json\/wp\/v2\/media?parent=17910"}],"wp:term":[{"taxonomy":"product_brand","embeddable":true,"href":"https:\/\/www.multicasa.com.br\/inicio\/wp-json\/wp\/v2\/product_brand?post=17910"},{"taxonomy":"product_cat","embeddable":true,"href":"https:\/\/www.multicasa.com.br\/inicio\/wp-json\/wp\/v2\/product_cat?post=17910"},{"taxonomy":"product_tag","embeddable":true,"href":"https:\/\/www.multicasa.com.br\/inicio\/wp-json\/wp\/v2\/product_tag?post=17910"}],"curies":[{"name":"wp","href":"https:\/\/api.w.org\/{rel}","templated":true}]}}