{"id":17928,"date":"2025-06-20T19:26:00","date_gmt":"2025-06-20T23:26:00","guid":{"rendered":"https:\/\/www.multicasa.com.br\/inicio\/?post_type=product&#038;p=17928"},"modified":"2025-06-23T12:31:09","modified_gmt":"2025-06-23T16:31:09","slug":"teclado-numerico-com-fio-usb-tc230-preto-multilaser","status":"publish","type":"product","link":"https:\/\/www.multicasa.com.br\/inicio\/produto\/teclado-numerico-com-fio-usb-tc230-preto-multilaser\/","title":{"rendered":"Teclado Num\u00e9rico com Fio USB TC230 Preto Multilaser"},"content":{"rendered":"<p>Teclado Num\u00e9rico TC230 Multilaser com conex\u00e3o por Fio USB, seu cabo \u00e9 retr\u00e1til e tem 100cm de comprimento. Ideal para notebook, possui teclas macias e silenciosas, e \u00e9 compat\u00edvel com windows e mac os. Produzido em pl\u00e1stico na cor preto, possui design cl\u00e1ssico e \u00e9 um item vers\u00e1til para o uso em casa ou escrit\u00f3rio.<\/p>\n","protected":false},"excerpt":{"rendered":"<h4 style=\"margin: 0px;padding: 0px 0px 16px;font-family: Lato, sans-serif;font-weight: bold;line-height: 3rem;color: var(--dark-grey3);font-size: 22px;font-style: normal;letter-spacing: normal;text-align: start;text-indent: 0px;text-transform: none\">Informa\u00e7\u00f5es t\u00e9cnicas<\/h4>\n<p><span style=\"margin: 0px;padding: 0px;font-weight: 450;font-size: 14px;line-height: 21px;color: var(--dark-grey2);font-family: Lato, sans-serif;font-style: normal;letter-spacing: normal;text-align: start;text-indent: 0px;text-transform: none\">Produto: Teclado n\u00famerico<br \/>\nMarca: Multilaser<br \/>\nModelo: TC230<br \/>\nMaterial: Pl\u00e1stico<br \/>\nCor: Preto<br \/>\nCaracter\u00edsticas: Porta Usb<br \/>\nCabo retr\u00e1til<br \/>\nCompat\u00edvel com Windows Ou MAC OS<br \/>\nItens Inclusos: 1 Teclado n\u00famerico<br \/>\nDimens\u00f5es do produto (A X L X P): 2,2 x 7,4 x 11,7cm<br \/>\n<\/span><\/p>\n","protected":false},"featured_media":26810,"template":"","meta":{"_joinchat":[]},"product_brand":[],"product_cat":[130],"product_tag":[],"class_list":{"0":"post-17928","1":"product","2":"type-product","3":"status-publish","4":"has-post-thumbnail","6":"product_cat-informatica","8":"first","9":"outofstock","10":"shipping-taxable","11":"product-type-simple"},"_links":{"self":[{"href":"https:\/\/www.multicasa.com.br\/inicio\/wp-json\/wp\/v2\/product\/17928","targetHints":{"allow":["GET"]}}],"collection":[{"href":"https:\/\/www.multicasa.com.br\/inicio\/wp-json\/wp\/v2\/product"}],"about":[{"href":"https:\/\/www.multicasa.com.br\/inicio\/wp-json\/wp\/v2\/types\/product"}],"wp:featuredmedia":[{"embeddable":true,"href":"https:\/\/www.multicasa.com.br\/inicio\/wp-json\/wp\/v2\/media\/26810"}],"wp:attachment":[{"href":"https:\/\/www.multicasa.com.br\/inicio\/wp-json\/wp\/v2\/media?parent=17928"}],"wp:term":[{"taxonomy":"product_brand","embeddable":true,"href":"https:\/\/www.multicasa.com.br\/inicio\/wp-json\/wp\/v2\/product_brand?post=17928"},{"taxonomy":"product_cat","embeddable":true,"href":"https:\/\/www.multicasa.com.br\/inicio\/wp-json\/wp\/v2\/product_cat?post=17928"},{"taxonomy":"product_tag","embeddable":true,"href":"https:\/\/www.multicasa.com.br\/inicio\/wp-json\/wp\/v2\/product_tag?post=17928"}],"curies":[{"name":"wp","href":"https:\/\/api.w.org\/{rel}","templated":true}]}}