{"id":17929,"date":"2025-06-20T19:26:00","date_gmt":"2025-06-20T23:26:00","guid":{"rendered":"https:\/\/www.multicasa.com.br\/inicio\/?post_type=product&#038;p=17929"},"modified":"2025-06-20T19:26:44","modified_gmt":"2025-06-20T23:26:44","slug":"bateria-lithium-cr123-duracell-3v","status":"publish","type":"product","link":"https:\/\/www.multicasa.com.br\/inicio\/produto\/bateria-lithium-cr123-duracell-3v\/","title":{"rendered":"Bateria Lithium CR123 Duracell 3V"},"content":{"rendered":"<p>A bateria de lithium CR123 da Duracell de 3v \u00e9 indicada para Zoll Dea ? desfibrilador (10 pilhas e troca frequente), c\u00e2meras de vigil\u00e2ncia, lanternas e sensores de movimento. Pode ser utilizada mais de uma vez na desfibrila\u00e7\u00e3o, mas recomenda-se a troca constante das pilhas. N\u00e3o t\u00f3xica para o meio-ambiente, a bateria de lithium da Duracell garante qualidade e efici\u00eancia aos aparelhos.<\/p>\n","protected":false},"excerpt":{"rendered":"<h4 style=\"margin: 0px;padding: 0px 0px 16px;font-family: Lato, sans-serif;font-weight: bold;line-height: 3rem;color: var(--dark-grey3);font-size: 22px;font-style: normal;letter-spacing: normal;text-align: start;text-indent: 0px;text-transform: none\">Informa\u00e7\u00f5es t\u00e9cnicas<\/h4>\n<p><span style=\"margin: 0px;padding: 0px;font-weight: 450;font-size: 14px;line-height: 21px;color: var(--dark-grey2);font-family: Lato, sans-serif;font-style: normal;letter-spacing: normal;text-align: start;text-indent: 0px;text-transform: none\">Produto: Bateria<br \/>\nTipo: Lithium<br \/>\nMarca: Duracell<br \/>\nModelo: CR123<br \/>\nVoltagem: 3v<br \/>\nUso Indicado: Desfibrilador, c\u00e2meras de vigil\u00e2ncia, lanternas e sensores de movimento.<br \/>\nCaracter\u00edsticas: N\u00e3o t\u00f3xico ao meio ambiente<br \/>\nPossui validade longa (de 5 a 10 anos, dependendo do lote e armazenamento)<br \/>\nItens inclusos: 1 bateria<br \/>\n<\/span><\/p>\n","protected":false},"featured_media":17976,"template":"","meta":{"_joinchat":[]},"product_brand":[],"product_cat":[151],"product_tag":[],"class_list":{"0":"post-17929","1":"product","2":"type-product","3":"status-publish","4":"has-post-thumbnail","6":"product_cat-pilhas","8":"first","9":"outofstock","10":"shipping-taxable","11":"product-type-simple"},"_links":{"self":[{"href":"https:\/\/www.multicasa.com.br\/inicio\/wp-json\/wp\/v2\/product\/17929","targetHints":{"allow":["GET"]}}],"collection":[{"href":"https:\/\/www.multicasa.com.br\/inicio\/wp-json\/wp\/v2\/product"}],"about":[{"href":"https:\/\/www.multicasa.com.br\/inicio\/wp-json\/wp\/v2\/types\/product"}],"wp:featuredmedia":[{"embeddable":true,"href":"https:\/\/www.multicasa.com.br\/inicio\/wp-json\/wp\/v2\/media\/17976"}],"wp:attachment":[{"href":"https:\/\/www.multicasa.com.br\/inicio\/wp-json\/wp\/v2\/media?parent=17929"}],"wp:term":[{"taxonomy":"product_brand","embeddable":true,"href":"https:\/\/www.multicasa.com.br\/inicio\/wp-json\/wp\/v2\/product_brand?post=17929"},{"taxonomy":"product_cat","embeddable":true,"href":"https:\/\/www.multicasa.com.br\/inicio\/wp-json\/wp\/v2\/product_cat?post=17929"},{"taxonomy":"product_tag","embeddable":true,"href":"https:\/\/www.multicasa.com.br\/inicio\/wp-json\/wp\/v2\/product_tag?post=17929"}],"curies":[{"name":"wp","href":"https:\/\/api.w.org\/{rel}","templated":true}]}}