{"id":17932,"date":"2025-06-20T19:26:01","date_gmt":"2025-06-20T23:26:01","guid":{"rendered":"https:\/\/www.multicasa.com.br\/inicio\/?post_type=product&#038;p=17932"},"modified":"2025-08-18T01:33:51","modified_gmt":"2025-08-18T05:33:51","slug":"pote-hermetico-de-plastico-tampa-com-trava-plasutil-910ml","status":"publish","type":"product","link":"https:\/\/www.multicasa.com.br\/inicio\/produto\/pote-hermetico-de-plastico-tampa-com-trava-plasutil-910ml\/","title":{"rendered":"Pote Herm\u00e9tico de Pl\u00e1stico Tampa com Trava Plas\u00fatil 910ml"},"content":{"rendered":"<p>Com o Pote Herm\u00e9tico Plas\u00fatil voc\u00ea tem um produto pr\u00e1tico e higi\u00eanico, produzido em polipropileno at\u00f3xico que n\u00e3o transfere nem absorve cheiros e gostos. Retangular, possui capacidade para 910ml e tampa preta com trava lateral. Perfeito para manter sua cozinha organizada e linda!<\/p>\n","protected":false},"excerpt":{"rendered":"<h4 style=\"margin: 0px;padding: 0px 0px 16px;font-family: Lato, sans-serif;font-weight: bold;line-height: 3rem;color: var(--dark-grey3);font-size: 22px;font-style: normal;letter-spacing: normal;text-align: start;text-indent: 0px;text-transform: none\">Informa\u00e7\u00f5es t\u00e9cnicas<\/h4>\n<p><span style=\"margin: 0px;padding: 0px;font-weight: 450;font-size: 14px;line-height: 21px;color: var(--dark-grey2);font-family: Lato, sans-serif;font-style: normal;letter-spacing: normal;text-align: start;text-indent: 0px;text-transform: none\">Produto: Pote<br \/>\nMarca: Plas\u00fatil<br \/>\nMaterial: Polipropileno<br \/>\nCor: Incolor e preto<br \/>\nCapacidade: 910ml<br \/>\nCaracter\u00edsticas:Tampa com trava<br \/>\nItens Inclusos: 1 pote<br \/>\nDimens\u00f5es do produto (A x L x P): 7,4 x 18 x 14cm<br \/>\n<\/span><\/p>\n","protected":false},"featured_media":17995,"template":"","meta":{"_joinchat":[]},"product_brand":[],"product_cat":[98],"product_tag":[],"class_list":{"0":"post-17932","1":"product","2":"type-product","3":"status-publish","4":"has-post-thumbnail","6":"product_cat-organizadores","8":"first","9":"outofstock","10":"shipping-taxable","11":"purchasable","12":"product-type-simple"},"_links":{"self":[{"href":"https:\/\/www.multicasa.com.br\/inicio\/wp-json\/wp\/v2\/product\/17932","targetHints":{"allow":["GET"]}}],"collection":[{"href":"https:\/\/www.multicasa.com.br\/inicio\/wp-json\/wp\/v2\/product"}],"about":[{"href":"https:\/\/www.multicasa.com.br\/inicio\/wp-json\/wp\/v2\/types\/product"}],"wp:featuredmedia":[{"embeddable":true,"href":"https:\/\/www.multicasa.com.br\/inicio\/wp-json\/wp\/v2\/media\/17995"}],"wp:attachment":[{"href":"https:\/\/www.multicasa.com.br\/inicio\/wp-json\/wp\/v2\/media?parent=17932"}],"wp:term":[{"taxonomy":"product_brand","embeddable":true,"href":"https:\/\/www.multicasa.com.br\/inicio\/wp-json\/wp\/v2\/product_brand?post=17932"},{"taxonomy":"product_cat","embeddable":true,"href":"https:\/\/www.multicasa.com.br\/inicio\/wp-json\/wp\/v2\/product_cat?post=17932"},{"taxonomy":"product_tag","embeddable":true,"href":"https:\/\/www.multicasa.com.br\/inicio\/wp-json\/wp\/v2\/product_tag?post=17932"}],"curies":[{"name":"wp","href":"https:\/\/api.w.org\/{rel}","templated":true}]}}