{"id":17933,"date":"2025-06-20T19:26:01","date_gmt":"2025-06-20T23:26:01","guid":{"rendered":"https:\/\/www.multicasa.com.br\/inicio\/?post_type=product&#038;p=17933"},"modified":"2025-06-20T19:26:56","modified_gmt":"2025-06-20T23:26:56","slug":"adaptador-p3-macho-x-2-p2-femea-fone-microfone-xcell","status":"publish","type":"product","link":"https:\/\/www.multicasa.com.br\/inicio\/produto\/adaptador-p3-macho-x-2-p2-femea-fone-microfone-xcell\/","title":{"rendered":"Adaptador P3 Macho x 2 P2 F\u00eamea Fone + Microfone XCell"},"content":{"rendered":"<p>O adaptador P3 macho x 2 P2 f\u00eamea com fone e microfone XCell pode ser plugado em celulares, tablets, notebooks, consoles de v\u00eddeogames Playstation 4, Xbox One e outros dispositivos. Ideal para voc\u00ea usar seu headset em qualquer entrada P2, converte entrada individual 3.5 mm stereo Jack para dual 3.5 mm stereo. Entrada com 2 plugues P2 f\u00eamea (2 linhas) e sa\u00edda com 1 plugue P3 macho (3 linhas).<\/p>\n","protected":false},"excerpt":{"rendered":"<h4 style=\"margin: 0px;padding: 0px 0px 16px;font-family: Lato, sans-serif;font-weight: bold;line-height: 3rem;color: var(--dark-grey3);font-size: 22px;font-style: normal;letter-spacing: normal;text-align: start;text-indent: 0px;text-transform: none\">Informa\u00e7\u00f5es t\u00e9cnicas<\/h4>\n<p><span style=\"margin: 0px;padding: 0px;font-weight: 450;font-size: 14px;line-height: 21px;color: var(--dark-grey2);font-family: Lato, sans-serif;font-style: normal;letter-spacing: normal;text-align: start;text-indent: 0px;text-transform: none\">Produto: Adaptador<br \/>\nMarca: Xcell<br \/>\nCor: Preto<br \/>\nCaracter\u00edsticas: Converte individual 3.5mm est\u00e9reo jack para dual 3.5mm est\u00e9reo<br \/>\n2 plugues f\u00eamea P2 (2 linhas)<br \/>\n1 plugue macho P3 (3 linhas)<br \/>\nCompat\u00edvel com smartphone\/celular\/tablet notebook\/consoles playstation 4\/xbox one<br \/>\nItens inclusos: 1 Adaptador<\/span><\/p>\n","protected":false},"featured_media":17996,"template":"","meta":{"_joinchat":[]},"product_brand":[],"product_cat":[130],"product_tag":[],"class_list":{"0":"post-17933","1":"product","2":"type-product","3":"status-publish","4":"has-post-thumbnail","6":"product_cat-informatica","8":"first","9":"outofstock","10":"shipping-taxable","11":"product-type-simple"},"_links":{"self":[{"href":"https:\/\/www.multicasa.com.br\/inicio\/wp-json\/wp\/v2\/product\/17933","targetHints":{"allow":["GET"]}}],"collection":[{"href":"https:\/\/www.multicasa.com.br\/inicio\/wp-json\/wp\/v2\/product"}],"about":[{"href":"https:\/\/www.multicasa.com.br\/inicio\/wp-json\/wp\/v2\/types\/product"}],"wp:featuredmedia":[{"embeddable":true,"href":"https:\/\/www.multicasa.com.br\/inicio\/wp-json\/wp\/v2\/media\/17996"}],"wp:attachment":[{"href":"https:\/\/www.multicasa.com.br\/inicio\/wp-json\/wp\/v2\/media?parent=17933"}],"wp:term":[{"taxonomy":"product_brand","embeddable":true,"href":"https:\/\/www.multicasa.com.br\/inicio\/wp-json\/wp\/v2\/product_brand?post=17933"},{"taxonomy":"product_cat","embeddable":true,"href":"https:\/\/www.multicasa.com.br\/inicio\/wp-json\/wp\/v2\/product_cat?post=17933"},{"taxonomy":"product_tag","embeddable":true,"href":"https:\/\/www.multicasa.com.br\/inicio\/wp-json\/wp\/v2\/product_tag?post=17933"}],"curies":[{"name":"wp","href":"https:\/\/api.w.org\/{rel}","templated":true}]}}