{"id":17935,"date":"2025-06-20T19:26:01","date_gmt":"2025-06-20T23:26:01","guid":{"rendered":"https:\/\/www.multicasa.com.br\/inicio\/?post_type=product&#038;p=17935"},"modified":"2026-04-22T11:30:58","modified_gmt":"2026-04-22T15:30:58","slug":"gancho-porta-vassoura-scotch-brite-adesivo-3m","status":"publish","type":"product","link":"https:\/\/www.multicasa.com.br\/inicio\/produto\/gancho-porta-vassoura-scotch-brite-adesivo-3m\/","title":{"rendered":"Gancho Porta Vassoura Scotch Brite Adesivo 3M"},"content":{"rendered":"<p>O Gancho Porta Vassoura Scotch Brite Adesivo 3M \u00e9 perfeito para quem quer organizar rodos ou vassouras. Confeccionado em polipropileno, PVC e haste de ferro. Suporta at\u00e9 3,5kg e \u00e9 fixado na parede por adesivo \u00e0 base de borracha sint\u00e9tica e liner protetor. Pr\u00e1tico e f\u00e1cil de instalar.<\/p>\n","protected":false},"excerpt":{"rendered":"<h4 style=\"margin: 0px;padding: 0px 0px 16px;font-family: Lato, sans-serif;font-weight: bold;line-height: 3rem;color: var(--dark-grey3);font-size: 22px;font-style: normal;letter-spacing: normal;text-align: start;text-indent: 0px;text-transform: none\">Informa\u00e7\u00f5es t\u00e9cnicas<\/h4>\n<p><span style=\"margin: 0px;padding: 0px;font-weight: 450;font-size: 14px;line-height: 21px;color: var(--dark-grey2);font-family: Lato, sans-serif;font-style: normal;letter-spacing: normal;text-align: start;text-indent: 0px;text-transform: none\">Produto: Suporte para vassoura<br \/>\nMarca: 3M<br \/>\nMaterial: Polipropileno<br \/>\nPVC<br \/>\nHaste de ferro<br \/>\nBorracha sint\u00e9tica<br \/>\nCor: Branco<br \/>\nCaracter\u00edsticas: Suporta at\u00e9 3,5kg<br \/>\nFixa\u00e7\u00e3o por adesivo<br \/>\nPossui espa\u00e7o para uma vassoura<br \/>\nItens Inclusos: 1 suporte para vassoura<br \/>\nDimens\u00f5es do produto (A X L): 9,5 x 5cm<br \/>\n<\/span><\/p>\n","protected":false},"featured_media":18000,"template":"","meta":{"_joinchat":[]},"product_brand":[],"product_cat":[96],"product_tag":[],"class_list":{"0":"post-17935","1":"product","2":"type-product","3":"status-publish","4":"has-post-thumbnail","6":"product_cat-limpeza-e-cia","8":"first","9":"instock","10":"shipping-taxable","11":"purchasable","12":"product-type-simple"},"_links":{"self":[{"href":"https:\/\/www.multicasa.com.br\/inicio\/wp-json\/wp\/v2\/product\/17935","targetHints":{"allow":["GET"]}}],"collection":[{"href":"https:\/\/www.multicasa.com.br\/inicio\/wp-json\/wp\/v2\/product"}],"about":[{"href":"https:\/\/www.multicasa.com.br\/inicio\/wp-json\/wp\/v2\/types\/product"}],"wp:featuredmedia":[{"embeddable":true,"href":"https:\/\/www.multicasa.com.br\/inicio\/wp-json\/wp\/v2\/media\/18000"}],"wp:attachment":[{"href":"https:\/\/www.multicasa.com.br\/inicio\/wp-json\/wp\/v2\/media?parent=17935"}],"wp:term":[{"taxonomy":"product_brand","embeddable":true,"href":"https:\/\/www.multicasa.com.br\/inicio\/wp-json\/wp\/v2\/product_brand?post=17935"},{"taxonomy":"product_cat","embeddable":true,"href":"https:\/\/www.multicasa.com.br\/inicio\/wp-json\/wp\/v2\/product_cat?post=17935"},{"taxonomy":"product_tag","embeddable":true,"href":"https:\/\/www.multicasa.com.br\/inicio\/wp-json\/wp\/v2\/product_tag?post=17935"}],"curies":[{"name":"wp","href":"https:\/\/api.w.org\/{rel}","templated":true}]}}