{"id":17956,"date":"2025-06-20T19:26:24","date_gmt":"2025-06-20T23:26:24","guid":{"rendered":"https:\/\/www.multicasa.com.br\/inicio\/?post_type=product&#038;p=17956"},"modified":"2025-08-18T04:24:02","modified_gmt":"2025-08-18T08:24:02","slug":"capa-para-tabua-de-passar-em-algodao-lenox-455cmx134m","status":"publish","type":"product","link":"https:\/\/www.multicasa.com.br\/inicio\/produto\/capa-para-tabua-de-passar-em-algodao-lenox-455cmx134m\/","title":{"rendered":"Capa para T\u00e1bua de Passar em Algod\u00e3o Lenox 45,5cmx1,34m"},"content":{"rendered":"<p>Mais facilidade e conforto na hora de passar roupas. Feita em 100% de algod\u00e3o, a Capa para T\u00e1bua de Passar da Lenox \u00e9 ideal para preservar o seu utens\u00edlio e deixar a tarefa de passar roupas mais pr\u00e1tica e \u00e1gil. T\u00e9rmica, possui fixa\u00e7\u00e3o por el\u00e1stico para que n\u00e3o escape e resiste a longos per\u00edodos com o ferro em altas temperaturas. Mede 45,5cm x 1,34m.<\/p>\n","protected":false},"excerpt":{"rendered":"<h4 style=\"margin: 0px;padding: 0px 0px 16px;font-family: Lato, sans-serif;font-weight: bold;line-height: 3rem;color: var(--dark-grey3);font-size: 22px;font-style: normal;letter-spacing: normal;text-align: start;text-indent: 0px;text-transform: none\">Informa\u00e7\u00f5es t\u00e9cnicas<\/h4>\n<p><span style=\"margin: 0px;padding: 0px;font-weight: 450;font-size: 14px;line-height: 21px;color: var(--dark-grey2);font-family: Lato, sans-serif;font-style: normal;letter-spacing: normal;text-align: start;text-indent: 0px;text-transform: none\">Produto: Capa para T\u00e1bua de Passar<br \/>\nMarca: Lenox<br \/>\nMaterial: Algod\u00e3o<br \/>\nCor: Branco<br \/>\nItens Inclusos: 1 Capa para t\u00e1bua de passar<br \/>\nDimens\u00f5es do produto (L x P): 1,34m x 45,5cm<\/span><\/p>\n","protected":false},"featured_media":18006,"template":"","meta":{"_joinchat":[]},"product_brand":[],"product_cat":[95],"product_tag":[],"class_list":{"0":"post-17956","1":"product","2":"type-product","3":"status-publish","4":"has-post-thumbnail","6":"product_cat-lavanderia","8":"first","9":"instock","10":"shipping-taxable","11":"purchasable","12":"product-type-simple"},"_links":{"self":[{"href":"https:\/\/www.multicasa.com.br\/inicio\/wp-json\/wp\/v2\/product\/17956","targetHints":{"allow":["GET"]}}],"collection":[{"href":"https:\/\/www.multicasa.com.br\/inicio\/wp-json\/wp\/v2\/product"}],"about":[{"href":"https:\/\/www.multicasa.com.br\/inicio\/wp-json\/wp\/v2\/types\/product"}],"wp:featuredmedia":[{"embeddable":true,"href":"https:\/\/www.multicasa.com.br\/inicio\/wp-json\/wp\/v2\/media\/18006"}],"wp:attachment":[{"href":"https:\/\/www.multicasa.com.br\/inicio\/wp-json\/wp\/v2\/media?parent=17956"}],"wp:term":[{"taxonomy":"product_brand","embeddable":true,"href":"https:\/\/www.multicasa.com.br\/inicio\/wp-json\/wp\/v2\/product_brand?post=17956"},{"taxonomy":"product_cat","embeddable":true,"href":"https:\/\/www.multicasa.com.br\/inicio\/wp-json\/wp\/v2\/product_cat?post=17956"},{"taxonomy":"product_tag","embeddable":true,"href":"https:\/\/www.multicasa.com.br\/inicio\/wp-json\/wp\/v2\/product_tag?post=17956"}],"curies":[{"name":"wp","href":"https:\/\/api.w.org\/{rel}","templated":true}]}}