{"id":17957,"date":"2025-06-20T19:26:24","date_gmt":"2025-06-20T23:26:24","guid":{"rendered":"https:\/\/www.multicasa.com.br\/inicio\/?post_type=product&#038;p=17957"},"modified":"2025-06-20T19:27:07","modified_gmt":"2025-06-20T23:27:07","slug":"lampada-fluorescente-luz-negra-3u-taschibra-26w-127v","status":"publish","type":"product","link":"https:\/\/www.multicasa.com.br\/inicio\/produto\/lampada-fluorescente-luz-negra-3u-taschibra-26w-127v\/","title":{"rendered":"L\u00e2mpada Fluorescente Luz Negra 3U Taschibra 26W &#8211; 127V"},"content":{"rendered":"<p>Deixe sua festa, balada ou vitrine mais atraente com a l\u00e2mpada fluorescente de luz negra da Taschibra. A luz ultravioleta real\u00e7a objetos de cor branca e de cores neon. Al\u00e9m disso, tamb\u00e9m ajuda na hora de verificar papel moeda, tickets e ingressos. Economiza at\u00e9 75% de energia, tem 26w de pot\u00eancia e 127v. Compat\u00edvel com soquete E27.<\/p>\n","protected":false},"excerpt":{"rendered":"<h4 style=\"margin: 0px;padding: 0px 0px 16px;font-family: Lato, sans-serif;font-weight: bold;line-height: 3rem;color: var(--dark-grey3);font-size: 22px;font-style: normal;letter-spacing: normal;text-align: start;text-indent: 0px;text-transform: none\">Informa\u00e7\u00f5es t\u00e9cnicas<\/h4>\n<p><span style=\"margin: 0px;padding: 0px;font-weight: 450;font-size: 14px;line-height: 21px;color: var(--dark-grey2);font-family: Lato, sans-serif;font-style: normal;letter-spacing: normal;text-align: start;text-indent: 0px;text-transform: none\">Produto: L\u00e2mpada<br \/>\nMarca: Taschibra<br \/>\nModelo: Luz Negra 3U<br \/>\nMaterial: Vidro<br \/>\nCor: Preta<br \/>\nCor da Luz: Preta<br \/>\nPot\u00eancia: 26w<br \/>\nTens\u00e3o El\u00e9trica: 127v<br \/>\nFrequ\u00eancia: 50\/60HZ<br \/>\nCaracter\u00edsticas: Soquete E27<br \/>\nFluorescente<br \/>\nVida \u00datil 6000H<br \/>\nItens Inclusos: 1 L\u00e2mpada<br \/>\nDimens\u00f5es do produto (A X L): 17 x 4,8cm<br \/>\n<\/span><\/p>\n","protected":false},"featured_media":18008,"template":"","meta":{"_joinchat":[]},"product_brand":[],"product_cat":[80],"product_tag":[],"class_list":{"0":"post-17957","1":"product","2":"type-product","3":"status-publish","4":"has-post-thumbnail","6":"product_cat-lampadas","8":"first","9":"outofstock","10":"shipping-taxable","11":"product-type-simple"},"_links":{"self":[{"href":"https:\/\/www.multicasa.com.br\/inicio\/wp-json\/wp\/v2\/product\/17957","targetHints":{"allow":["GET"]}}],"collection":[{"href":"https:\/\/www.multicasa.com.br\/inicio\/wp-json\/wp\/v2\/product"}],"about":[{"href":"https:\/\/www.multicasa.com.br\/inicio\/wp-json\/wp\/v2\/types\/product"}],"wp:featuredmedia":[{"embeddable":true,"href":"https:\/\/www.multicasa.com.br\/inicio\/wp-json\/wp\/v2\/media\/18008"}],"wp:attachment":[{"href":"https:\/\/www.multicasa.com.br\/inicio\/wp-json\/wp\/v2\/media?parent=17957"}],"wp:term":[{"taxonomy":"product_brand","embeddable":true,"href":"https:\/\/www.multicasa.com.br\/inicio\/wp-json\/wp\/v2\/product_brand?post=17957"},{"taxonomy":"product_cat","embeddable":true,"href":"https:\/\/www.multicasa.com.br\/inicio\/wp-json\/wp\/v2\/product_cat?post=17957"},{"taxonomy":"product_tag","embeddable":true,"href":"https:\/\/www.multicasa.com.br\/inicio\/wp-json\/wp\/v2\/product_tag?post=17957"}],"curies":[{"name":"wp","href":"https:\/\/api.w.org\/{rel}","templated":true}]}}