{"id":17983,"date":"2025-06-20T19:26:47","date_gmt":"2025-06-20T23:26:47","guid":{"rendered":"https:\/\/www.multicasa.com.br\/inicio\/?post_type=product&#038;p=17983"},"modified":"2025-06-20T19:27:28","modified_gmt":"2025-06-20T23:27:28","slug":"trena-chaveiro-de-aco-vonder-2m","status":"publish","type":"product","link":"https:\/\/www.multicasa.com.br\/inicio\/produto\/trena-chaveiro-de-aco-vonder-2m\/","title":{"rendered":"Trena Chaveiro de A\u00e7o Vonder 2m"},"content":{"rendered":"<p>A Trena Chaveiro Vonder possui metragem de at\u00e9 2m e \u00e9 ideal para levar para onde quiser e aferir medidas com maior exatid\u00e3o. Com sistema de trava por bot\u00e3o e classe de precis\u00e3o III, voc\u00ea ir\u00e1 conseguir ter praticidade e primor na hora de conferir seus projetos e trabalhos. Acabamento da fita brilhante com revestimento pintado e caixa da trena de pl\u00e1stico. O produto ideal para pendurar na bolsa e ter sempre que precisar.<\/p>\n","protected":false},"excerpt":{"rendered":"<h4 style=\"margin: 0px;padding: 0px 0px 16px;font-family: Lato, sans-serif;font-weight: bold;line-height: 3rem;color: var(--dark-grey3);font-size: 22px;font-style: normal;letter-spacing: normal;text-align: start;text-indent: 0px;text-transform: none\">Informa\u00e7\u00f5es t\u00e9cnicas<\/h4>\n<p><span style=\"margin: 0px;padding: 0px;font-weight: 450;font-size: 14px;line-height: 21px;color: var(--dark-grey2);font-family: Lato, sans-serif;font-style: normal;letter-spacing: normal;text-align: start;text-indent: 0px;text-transform: none\"><br \/>\nProduto: Trena<br \/>\nTipo: Chaveiro<br \/>\nMarca: Vonder<br \/>\nMaterial: A\u00e7o<br \/>\nCorpo em Abs<br \/>\nAcabamento: Brilhante<br \/>\nCor: Amarelo e preto<br \/>\nCaracter\u00edsticas: Bot\u00e3o de trava<br \/>\nClasse III de precis\u00e3o<br \/>\nDimens\u00f5es do produto (L X C): 6,0mm x 2m<\/span><\/p>\n","protected":false},"featured_media":18033,"template":"","meta":{"_joinchat":[]},"product_brand":[],"product_cat":[137],"product_tag":[],"class_list":{"0":"post-17983","1":"product","2":"type-product","3":"status-publish","4":"has-post-thumbnail","6":"product_cat-ferramentas-manuais","8":"first","9":"outofstock","10":"shipping-taxable","11":"product-type-simple"},"_links":{"self":[{"href":"https:\/\/www.multicasa.com.br\/inicio\/wp-json\/wp\/v2\/product\/17983","targetHints":{"allow":["GET"]}}],"collection":[{"href":"https:\/\/www.multicasa.com.br\/inicio\/wp-json\/wp\/v2\/product"}],"about":[{"href":"https:\/\/www.multicasa.com.br\/inicio\/wp-json\/wp\/v2\/types\/product"}],"wp:featuredmedia":[{"embeddable":true,"href":"https:\/\/www.multicasa.com.br\/inicio\/wp-json\/wp\/v2\/media\/18033"}],"wp:attachment":[{"href":"https:\/\/www.multicasa.com.br\/inicio\/wp-json\/wp\/v2\/media?parent=17983"}],"wp:term":[{"taxonomy":"product_brand","embeddable":true,"href":"https:\/\/www.multicasa.com.br\/inicio\/wp-json\/wp\/v2\/product_brand?post=17983"},{"taxonomy":"product_cat","embeddable":true,"href":"https:\/\/www.multicasa.com.br\/inicio\/wp-json\/wp\/v2\/product_cat?post=17983"},{"taxonomy":"product_tag","embeddable":true,"href":"https:\/\/www.multicasa.com.br\/inicio\/wp-json\/wp\/v2\/product_tag?post=17983"}],"curies":[{"name":"wp","href":"https:\/\/api.w.org\/{rel}","templated":true}]}}